{"id":15175,"date":"2022-01-31T16:42:46","date_gmt":"2022-01-31T19:42:46","guid":{"rendered":"https:\/\/www.sociales.unlz.edu.ar\/?page_id=15175"},"modified":"2026-02-02T12:51:49","modified_gmt":"2026-02-02T15:51:49","slug":"calendario-academico-2026","status":"publish","type":"page","link":"https:\/\/www.sociales.unlz.edu.ar\/index.php\/calendario-academico-2026\/","title":{"rendered":"Calendario Acad\u00e9mico 2026"},"content":{"rendered":"<p>[vc_row][vc_column][vc_column_text]<\/p>\n<p style=\"padding-left: 40px;\">[\/vc_column_text][\/vc_column][\/vc_row][vc_row][vc_column][vc_column_text]<\/p>\n<h5><b>CALENDARIO ACAD\u00c9MICO\u00a0 PRIMER SEMESTRE\u00a0 2026<\/b><\/h5>\n<h5><b>DICIEMBRE 2025<\/b><\/h5>\n<h5><span style=\"font-weight: 400;\">23\/12 \u00a0 Inscripci\u00f3n <\/span><b>Curso de Verano<\/b><\/h5>\n<h5><b>\u00a0<\/b><\/h5>\n<h5><b>FEBRERO \u00a0 &#8211; MARZO<\/b><\/h5>\n<h5><span style=\"font-weight: 400;\">2\/02\u00a0 al\u00a0 7\/03\u00a0 \u00a0 <\/span><b>Curso de Verano<\/b><\/h5>\n<h5><span style=\"font-weight: 400;\">9\/03\u00a0 \u00a0 \u00a0 \u00a0 \u00a0 \u00a0 \u00a0 \u00a0 \u00a0 \u00a0 \u00daltimo plazo cierre de actas de regularidad <\/span><b>Curso de verano<\/b><\/h5>\n<h5><span style=\"font-weight: 400;\">11 \u00a0 y\u00a0 12\/ 02 \u00a0 \u00a0 \u00a0 \u00a0 \u00a0 Inscripci\u00f3n a <b>ex\u00e1menes finales<\/b> <\/span><\/h5>\n<h5><b><span style=\"font-weight: 400;\">18\/02\u00a0 al\u00a0 3\/03<\/span>\u00a0 \u00a0 \u00a0 \u00a0 Ex\u00e1menes finales <\/b><b><i>\u00a0<\/i><\/b><\/h5>\n<h5><span style=\"font-weight: 400;\">4\/03 \u00a0 \u00a0 \u00a0 \u00a0 \u00a0 \u00a0 \u00a0 \u00a0 \u00a0 \u00a0 \u00a0 \u00a0 \u00daltimo plazo cierre de actas de <b>ex\u00e1menes finales<\/b> \u00a0<\/span><\/h5>\n<h5><strong><span style=\"font-weight: 400;\">11 y 12\/ 03\u00a0 \u00a0 \u00a0 Inscripci\u00f3n a materias <\/span><b>Primer cuatrimestre<\/b> <\/strong><\/h5>\n<h5><span style=\"font-weight: 400;\"> \u00a025\/03\u00a0 \u00a0 \u00a0 \u00a0 \u00a0 \u00a0 \u00a0 Inicio <b>Primer Cuatrimestre<\/b><\/span><span style=\"font-weight: 400;\">\u00a0\u00a0<\/span><\/h5>\n<h5><\/h5>\n<p>&nbsp;<\/p>\n<h5><b>ABRIL- MAYO\u00a0<\/b><\/h5>\n<h5><\/h5>\n<p>&nbsp;<\/p>\n<h5><b>Solicitud de tr\u00e1mites<\/b><span style=\"font-weight: 400;\">: Cambios de carrera, Simultaneidades\u00a0 de carreras.<\/span><\/h5>\n<h5><\/h5>\n<h5><span style=\"font-weight: 400;\">6 y 7<\/span> <span style=\"font-weight: 400;\">\/05 \u00a0 \u00a0 \u00a0 \u00a0 \u00a0 \u00a0 \u00a0 Inscripci\u00f3n a ex\u00e1menes <\/span><b>finales\u00a0 intermedios<\/b><\/h5>\n<h5><span style=\"font-weight: 400;\">11 al 16\/05\u00a0 \u00a0 \u00a0 \u00a0 \u00a0 \u00a0 Ex\u00e1menes <\/span><b>finales Intermedios<\/b><\/h5>\n<h5><span style=\"font-weight: 400;\">18\/05 \u00a0 \u00a0 \u00a0 \u00a0 \u00a0 \u00a0 \u00a0 \u00a0 \u00a0 \u00a0 \u00daltimo plazo cierre de actas de ex\u00e1menes <\/span><b>finales intermedios<\/b><\/h5>\n<h5><\/h5>\n<p>&nbsp;<\/p>\n<h5><b>JULIO\u00a0<\/b><\/h5>\n<h5><span style=\"font-weight: 400;\">4\/07<\/span><b> \u00a0 \u00a0 \u00a0 \u00a0 \u00a0 \u00a0 \u00a0 \u00a0 \u00a0 \u00a0 Finalizaci\u00f3n Primer Cuatrimestre<\/b><span style=\"font-weight: 400;\">\u00a0\u00a0<\/span><\/h5>\n<h5><span style=\"font-weight: 400;\">6\/07\u00a0 \u00a0 \u00a0 \u00a0 \u00a0 \u00a0 \u00a0 \u00a0 \u00a0 \u00a0 \u00daltimo plazo <\/span><b>cierre de actas de regularidad<\/b><span style=\"font-weight: 400;\"> primer cuatrimestre<\/span><\/h5>\n<h5><span style=\"font-weight: 400;\">\u00a0<\/span><\/h5>\n<p>[\/vc_column_text][vc_column_text]<\/p>\n<h5><strong>DURANTE TODO EL CICLO LECTIVO <\/strong><\/h5>\n<h5>Solicitud de <strong>REINCORPORACIONES<\/strong> <strong>AUTOM\u00c1TICAS <\/strong>\u00a0para cursar materias y\/o para rendir ex\u00e1menes finales: hasta 30 d\u00edas antes del per\u00edodo de inscripci\u00f3n a materias o ex\u00e1menes finales.<\/h5>\n<h5>Solicitud de <strong>REINCORPORACIONES POR EXPEDIENTE <\/strong>para cursar materias en:<\/h5>\n<h5>Primer cuatrimestre: los alumnos deber\u00e1n rendir coloquio hasta las mesas de ex\u00e1menes finales de diciembre del a\u00f1o anterior.<\/h5>\n<h5>Segundo cuatrimestre: deber\u00e1 rendir coloquio hasta las mesas de ex\u00e1menes finales de\u00a0 mayo.<\/h5>\n<p>[\/vc_column_text][\/vc_column][\/vc_row][vc_row][vc_column][vc_column_text][\/vc_column_text][\/vc_column][\/vc_row]<\/p>\n","protected":false},"excerpt":{"rendered":"<p>[vc_row][vc_column][vc_column_text] [\/vc_column_text][\/vc_column][\/vc_row][vc_row][vc_column][vc_column_text] CALENDARIO ACAD\u00c9MICO\u00a0 PRIMER SEMESTRE\u00a0 2026 DICIEMBRE 2025 23\/12 \u00a0 Inscripci\u00f3n Curso de Verano \u00a0&#8230;<\/p>\n","protected":false},"author":8,"featured_media":18309,"parent":0,"menu_order":0,"comment_status":"closed","ping_status":"closed","template":"","meta":{"footnotes":""},"class_list":["post-15175","page","type-page","status-publish","has-post-thumbnail","hentry"],"_links":{"self":[{"href":"https:\/\/www.sociales.unlz.edu.ar\/index.php\/wp-json\/wp\/v2\/pages\/15175","targetHints":{"allow":["GET"]}}],"collection":[{"href":"https:\/\/www.sociales.unlz.edu.ar\/index.php\/wp-json\/wp\/v2\/pages"}],"about":[{"href":"https:\/\/www.sociales.unlz.edu.ar\/index.php\/wp-json\/wp\/v2\/types\/page"}],"author":[{"embeddable":true,"href":"https:\/\/www.sociales.unlz.edu.ar\/index.php\/wp-json\/wp\/v2\/users\/8"}],"replies":[{"embeddable":true,"href":"https:\/\/www.sociales.unlz.edu.ar\/index.php\/wp-json\/wp\/v2\/comments?post=15175"}],"version-history":[{"count":65,"href":"https:\/\/www.sociales.unlz.edu.ar\/index.php\/wp-json\/wp\/v2\/pages\/15175\/revisions"}],"predecessor-version":[{"id":25414,"href":"https:\/\/www.sociales.unlz.edu.ar\/index.php\/wp-json\/wp\/v2\/pages\/15175\/revisions\/25414"}],"wp:featuredmedia":[{"embeddable":true,"href":"https:\/\/www.sociales.unlz.edu.ar\/index.php\/wp-json\/wp\/v2\/media\/18309"}],"wp:attachment":[{"href":"https:\/\/www.sociales.unlz.edu.ar\/index.php\/wp-json\/wp\/v2\/media?parent=15175"}],"curies":[{"name":"wp","href":"https:\/\/api.w.org\/{rel}","templated":true}]}}