{"id":15171,"date":"2022-01-31T16:37:12","date_gmt":"2022-01-31T19:37:12","guid":{"rendered":"https:\/\/www.sociales.unlz.edu.ar\/?page_id=15171"},"modified":"2025-12-22T16:05:48","modified_gmt":"2025-12-22T19:05:48","slug":"calendario-academico-ingreso-2026","status":"publish","type":"page","link":"https:\/\/www.sociales.unlz.edu.ar\/index.php\/calendario-academico-ingreso-2026\/","title":{"rendered":"Calendario Acad\u00e9mico Ingreso 2026"},"content":{"rendered":"<p>[vc_row][vc_column][vc_column_text]<\/p>\n<h5><b>CALENDARIO INGRESO 2026<\/b><\/h5>\n<p><strong>PREINSCRIPCI\u00d3N\u00a0 (SIU- Guaran\u00ed)\u00a0<\/strong><\/p>\n<p><span style=\"font-weight: 400;\">Del\u00a0 10 al 14 de noviembre 2025<\/span><\/p>\n<p><strong>CONFIRMACI\u00d3N\u00a0 PREINSCRIPCI\u00d3N <\/strong><span style=\"font-weight: 400;\">\u00a0\u00a017, 18, 20, 27 y 28 de noviembre<\/span><\/p>\n<p><span style=\"font-weight: 400;\">INFORMACI\u00d3N sobre turnos, d\u00edas\u00a0 y comisiones CURSO DE INGRESO\u00a0<\/span><\/p>\n<p><span style=\"font-weight: 400;\">A partir del 17 de diciembre 2025<\/span><\/p>\n<p><strong>CURSO DE INGRESO<\/strong><\/p>\n<p><span style=\"font-weight: 400;\">\u00a0Del 2 de febrero\u00a0 al 6 de marzo <\/span><\/p>\n<p><strong>\u00daltimo plazo de entrega de certificado de t\u00edtulo en tr\u00e1mite\u00a0para quienes presentaron certificado de alumno regular\u00a0 10 de marzo<\/strong><\/p>\n<p><strong>INSCRIPCI\u00d3N A MATERIA PRIMER CUATRIMESTRE\u00a0 (SIU- Guaran\u00ed)\u00a0<\/strong><\/p>\n<p><span style=\"font-weight: 400;\">18\u00a0 DE MARZO <\/span><\/p>\n<p><strong>INICIO PRIMER CUATRIMESTRE\u00a0\u00a0<\/strong><\/p>\n<p><span style=\"font-weight: 400;\">30 de marzo <\/span><\/p>\n<p><strong>INSCRIPCI\u00d3N DEFINITIVA, presentaci\u00f3n de la documentaci\u00f3n, armado de legajos.\u00a0<\/strong><\/p>\n<p><span style=\"font-weight: 400;\">ABRIL 2026 <\/span><\/p>\n<p>&nbsp;<\/p>\n<h5><strong>Las actividades acad\u00e9micas restantes se encuentran detalladas en el<span style=\"color: #003366;\"> Calendario Acad\u00e9mico general.<\/span><\/strong><\/h5>\n<p>[\/vc_column_text][\/vc_column][\/vc_row]<\/p>\n","protected":false},"excerpt":{"rendered":"<p>[vc_row][vc_column][vc_column_text] CALENDARIO INGRESO 2026 PREINSCRIPCI\u00d3N\u00a0 (SIU- Guaran\u00ed)\u00a0 Del\u00a0 10 al 14 de noviembre 2025 CONFIRMACI\u00d3N\u00a0 PREINSCRIPCI\u00d3N&#8230;<\/p>\n","protected":false},"author":8,"featured_media":18309,"parent":0,"menu_order":0,"comment_status":"closed","ping_status":"closed","template":"","meta":{"footnotes":""},"class_list":["post-15171","page","type-page","status-publish","has-post-thumbnail","hentry"],"_links":{"self":[{"href":"https:\/\/www.sociales.unlz.edu.ar\/index.php\/wp-json\/wp\/v2\/pages\/15171","targetHints":{"allow":["GET"]}}],"collection":[{"href":"https:\/\/www.sociales.unlz.edu.ar\/index.php\/wp-json\/wp\/v2\/pages"}],"about":[{"href":"https:\/\/www.sociales.unlz.edu.ar\/index.php\/wp-json\/wp\/v2\/types\/page"}],"author":[{"embeddable":true,"href":"https:\/\/www.sociales.unlz.edu.ar\/index.php\/wp-json\/wp\/v2\/users\/8"}],"replies":[{"embeddable":true,"href":"https:\/\/www.sociales.unlz.edu.ar\/index.php\/wp-json\/wp\/v2\/comments?post=15171"}],"version-history":[{"count":23,"href":"https:\/\/www.sociales.unlz.edu.ar\/index.php\/wp-json\/wp\/v2\/pages\/15171\/revisions"}],"predecessor-version":[{"id":25372,"href":"https:\/\/www.sociales.unlz.edu.ar\/index.php\/wp-json\/wp\/v2\/pages\/15171\/revisions\/25372"}],"wp:featuredmedia":[{"embeddable":true,"href":"https:\/\/www.sociales.unlz.edu.ar\/index.php\/wp-json\/wp\/v2\/media\/18309"}],"wp:attachment":[{"href":"https:\/\/www.sociales.unlz.edu.ar\/index.php\/wp-json\/wp\/v2\/media?parent=15171"}],"curies":[{"name":"wp","href":"https:\/\/api.w.org\/{rel}","templated":true}]}}