{"id":14981,"date":"2021-12-15T12:49:55","date_gmt":"2021-12-15T15:49:55","guid":{"rendered":"https:\/\/www.sociales.unlz.edu.ar\/?page_id=14981"},"modified":"2023-02-07T11:38:02","modified_gmt":"2023-02-07T14:38:02","slug":"padron-definitivo-curso-de-ingreso2022","status":"publish","type":"page","link":"https:\/\/www.sociales.unlz.edu.ar\/index.php\/padron-definitivo-curso-de-ingreso2022\/","title":{"rendered":"Padr\u00f3n definitivo &#8211; Curso de Ingreso 2023"},"content":{"rendered":"<p>[vc_row][vc_column][vc_column_text]<\/p>\n<h3><strong>Padr\u00f3n Definitivo Ingreso 2023<\/strong><\/h3>\n<h4><strong>A continuaci\u00f3n se publica el Padr\u00f3n definitivo y los d\u00edas de cursada presencial por grupo para el curso de ingreso 2023, que <\/strong><strong>se desarrollar\u00e1 del 01\/02 al 06\/03\/2023 en los turnos ma\u00f1ana (9 a 12 hs), tarde (14 a 17 hs), y noche (18 a 21 hs).<\/strong><\/h4>\n<h4><strong>Adem\u00e1s de las clases presenciales, el curso incluye actividades obligatorias en modalidad virtual a trav\u00e9s de la plataforma Google Classroom.<\/strong><\/h4>\n<h5>El env\u00edo de los accesos a Google Classroom para el Curso de Ingreso 2023 se realizar\u00e1 v\u00eda mail entre el 19 y el 23 de diciembre del corriente a\u00f1o. No ser\u00e1n tenidos en cuenta los mails o mensajes\u00a0 en redes sociales con consultas o reclamos realizados sobre este tema, hasta tanto finalice el proceso antes mencionado.<\/h5>\n<h5>Si no te llega el correo electr\u00f3nico en el per\u00edodo establecido\u00a0 y figur\u00e1s en el padr\u00f3n de preinscriptos para el Curso de Ingreso, te recomendamos revisar el correo no deseado o spam antes de enviar una consulta.<\/h5>\n<h5>A continuaci\u00f3n podr\u00e1s acceder a instructivos para UNIRTE al Google Classroom y quedar en condiciones de comenzar a cursar a partir del 1 de febrero de 2023 el curso de ingreso. En los pr\u00f3ximos d\u00edas se ir\u00e1 incorporando informaci\u00f3n al Classroom.<\/h5>\n<h5>En esta primera instancia, lo m\u00e1s importante es que puedas UNIRTE.<\/h5>\n<h4><strong>ACLARACI\u00d3N:<\/strong><\/h4>\n<h4><strong>Si no figuras en el padr\u00f3n y realizaste el Paso 2 en la Facultad, escrib\u00ed a <a href=\"mailto:ingreso2023@sociales.unlz.edu.ar\">ingreso2023@sociales.unlz.edu.ar<\/a> enviando foto de la planilla de preinscripci\u00f3n firmada y sellada por el personal de la facultad hasta el 21\/12<\/strong><\/h4>\n<h4><strong>IMPORTANTE<\/strong>: la inscripci\u00f3n al Ciclo Lectivo 2023 finaliz\u00f3 en noviembre del a\u00f1o pasado. Quienes deseen inscribirse a una carrera de grado en nuestra Facultad deber\u00e1n hacerlo en las fechas estipuladas para el pr\u00f3ximo ciclo 2024.<\/h4>\n<p>[\/vc_column_text]<div class=\"\"><a  id=\"btn-69efc2ebea4ff\" class=\"btn btn-filled btn-dark btn-rounded  ti-check-box  btn-sm-sm\" href= \"https:\/\/www.sociales.unlz.edu.ar\/wp-content\/uploads\/2022\/12\/Padron-definitivo-Ingreso-2023.pdf\" target=\"_self\" >PADR\u00d3N DEFINITIVO<\/a><\/div><div class=\"\"><a  id=\"btn-69efc2ebea52c\" class=\"btn btn-filled btn-dark btn-rounded  ti-pin  btn-sm-sm\" href= \"https:\/\/www.sociales.unlz.edu.ar\/wp-content\/uploads\/2022\/12\/Comisiones-GRUPO-A.pdf\" target=\"_self\" >COMISIONES Y AULAS - GRUPO A<\/a><\/div><div class=\"\"><a  id=\"btn-69efc2ebea541\" class=\"btn btn-filled btn-dark btn-rounded  ti-pin  btn-sm-sm\" href= \"https:\/\/www.sociales.unlz.edu.ar\/wp-content\/uploads\/2022\/12\/Comisiones-GRUPO-B.pdf\" target=\"_self\" >COMISIONES Y AULAS - GRUPO B<\/a><\/div><div class=\"\"><a  id=\"btn-69efc2ebea551\" class=\"btn btn-filled btn-dark btn-rounded  ti-announcement  btn-sm-sm\" href= \"https:\/\/www.sociales.unlz.edu.ar\/index.php\/ingreso-2022\/\" target=\"_self\" >ENVIO DE GOOGLE CLASSROOM E INSTRUCTIVO<\/a><\/div>[\/vc_column][\/vc_row]<\/p>\n","protected":false},"excerpt":{"rendered":"<p>[vc_row][vc_column][vc_column_text] Padr\u00f3n Definitivo Ingreso 2023 A continuaci\u00f3n se publica el Padr\u00f3n definitivo y los d\u00edas de&#8230;<\/p>\n","protected":false},"author":8,"featured_media":17818,"parent":0,"menu_order":0,"comment_status":"closed","ping_status":"closed","template":"","meta":{"footnotes":""},"class_list":["post-14981","page","type-page","status-publish","has-post-thumbnail","hentry"],"_links":{"self":[{"href":"https:\/\/www.sociales.unlz.edu.ar\/index.php\/wp-json\/wp\/v2\/pages\/14981","targetHints":{"allow":["GET"]}}],"collection":[{"href":"https:\/\/www.sociales.unlz.edu.ar\/index.php\/wp-json\/wp\/v2\/pages"}],"about":[{"href":"https:\/\/www.sociales.unlz.edu.ar\/index.php\/wp-json\/wp\/v2\/types\/page"}],"author":[{"embeddable":true,"href":"https:\/\/www.sociales.unlz.edu.ar\/index.php\/wp-json\/wp\/v2\/users\/8"}],"replies":[{"embeddable":true,"href":"https:\/\/www.sociales.unlz.edu.ar\/index.php\/wp-json\/wp\/v2\/comments?post=14981"}],"version-history":[{"count":36,"href":"https:\/\/www.sociales.unlz.edu.ar\/index.php\/wp-json\/wp\/v2\/pages\/14981\/revisions"}],"predecessor-version":[{"id":20785,"href":"https:\/\/www.sociales.unlz.edu.ar\/index.php\/wp-json\/wp\/v2\/pages\/14981\/revisions\/20785"}],"wp:featuredmedia":[{"embeddable":true,"href":"https:\/\/www.sociales.unlz.edu.ar\/index.php\/wp-json\/wp\/v2\/media\/17818"}],"wp:attachment":[{"href":"https:\/\/www.sociales.unlz.edu.ar\/index.php\/wp-json\/wp\/v2\/media?parent=14981"}],"curies":[{"name":"wp","href":"https:\/\/api.w.org\/{rel}","templated":true}]}}