{"id":14684,"date":"2021-11-04T13:45:15","date_gmt":"2021-11-04T16:45:15","guid":{"rendered":"https:\/\/www.sociales.unlz.edu.ar\/?page_id=14684"},"modified":"2021-11-11T12:19:07","modified_gmt":"2021-11-11T15:19:07","slug":"deportivo-conurbanae","status":"publish","type":"page","link":"https:\/\/www.sociales.unlz.edu.ar\/index.php\/deportivo-conurbanae\/","title":{"rendered":"DEPORTIVO CONURBANA"},"content":{"rendered":"<p>Una nueva producci\u00f3n de nuestra radio con toda la actualidad sobre los clubes y deportes amateurs de la regi\u00f3n.\u00a0Con la conducci\u00f3n de Leonardo Reula, Micaela Lugones y Matias Cala<\/p>\n<p>Todos los mi\u00e9rcoles a las 17 hs.<\/p>\n<p>&nbsp;<\/p>\n<p><strong>ESCUCH\u00c1 LOS PROGRAMAS EMITIDOS<\/strong><\/p>\n<p>En el\u00a0<strong>programa N\u00ba8,\u00a0<\/strong>entrevista a\u00a0<strong>Fernando Mosquera, <\/strong>coordinar de Futsal Banfield, hace un balance sobre este a\u00f1o y nos cuenta las expectativas de cara al 2022. Y\u00a0la participaci\u00f3n del docente Mauro Lo Coco en el &#8220;Rinc\u00f3n Literario&#8221;.<\/p>\n<p><iframe id=\"audio_78078059\" style=\"border: 1px solid #EEE; box-sizing: border-box; width: 100%;\" src=\"https:\/\/www.ivoox.com\/player_ej_78078059_4_1.html?c1=0094ff\" height=\"200\" frameborder=\"0\" scrolling=\"no\" allowfullscreen=\"allowfullscreen\"><\/iframe><\/p>\n<p>En el\u00a0<strong>programa N\u00ba7,\u00a0<\/strong>entrevista a <strong>Miguel Paiva<\/strong>, de Los Andes Running Club. y la participaci\u00f3n del docente Pablo Romano en el &#8220;Rinc\u00f3n Literario&#8221;.<\/p>\n<p><iframe id=\"audio_77756021\" style=\"border: 1px solid #EEE; box-sizing: border-box; width: 100%;\" src=\"https:\/\/www.ivoox.com\/player_ej_77756021_4_1.html?c1=0094ff\" height=\"200\" frameborder=\"0\" scrolling=\"no\" allowfullscreen=\"allowfullscreen\"><\/iframe><\/p>\n<p>En el\u00a0<strong>programa N\u00ba6,\u00a0<\/strong>entrevista a Nicolas Riganti, Director T\u00e9cnico en Voley Lanus, nos cuenta sus expectativas de cara a los play-off. Y\u00a0la participaci\u00f3n de la profesora Jimena Mart\u00ednez en el &#8220;Rinc\u00f3n Literario&#8221;.<\/p>\n<p><iframe id=\"audio_77426745\" style=\"border: 1px solid #EEE; box-sizing: border-box; width: 100%;\" src=\"https:\/\/www.ivoox.com\/player_ej_77426745_4_1.html?c1=0094ff\" height=\"200\" frameborder=\"0\" scrolling=\"no\" allowfullscreen=\"allowfullscreen\"><\/iframe><\/p>\n<p>En el\u00a0<strong>programa N\u00ba5,\u00a0<\/strong>entrevista a <strong>Agustin Stella<\/strong>, organizador de la Liga de F\u00fatbol 8 de Twitter Argentina \u00a0Adem\u00e1s, <strong>Federico Brianso<\/strong> entrenador de b\u00e1squet de Gimnasia y Esgrima de Lomas y la participaci\u00f3n de la profesora Cintia Vespa en el &#8220;Rinc\u00f3n Literario&#8221;.<\/p>\n<p><iframe id=\"audio_77107596\" style=\"border: 1px solid #EEE; box-sizing: border-box; width: 100%;\" src=\"https:\/\/www.ivoox.com\/player_ej_77107596_4_1.html?c1=0094ff\" height=\"200\" frameborder=\"0\" scrolling=\"no\" allowfullscreen=\"allowfullscreen\"><\/iframe><\/p>\n<p>En el\u00a0<strong>programa N\u00ba4,\u00a0<\/strong>entrevista a <strong>Martin Trinidad<\/strong>, t\u00e9cnico nacional de patinaje art\u00edstico, nos cuenta todo sobre el Mundial de Pat\u00edn.\u00a0Adem\u00e1s, la participaci\u00f3n del docente Jonathan Habrat en el \u201cRinc\u00f3n Literario\u201d.<\/p>\n<p><iframe id=\"audio_76475879\" style=\"border: 1px solid #EEE; box-sizing: border-box; width: 100%;\" src=\"https:\/\/www.ivoox.com\/player_ej_76475879_4_1.html?c1=0094ff\" height=\"200\" frameborder=\"0\" scrolling=\"no\" allowfullscreen=\"allowfullscreen\"><\/iframe><\/p>\n<p>En el\u00a0<strong>programa N\u00ba3,\u00a0<\/strong>entrevista a<strong> Lucho Dinginna<\/strong>\u00a0entrenador de voley en Club Banfield. la participaci\u00f3n del docente Leonardo Torresi en el \u201cRinc\u00f3n Literario&#8221;.<\/p>\n<p><iframe id=\"audio_76156008\" style=\"border: 1px solid #EEE; box-sizing: border-box; width: 100%;\" src=\"https:\/\/www.ivoox.com\/player_ej_76156008_4_1.html?c1=0094ff\" height=\"200\" frameborder=\"0\" scrolling=\"no\" allowfullscreen=\"allowfullscreen\"><\/iframe><\/p>\n<p>En el\u00a0<strong>programa N\u00ba2,<\/strong>\u00a0entrevista a\u00a0<strong>Roc\u00edo Bel\u00e9n Caballero,\u00a0<\/strong>subsecretaria de Inclusi\u00f3n Deportiva en Lomas Deportes y presidenta de &#8220;Union Hockey del Sur&#8221;<\/p>\n<p><iframe id=\"audio_75843773\" style=\"border: 1px solid #EEE; box-sizing: border-box; width: 100%;\" src=\"https:\/\/www.ivoox.com\/player_ej_75843773_4_1.html?c1=0094ff\" height=\"200\" frameborder=\"0\" scrolling=\"no\" allowfullscreen=\"allowfullscreen\"><\/iframe><\/p>\n<p>En el\u00a0<strong>programa N\u00ba1,\u00a0<\/strong>entrevista a<strong> Emanuel Santoro<\/strong>, ex entrenador de Futsal Banfield, hoy en Cordoba Futsal en Espa\u00f1a.<\/p>\n<p><iframe id=\"audio_75518560\" style=\"border: 1px solid #EEE; box-sizing: border-box; width: 100%;\" src=\"https:\/\/www.ivoox.com\/player_ej_75518560_4_1.html?c1=0094ff\" height=\"200\" frameborder=\"0\" scrolling=\"no\" allowfullscreen=\"allowfullscreen\"><\/iframe><\/p>\n","protected":false},"excerpt":{"rendered":"<p>Una nueva producci\u00f3n de nuestra radio con toda la actualidad sobre los clubes y deportes amateurs&#8230;<\/p>\n","protected":false},"author":8,"featured_media":14693,"parent":0,"menu_order":0,"comment_status":"closed","ping_status":"closed","template":"","meta":{"footnotes":""},"class_list":["post-14684","page","type-page","status-publish","has-post-thumbnail","hentry"],"_links":{"self":[{"href":"https:\/\/www.sociales.unlz.edu.ar\/index.php\/wp-json\/wp\/v2\/pages\/14684","targetHints":{"allow":["GET"]}}],"collection":[{"href":"https:\/\/www.sociales.unlz.edu.ar\/index.php\/wp-json\/wp\/v2\/pages"}],"about":[{"href":"https:\/\/www.sociales.unlz.edu.ar\/index.php\/wp-json\/wp\/v2\/types\/page"}],"author":[{"embeddable":true,"href":"https:\/\/www.sociales.unlz.edu.ar\/index.php\/wp-json\/wp\/v2\/users\/8"}],"replies":[{"embeddable":true,"href":"https:\/\/www.sociales.unlz.edu.ar\/index.php\/wp-json\/wp\/v2\/comments?post=14684"}],"version-history":[{"count":9,"href":"https:\/\/www.sociales.unlz.edu.ar\/index.php\/wp-json\/wp\/v2\/pages\/14684\/revisions"}],"predecessor-version":[{"id":14732,"href":"https:\/\/www.sociales.unlz.edu.ar\/index.php\/wp-json\/wp\/v2\/pages\/14684\/revisions\/14732"}],"wp:featuredmedia":[{"embeddable":true,"href":"https:\/\/www.sociales.unlz.edu.ar\/index.php\/wp-json\/wp\/v2\/media\/14693"}],"wp:attachment":[{"href":"https:\/\/www.sociales.unlz.edu.ar\/index.php\/wp-json\/wp\/v2\/media?parent=14684"}],"curies":[{"name":"wp","href":"https:\/\/api.w.org\/{rel}","templated":true}]}}