{"id":14161,"date":"2021-08-30T12:17:13","date_gmt":"2021-08-30T15:17:13","guid":{"rendered":"https:\/\/www.sociales.unlz.edu.ar\/?page_id=14161"},"modified":"2022-03-28T17:40:31","modified_gmt":"2022-03-28T20:40:31","slug":"reincorporacion-3","status":"publish","type":"page","link":"https:\/\/www.sociales.unlz.edu.ar\/index.php\/reincorporacion-3\/","title":{"rendered":"Reincorporaci\u00f3n"},"content":{"rendered":"<p><span style=\"font-family: verdana, sans-serif;\"><strong>Tr\u00e1mite de reincorporaci\u00f3n<\/strong><\/span><\/p>\n<p>A partir del 28\/3 el tr\u00e1mite de reincorporaci\u00f3n se inicia de manera presencial en el departamento de Alumnos de la Facultad. El horario de atenci\u00f3n es de lunes a viernes de 10 a 19 horas.<\/p>\n<p>Las solicitudes ingresadas antes de la fecha mencionada se resolver\u00e1n en forma virtual.<\/p>\n","protected":false},"excerpt":{"rendered":"<p>Tr\u00e1mite de reincorporaci\u00f3n A partir del 28\/3 el tr\u00e1mite de reincorporaci\u00f3n se inicia de manera presencial&#8230;<\/p>\n","protected":false},"author":5,"featured_media":0,"parent":0,"menu_order":0,"comment_status":"closed","ping_status":"closed","template":"","meta":{"footnotes":""},"class_list":["post-14161","page","type-page","status-publish","hentry"],"_links":{"self":[{"href":"https:\/\/www.sociales.unlz.edu.ar\/index.php\/wp-json\/wp\/v2\/pages\/14161","targetHints":{"allow":["GET"]}}],"collection":[{"href":"https:\/\/www.sociales.unlz.edu.ar\/index.php\/wp-json\/wp\/v2\/pages"}],"about":[{"href":"https:\/\/www.sociales.unlz.edu.ar\/index.php\/wp-json\/wp\/v2\/types\/page"}],"author":[{"embeddable":true,"href":"https:\/\/www.sociales.unlz.edu.ar\/index.php\/wp-json\/wp\/v2\/users\/5"}],"replies":[{"embeddable":true,"href":"https:\/\/www.sociales.unlz.edu.ar\/index.php\/wp-json\/wp\/v2\/comments?post=14161"}],"version-history":[{"count":3,"href":"https:\/\/www.sociales.unlz.edu.ar\/index.php\/wp-json\/wp\/v2\/pages\/14161\/revisions"}],"predecessor-version":[{"id":15700,"href":"https:\/\/www.sociales.unlz.edu.ar\/index.php\/wp-json\/wp\/v2\/pages\/14161\/revisions\/15700"}],"wp:attachment":[{"href":"https:\/\/www.sociales.unlz.edu.ar\/index.php\/wp-json\/wp\/v2\/media?parent=14161"}],"curies":[{"name":"wp","href":"https:\/\/api.w.org\/{rel}","templated":true}]}}