{"id":13811,"date":"2021-07-26T13:26:51","date_gmt":"2021-07-26T16:26:51","guid":{"rendered":"https:\/\/www.sociales.unlz.edu.ar\/?page_id=13811"},"modified":"2021-08-19T13:17:18","modified_gmt":"2021-08-19T16:17:18","slug":"micro-olimpico","status":"publish","type":"page","link":"https:\/\/www.sociales.unlz.edu.ar\/index.php\/micro-olimpico\/","title":{"rendered":"MICRO OL\u00cdMPICO"},"content":{"rendered":"<p>Micro Ol\u00edmpico es una producci\u00f3n especial de Radio Conrbana realizada por Leonardo Reula, Micaela Lugones y Mat\u00edas Cala, quienes son estudiantes de periodismo de la Facultad de Ciencias Sociales de la UNLZ.<\/p>\n<p>Se trata de una cobertura semanal de los Juegos de Tokio 2020 con el foco en los deportistas de la regi\u00f3n que est\u00e1n participando en la competencia.<\/p>\n<p>Todos los lunes a las 12 te invitamos a compartir este panorama sobre los equipos y deportistas argentinos.<\/p>\n<p>&nbsp;<\/p>\n<p><strong>ESCUCH\u00c1 LOS PROGRAMAS EMITIDOS<\/strong><\/p>\n<p><iframe id=\"audio_74155784\" style=\"border: 1px solid #EEE; box-sizing: border-box; width: 100%;\" src=\"https:\/\/ar.ivoox.com\/es\/player_ej_74155784_4_1.html?c1=0094ff\" height=\"200\" frameborder=\"0\" scrolling=\"no\" allowfullscreen=\"allowfullscreen\"><\/iframe><\/p>\n<p><iframe id=\"audio_73868777\" style=\"border: 1px solid #EEE; box-sizing: border-box; width: 100%;\" src=\"https:\/\/ar.ivoox.com\/es\/player_ej_73868777_4_1.html?c1=0094ff\" height=\"200\" frameborder=\"0\" scrolling=\"no\" allowfullscreen=\"allowfullscreen\"><\/iframe><\/p>\n<p><iframe id=\"audio_73593914\" style=\"border: 1px solid #EEE; box-sizing: border-box; width: 100%;\" src=\"https:\/\/ar.ivoox.com\/es\/player_ej_73593914_4_1.html?c1=0094ff\" height=\"200\" frameborder=\"0\" scrolling=\"no\" allowfullscreen=\"allowfullscreen\"><\/iframe><\/p>\n<p><iframe id=\"audio_73293121\" style=\"border: 1px solid #EEE; box-sizing: border-box; width: 100%;\" src=\"https:\/\/ar.ivoox.com\/es\/player_ej_73293121_4_1.html?c1=0094ff\" height=\"200\" frameborder=\"0\" scrolling=\"no\" allowfullscreen=\"allowfullscreen\"><\/iframe><\/p>\n<p><iframe id=\"audio_73286463\" style=\"border: 1px solid #EEE; box-sizing: border-box; width: 100%;\" src=\"https:\/\/ar.ivoox.com\/es\/player_ej_73286463_4_1.html?c1=0094ff\" height=\"200\" frameborder=\"0\" scrolling=\"no\" allowfullscreen=\"allowfullscreen\"><\/iframe><\/p>\n","protected":false},"excerpt":{"rendered":"<p>Micro Ol\u00edmpico es una producci\u00f3n especial de Radio Conrbana realizada por Leonardo Reula, Micaela Lugones y&#8230;<\/p>\n","protected":false},"author":8,"featured_media":13812,"parent":0,"menu_order":0,"comment_status":"closed","ping_status":"closed","template":"","meta":{"footnotes":""},"class_list":["post-13811","page","type-page","status-publish","has-post-thumbnail","hentry"],"_links":{"self":[{"href":"https:\/\/www.sociales.unlz.edu.ar\/index.php\/wp-json\/wp\/v2\/pages\/13811","targetHints":{"allow":["GET"]}}],"collection":[{"href":"https:\/\/www.sociales.unlz.edu.ar\/index.php\/wp-json\/wp\/v2\/pages"}],"about":[{"href":"https:\/\/www.sociales.unlz.edu.ar\/index.php\/wp-json\/wp\/v2\/types\/page"}],"author":[{"embeddable":true,"href":"https:\/\/www.sociales.unlz.edu.ar\/index.php\/wp-json\/wp\/v2\/users\/8"}],"replies":[{"embeddable":true,"href":"https:\/\/www.sociales.unlz.edu.ar\/index.php\/wp-json\/wp\/v2\/comments?post=13811"}],"version-history":[{"count":8,"href":"https:\/\/www.sociales.unlz.edu.ar\/index.php\/wp-json\/wp\/v2\/pages\/13811\/revisions"}],"predecessor-version":[{"id":14081,"href":"https:\/\/www.sociales.unlz.edu.ar\/index.php\/wp-json\/wp\/v2\/pages\/13811\/revisions\/14081"}],"wp:featuredmedia":[{"embeddable":true,"href":"https:\/\/www.sociales.unlz.edu.ar\/index.php\/wp-json\/wp\/v2\/media\/13812"}],"wp:attachment":[{"href":"https:\/\/www.sociales.unlz.edu.ar\/index.php\/wp-json\/wp\/v2\/media?parent=13811"}],"curies":[{"name":"wp","href":"https:\/\/api.w.org\/{rel}","templated":true}]}}