{"id":13359,"date":"2021-05-04T12:25:37","date_gmt":"2021-05-04T15:25:37","guid":{"rendered":"https:\/\/www.sociales.unlz.edu.ar\/?page_id=13359"},"modified":"2021-05-04T12:25:37","modified_gmt":"2021-05-04T15:25:37","slug":"plantel-de-profesionales","status":"publish","type":"page","link":"https:\/\/www.sociales.unlz.edu.ar\/index.php\/plantel-de-profesionales\/","title":{"rendered":"PLANTEL DE PROFESIONALES\u00a0"},"content":{"rendered":"<p>ACEBEDO, Mar\u00eda Graciela<\/p>\n<p>ALMIR\u00d3N, Edith<\/p>\n<p>ALTERA, \u00c1ngela<span class=\"Apple-converted-space\">\u00a0<\/span><\/p>\n<p>ALVARO, Julieta<\/p>\n<p>AMBESI, Mar\u00eda Eva<\/p>\n<p>BARGNIA, Daniela<span class=\"Apple-converted-space\">\u00a0<\/span><\/p>\n<p>BARRAJON, Roc\u00edo<span class=\"Apple-converted-space\">\u00a0<\/span><\/p>\n<p>BERIN, Melina<\/p>\n<p>BERTOLOT, Mar\u00eda del Luj\u00e1n<\/p>\n<p>BONETTI, Natalia<\/p>\n<p>BRUERA, Susana<span class=\"Apple-converted-space\">\u00a0<\/span><\/p>\n<p>CALOTTO, Sof\u00eda<\/p>\n<p>CANCELLO, Micaela<\/p>\n<p>CARBALLO, Alejandra<\/p>\n<p>CASTORINA, Barbara<span class=\"Apple-converted-space\">\u00a0<\/span><\/p>\n<p>CORIGLIANA Lorena<\/p>\n<p>DE MESTRI, Gast\u00f3n<\/p>\n<p>DE LORENZO, Agustina<\/p>\n<p>DESTEFANO, Micaela<\/p>\n<p>EIROS, Ra\u00fal<span class=\"Apple-converted-space\">\u00a0<\/span><\/p>\n<p>ESTRADA, Laura<\/p>\n<p>FIGUEROA, Daniela<\/p>\n<p>FISCINA, Anal\u00eda<\/p>\n<p>FORCINITI, Natalia<\/p>\n<p>FRANCO, Romina<\/p>\n<p>FRIAS, Ver\u00f3nica<\/p>\n<p>GABARRINI, Silvia<\/p>\n<p>GALV\u00c1N, Samira<\/p>\n<p>GINOCCHIO, Liliana<span class=\"Apple-converted-space\">\u00a0<\/span><\/p>\n<p>GRIPONI, Ana<\/p>\n<p>GUARDIA DHERS, Camila<\/p>\n<p>GUASCH Luciana<\/p>\n<p>GUZM\u00c1N, Silvia<span class=\"Apple-converted-space\">\u00a0<\/span><\/p>\n<p>KRAWIEC, Ayl\u00e9n<\/p>\n<p>LABATE, Mar\u00eda de Los \u00c1ngeles<\/p>\n<p>LAMIRAL, Ana Laura<\/p>\n<p>LANDA, Rita<\/p>\n<p>LEDESMA, Gabriela<span class=\"Apple-converted-space\">\u00a0<\/span><\/p>\n<p>LEDESMA, Paola<\/p>\n<p>LEDESMA, Laura<\/p>\n<p>MALDONADO, Mercedes<\/p>\n<p>MARISCAL RIVEROS, Erika<\/p>\n<p>MASUELLI, Nora<\/p>\n<p>MEDINA, Marcela Sonia<\/p>\n<p>MERANI, Graciela<\/p>\n<p>MONSERRAT, Mariana<\/p>\n<p>NADALIN, Victoria<\/p>\n<p>NOCEDA, Dalma<\/p>\n<p>OZAFRAN, Bel\u00e9n<span class=\"Apple-converted-space\">\u00a0<\/span><\/p>\n<p>PARED, Leila Bel\u00e9n<\/p>\n<p>PAV\u00d3N, Gimena<span class=\"Apple-converted-space\">\u00a0<\/span><\/p>\n<p>PINO, Eva<\/p>\n<p>PISANI, Lucrecia<span class=\"Apple-converted-space\">\u00a0<\/span><\/p>\n<p>PONCE, Florencia<\/p>\n<p>ROASIO, Adriana<span class=\"Apple-converted-space\">\u00a0<\/span><\/p>\n<p>ROBLES, Adriana<\/p>\n<p>ROBLES, Sandra<span class=\"Apple-converted-space\">\u00a0<\/span><\/p>\n<p>RODRIGUEZ, Johanna<\/p>\n<p>SAN AGUST\u00cdN, Roc\u00edo<\/p>\n<p>SANCHEZ, Gast\u00f3n<\/p>\n<p>SIRRI, Claudia<\/p>\n<p>SANTESTEBAN HUNTER, Silvia<\/p>\n<p>SPINELLI, Agustina<\/p>\n<p>TOLEDO, Mar\u00eda Eugenia<\/p>\n<p>VALENTE, Carla<\/p>\n<p>VARGA, Noelia<\/p>\n<p>VELAZQUEZ, Miriam<\/p>\n<p>VENDITELLI, Nancy<span class=\"Apple-converted-space\">\u00a0<\/span><\/p>\n<p>VERBAUWEDE, Noelia<\/p>\n<p>VILARDI, Cintia<\/p>\n<p>VILLALBA, Claudia<\/p>\n<p>VILLANUSTRE, Mar\u00eda de la Paz<\/p>\n<p>WIRTZ, Gisela<\/p>\n<p>WALKER, Yanina<\/p>\n<p>ZALAZAR, Evangelina<span class=\"Apple-converted-space\">\u00a0<\/span><\/p>\n<p>ZALAZAR, Luciana<span class=\"Apple-converted-space\">\u00a0<\/span><\/p>\n<p>ZAFFERANO, Priscila<\/p>\n<p>ZARAGOZA, Cecilia<\/p>\n","protected":false},"excerpt":{"rendered":"<p>ACEBEDO, Mar\u00eda Graciela ALMIR\u00d3N, Edith ALTERA, \u00c1ngela\u00a0 ALVARO, Julieta AMBESI, Mar\u00eda Eva BARGNIA, Daniela\u00a0 BARRAJON, Roc\u00edo\u00a0&#8230;<\/p>\n","protected":false},"author":8,"featured_media":0,"parent":0,"menu_order":0,"comment_status":"closed","ping_status":"closed","template":"","meta":{"footnotes":""},"class_list":["post-13359","page","type-page","status-publish","hentry"],"_links":{"self":[{"href":"https:\/\/www.sociales.unlz.edu.ar\/index.php\/wp-json\/wp\/v2\/pages\/13359","targetHints":{"allow":["GET"]}}],"collection":[{"href":"https:\/\/www.sociales.unlz.edu.ar\/index.php\/wp-json\/wp\/v2\/pages"}],"about":[{"href":"https:\/\/www.sociales.unlz.edu.ar\/index.php\/wp-json\/wp\/v2\/types\/page"}],"author":[{"embeddable":true,"href":"https:\/\/www.sociales.unlz.edu.ar\/index.php\/wp-json\/wp\/v2\/users\/8"}],"replies":[{"embeddable":true,"href":"https:\/\/www.sociales.unlz.edu.ar\/index.php\/wp-json\/wp\/v2\/comments?post=13359"}],"version-history":[{"count":1,"href":"https:\/\/www.sociales.unlz.edu.ar\/index.php\/wp-json\/wp\/v2\/pages\/13359\/revisions"}],"predecessor-version":[{"id":13361,"href":"https:\/\/www.sociales.unlz.edu.ar\/index.php\/wp-json\/wp\/v2\/pages\/13359\/revisions\/13361"}],"wp:attachment":[{"href":"https:\/\/www.sociales.unlz.edu.ar\/index.php\/wp-json\/wp\/v2\/media?parent=13359"}],"curies":[{"name":"wp","href":"https:\/\/api.w.org\/{rel}","templated":true}]}}