{"id":12803,"date":"2021-02-03T13:57:37","date_gmt":"2021-02-03T16:57:37","guid":{"rendered":"https:\/\/www.sociales.unlz.edu.ar\/?page_id=12803"},"modified":"2022-12-13T14:43:45","modified_gmt":"2022-12-13T17:43:45","slug":"pasos-para-completar-formulario-de-tp-en-classroom","status":"publish","type":"page","link":"https:\/\/www.sociales.unlz.edu.ar\/index.php\/pasos-para-completar-formulario-de-tp-en-classroom\/","title":{"rendered":"Pasos para completar Formulario de TP en Classroom"},"content":{"rendered":"<ol>\n<li>Formulario completo listo para ENVIAR<\/li>\n<\/ol>\n<p><img fetchpriority=\"high\" decoding=\"async\" class=\"alignnone size-full wp-image-12804\" src=\"https:\/\/www.sociales.unlz.edu.ar\/wp-content\/uploads\/2021\/02\/for1.png\" alt=\"\" width=\"921\" height=\"401\" \/><\/p>\n<p><span style=\"font-weight: 400;\">Una vez que complet\u00f3 el formulario y marc\u00f3 ENVIAR aparece la siguiente pantalla.<\/span><\/p>\n<p>2.\u00a0<span style=\"font-weight: 400;\">Podr\u00e1n ver la puntuaci\u00f3n y las respuestas realizadas o bien abrir la tarea para ver c\u00f3mo qued\u00f3 en classroom.\u00a0<\/span><\/p>\n<p><span style=\"font-weight: 400;\">En el caso de VER PUNTUACI\u00d3N, se abre una nueva pesta\u00f1a en el navegador. Podr\u00e1n volver a esta pantalla porque est\u00e1 aparte.<\/span><\/p>\n<p><img decoding=\"async\" class=\"alignnone wp-image-17942 size-full\" src=\"https:\/\/www.sociales.unlz.edu.ar\/wp-content\/uploads\/2022\/12\/for2.jpg\" alt=\"\" width=\"965\" height=\"397\" srcset=\"https:\/\/www.sociales.unlz.edu.ar\/wp-content\/uploads\/2022\/12\/for2.jpg 965w, https:\/\/www.sociales.unlz.edu.ar\/wp-content\/uploads\/2022\/12\/for2-300x123.jpg 300w, https:\/\/www.sociales.unlz.edu.ar\/wp-content\/uploads\/2022\/12\/for2-768x316.jpg 768w\" sizes=\"(max-width: 965px) 100vw, 965px\" \/><\/p>\n<p><span style=\"font-weight: 400;\">2.a Pantalla que aparece para\u00a0 VER PUNTUACI\u00d3N<\/span><\/p>\n<p><img decoding=\"async\" class=\"alignnone wp-image-17944 size-full\" src=\"https:\/\/www.sociales.unlz.edu.ar\/wp-content\/uploads\/2022\/12\/uh.jpg\" alt=\"\" width=\"1020\" height=\"306\" srcset=\"https:\/\/www.sociales.unlz.edu.ar\/wp-content\/uploads\/2022\/12\/uh.jpg 1020w, https:\/\/www.sociales.unlz.edu.ar\/wp-content\/uploads\/2022\/12\/uh-300x90.jpg 300w, https:\/\/www.sociales.unlz.edu.ar\/wp-content\/uploads\/2022\/12\/uh-768x230.jpg 768w\" sizes=\"(max-width: 1020px) 100vw, 1020px\" \/><\/p>\n<p><span style=\"font-weight: 400;\">2.b Pantalla que aparece cuanto voy a la opci\u00f3n ABRIR TAREA. Ah\u00ed se comprueba que la tarea ya est\u00e1 ENTREGADA.<\/span><\/p>\n<p><img loading=\"lazy\" decoding=\"async\" class=\"alignnone size-full wp-image-12807\" src=\"https:\/\/www.sociales.unlz.edu.ar\/wp-content\/uploads\/2021\/02\/for4.png\" alt=\"\" width=\"988\" height=\"336\" \/><\/p>\n","protected":false},"excerpt":{"rendered":"<p>Formulario completo listo para ENVIAR Una vez que complet\u00f3 el formulario y marc\u00f3 ENVIAR aparece la&#8230;<\/p>\n","protected":false},"author":8,"featured_media":0,"parent":0,"menu_order":0,"comment_status":"closed","ping_status":"closed","template":"","meta":{"footnotes":""},"class_list":["post-12803","page","type-page","status-publish","hentry"],"_links":{"self":[{"href":"https:\/\/www.sociales.unlz.edu.ar\/index.php\/wp-json\/wp\/v2\/pages\/12803","targetHints":{"allow":["GET"]}}],"collection":[{"href":"https:\/\/www.sociales.unlz.edu.ar\/index.php\/wp-json\/wp\/v2\/pages"}],"about":[{"href":"https:\/\/www.sociales.unlz.edu.ar\/index.php\/wp-json\/wp\/v2\/types\/page"}],"author":[{"embeddable":true,"href":"https:\/\/www.sociales.unlz.edu.ar\/index.php\/wp-json\/wp\/v2\/users\/8"}],"replies":[{"embeddable":true,"href":"https:\/\/www.sociales.unlz.edu.ar\/index.php\/wp-json\/wp\/v2\/comments?post=12803"}],"version-history":[{"count":3,"href":"https:\/\/www.sociales.unlz.edu.ar\/index.php\/wp-json\/wp\/v2\/pages\/12803\/revisions"}],"predecessor-version":[{"id":17943,"href":"https:\/\/www.sociales.unlz.edu.ar\/index.php\/wp-json\/wp\/v2\/pages\/12803\/revisions\/17943"}],"wp:attachment":[{"href":"https:\/\/www.sociales.unlz.edu.ar\/index.php\/wp-json\/wp\/v2\/media?parent=12803"}],"curies":[{"name":"wp","href":"https:\/\/api.w.org\/{rel}","templated":true}]}}