{"id":12793,"date":"2021-02-02T12:46:30","date_gmt":"2021-02-02T15:46:30","guid":{"rendered":"https:\/\/www.sociales.unlz.edu.ar\/?page_id=12793"},"modified":"2022-11-22T18:43:40","modified_gmt":"2022-11-22T21:43:40","slug":"preguntas-frecuentes-ingresantes","status":"publish","type":"page","link":"https:\/\/www.sociales.unlz.edu.ar\/index.php\/preguntas-frecuentes-ingresantes\/","title":{"rendered":"Preguntas Frecuentes: Ingresantes"},"content":{"rendered":"<p><em><strong>1. <\/strong><\/em><strong> No pude apuntarme a Classroom \u00bfQu\u00e9 hago?<\/strong><\/p>\n<p>En la p\u00e1gina de la Facultad hay un tutorial. Si persiste el error mandar un mail a cursodeingreso@sociales.unlz.edu.ar<\/p>\n<p><strong>2. \u00bfCu\u00e1ntos TP tengo que entregar para aprobar el curso?<\/strong><br \/>\nDeben entregarse 6 de los 8 TP<\/p>\n<p><strong>3. \u00bfSe recuperan los TP?<\/strong><br \/>\nNo se recuperan.<\/p>\n<p><strong>4. \u00bfCon qu\u00e9 calificaci\u00f3n se aprueban los TPO?<\/strong><br \/>\nLos trabajos se aprueban complet\u00e1ndolos y entreg\u00e1ndolos en el plazo establecido por cada asignatura. Tiempo que ser\u00e1 de<br \/>\nmenos de 24 hs.<\/p>\n<p><strong>5. \u00bfEl material es el mismo para todas las carreras?<\/strong><br \/>\nEn las materias comunes el material es el mismo; En las materias espec\u00edficas es diferente.<\/p>\n<p><strong>6. <\/strong><strong>\u00bfC\u00f3mo me entero si aprob\u00e9 el curso?<\/strong><br \/>\nSe publicar\u00e1 un padr\u00f3n una vez finalizado<\/p>\n<p><strong>7. \u00bfQu\u00e9 pasa si tengo alg\u00fan problema de salud o fuerza mayor?<\/strong><br \/>\nEnvi\u00e1 un mail con certificado m\u00e9dico a cursodeingreso@sociales.unlz.edu.ar<\/p>\n<p><strong>10. \u00bfPor qu\u00e9 no puedo acceder al Siu Guaran\u00ed si estoy haciendo el curso de ingreso?<\/strong><br \/>\nPara acceder al sistema Siu Guaran\u00ed primero se debe aprobar el curso de ingreso y luego realizar la inscripci\u00f3n definitiva<\/p>\n<p><strong>11. Ante alguna consulta sobre el curso de ingreso donde me comunico?<\/strong><br \/>\ncursodeingreso@sociales.unlz.edu.ar<\/p>\n","protected":false},"excerpt":{"rendered":"<p>1. No pude apuntarme a Classroom \u00bfQu\u00e9 hago? En la p\u00e1gina de la Facultad hay un&#8230;<\/p>\n","protected":false},"author":8,"featured_media":0,"parent":0,"menu_order":0,"comment_status":"closed","ping_status":"closed","template":"","meta":{"footnotes":""},"class_list":["post-12793","page","type-page","status-publish","hentry"],"_links":{"self":[{"href":"https:\/\/www.sociales.unlz.edu.ar\/index.php\/wp-json\/wp\/v2\/pages\/12793","targetHints":{"allow":["GET"]}}],"collection":[{"href":"https:\/\/www.sociales.unlz.edu.ar\/index.php\/wp-json\/wp\/v2\/pages"}],"about":[{"href":"https:\/\/www.sociales.unlz.edu.ar\/index.php\/wp-json\/wp\/v2\/types\/page"}],"author":[{"embeddable":true,"href":"https:\/\/www.sociales.unlz.edu.ar\/index.php\/wp-json\/wp\/v2\/users\/8"}],"replies":[{"embeddable":true,"href":"https:\/\/www.sociales.unlz.edu.ar\/index.php\/wp-json\/wp\/v2\/comments?post=12793"}],"version-history":[{"count":4,"href":"https:\/\/www.sociales.unlz.edu.ar\/index.php\/wp-json\/wp\/v2\/pages\/12793\/revisions"}],"predecessor-version":[{"id":17805,"href":"https:\/\/www.sociales.unlz.edu.ar\/index.php\/wp-json\/wp\/v2\/pages\/12793\/revisions\/17805"}],"wp:attachment":[{"href":"https:\/\/www.sociales.unlz.edu.ar\/index.php\/wp-json\/wp\/v2\/media?parent=12793"}],"curies":[{"name":"wp","href":"https:\/\/api.w.org\/{rel}","templated":true}]}}