{"id":12708,"date":"2020-12-21T18:46:23","date_gmt":"2020-12-21T21:46:23","guid":{"rendered":"https:\/\/www.sociales.unlz.edu.ar\/?page_id=12708"},"modified":"2023-12-06T17:42:48","modified_gmt":"2023-12-06T20:42:48","slug":"como-unirte-a-google-classroom-si-contas-con-una-cuenta-de-gmail","status":"publish","type":"page","link":"https:\/\/www.sociales.unlz.edu.ar\/index.php\/como-unirte-a-google-classroom-si-contas-con-una-cuenta-de-gmail\/","title":{"rendered":"\u00bfC\u00f3mo unirte a Google Classroom si cont\u00e1s con una cuenta de Gmail?"},"content":{"rendered":"<p><strong>1.<\/strong> A trav\u00e9s de la cuenta de Gmail que registraron en la Pre-Inscripci\u00f3n, les llegar\u00e1 un correo con el enlace para ingresar a Google Classroom.<\/p>\n<p>&nbsp;<\/p>\n<p><strong><img fetchpriority=\"high\" decoding=\"async\" class=\"alignnone wp-image-20795 size-large\" src=\"https:\/\/www.sociales.unlz.edu.ar\/wp-content\/uploads\/2023\/12\/Agregar-un-titulo-1024x613.png\" alt=\"\" width=\"1024\" height=\"613\" srcset=\"https:\/\/www.sociales.unlz.edu.ar\/wp-content\/uploads\/2023\/12\/Agregar-un-titulo-1024x613.png 1024w, https:\/\/www.sociales.unlz.edu.ar\/wp-content\/uploads\/2023\/12\/Agregar-un-titulo-300x180.png 300w, https:\/\/www.sociales.unlz.edu.ar\/wp-content\/uploads\/2023\/12\/Agregar-un-titulo-768x460.png 768w, https:\/\/www.sociales.unlz.edu.ar\/wp-content\/uploads\/2023\/12\/Agregar-un-titulo.png 1086w\" sizes=\"(max-width: 1024px) 100vw, 1024px\" \/><\/strong><\/p>\n<p><strong>2.<\/strong>\u00a0Cuando ingresen al mail encontrar\u00e1n un bot\u00f3n que dice <strong>\u201cUnirme\u201d<\/strong> al que deber\u00e1n darle click.<\/p>\n<p><img decoding=\"async\" class=\"alignnone wp-image-12632 size-full\" src=\"https:\/\/www.sociales.unlz.edu.ar\/wp-content\/uploads\/2020\/12\/2.jpg\" alt=\"\" width=\"1366\" height=\"768\" \/><\/p>\n<p><strong>3.<\/strong>\u00a0Luego, deber\u00e1n seleccionar la cuenta con la que querr\u00e1n ingresar a la clase (en caso de tener m\u00e1s de una en uso elegir la que registraron en la Pre-Inscripci\u00f3n) y volver a clickear en el bot\u00f3n de <strong>&#8220;Unirme&#8221;<\/strong>. Este los redirigir\u00e1 al aula en Google Classroom. Les pedimos que su nombre de <strong>usuario sea Apellido y Nombre<\/strong> (en ese orden) para una mejor<\/p>\n<p>gesti\u00f3n.<img decoding=\"async\" class=\"alignnone wp-image-12634 size-full\" src=\"https:\/\/www.sociales.unlz.edu.ar\/wp-content\/uploads\/2020\/12\/3.jpg\" alt=\"\" width=\"1366\" height=\"768\" \/><\/p>\n<p><strong>4.<\/strong>\u00a0Una vez que ingresan al Google Classroom les aparecer\u00e1 un<strong>\u00a0&#8220;Tabl\u00f3n&#8221;\u00a0<\/strong>con todas las novedades.<\/p>\n<p>&nbsp;<\/p>\n<p><strong><img loading=\"lazy\" decoding=\"async\" class=\"alignnone wp-image-17933 size-full\" src=\"https:\/\/www.sociales.unlz.edu.ar\/wp-content\/uploads\/2022\/12\/oki-1.png\" alt=\"\" width=\"1024\" height=\"573\" srcset=\"https:\/\/www.sociales.unlz.edu.ar\/wp-content\/uploads\/2022\/12\/oki-1.png 1024w, https:\/\/www.sociales.unlz.edu.ar\/wp-content\/uploads\/2022\/12\/oki-1-300x168.png 300w, https:\/\/www.sociales.unlz.edu.ar\/wp-content\/uploads\/2022\/12\/oki-1-768x430.png 768w\" sizes=\"(max-width: 1024px) 100vw, 1024px\" \/>5.<\/strong>\u00a0En la Pesta\u00f1a <strong>&#8216;Trabajo de Clase&#8217;<\/strong> encontrar\u00e1n toda la informaci\u00f3n necesaria por clase, con los <strong>materiales bibliogr\u00e1ficos<\/strong>, el <strong>link y las claves de acceso a la plataforma Zoom<\/strong>, y las <strong>trabajos pr\u00e1cticos<\/strong> correspondientes. Adem\u00e1s, en la secci\u00f3n<strong> &#8220;Secretar\u00eda Acad\u00e9mica&#8221;<\/strong> podr\u00e1n ver el cronograma del Curso.<\/p>\n<p><img loading=\"lazy\" decoding=\"async\" class=\"alignnone wp-image-12638 size-full\" src=\"https:\/\/www.sociales.unlz.edu.ar\/wp-content\/uploads\/2020\/12\/5.jpg\" alt=\"\" width=\"1366\" height=\"768\" \/><\/p>\n","protected":false},"excerpt":{"rendered":"<p>1. A trav\u00e9s de la cuenta de Gmail que registraron en la Pre-Inscripci\u00f3n, les llegar\u00e1 un&#8230;<\/p>\n","protected":false},"author":8,"featured_media":10842,"parent":0,"menu_order":0,"comment_status":"closed","ping_status":"closed","template":"","meta":{"footnotes":""},"class_list":["post-12708","page","type-page","status-publish","has-post-thumbnail","hentry"],"_links":{"self":[{"href":"https:\/\/www.sociales.unlz.edu.ar\/index.php\/wp-json\/wp\/v2\/pages\/12708","targetHints":{"allow":["GET"]}}],"collection":[{"href":"https:\/\/www.sociales.unlz.edu.ar\/index.php\/wp-json\/wp\/v2\/pages"}],"about":[{"href":"https:\/\/www.sociales.unlz.edu.ar\/index.php\/wp-json\/wp\/v2\/types\/page"}],"author":[{"embeddable":true,"href":"https:\/\/www.sociales.unlz.edu.ar\/index.php\/wp-json\/wp\/v2\/users\/8"}],"replies":[{"embeddable":true,"href":"https:\/\/www.sociales.unlz.edu.ar\/index.php\/wp-json\/wp\/v2\/comments?post=12708"}],"version-history":[{"count":8,"href":"https:\/\/www.sociales.unlz.edu.ar\/index.php\/wp-json\/wp\/v2\/pages\/12708\/revisions"}],"predecessor-version":[{"id":23460,"href":"https:\/\/www.sociales.unlz.edu.ar\/index.php\/wp-json\/wp\/v2\/pages\/12708\/revisions\/23460"}],"wp:featuredmedia":[{"embeddable":true,"href":"https:\/\/www.sociales.unlz.edu.ar\/index.php\/wp-json\/wp\/v2\/media\/10842"}],"wp:attachment":[{"href":"https:\/\/www.sociales.unlz.edu.ar\/index.php\/wp-json\/wp\/v2\/media?parent=12708"}],"curies":[{"name":"wp","href":"https:\/\/api.w.org\/{rel}","templated":true}]}}