{"id":12626,"date":"2020-12-18T10:19:30","date_gmt":"2020-12-18T13:19:30","guid":{"rendered":"https:\/\/www.sociales.unlz.edu.ar\/?page_id=12626"},"modified":"2022-12-14T09:47:42","modified_gmt":"2022-12-14T12:47:42","slug":"ingreso-2022","status":"publish","type":"page","link":"https:\/\/www.sociales.unlz.edu.ar\/index.php\/ingreso-2022\/","title":{"rendered":"Ingreso a Google Classroom"},"content":{"rendered":"<p>[vc_row][vc_column][vc_column_text]El env\u00edo de los accesos a Google Classroom para el Curso de Ingreso 2023 se realizar\u00e1<strong> v\u00eda mail entre el 19 y el 23 de diciembre del corriente a\u00f1o<\/strong>. No ser\u00e1n tenidos en cuenta los mails o mensajes\u00a0 en redes sociales con consultas o<br \/>\nreclamos realizados sobre este tema, hasta tanto finalice el proceso antes mencionado.<\/p>\n<p>Si no te llega el correo electr\u00f3nico en el per\u00edodo establecido\u00a0 y figur\u00e1s en el padr\u00f3n de preinscriptos para el Curso de Ingreso, te recomendamos revisar el correo no deseado o spam antes de enviar una consulta.<\/p>\n<p>A continuaci\u00f3n podr\u00e1s acceder a instructivos para UNIRTE al Google Classroom y quedar en condiciones de comenzar a cursar a partir del 1 de febrero de 2023 el curso de ingreso. En los pr\u00f3ximos d\u00edas se ir\u00e1 incorporando informaci\u00f3n al Classroom.<\/p>\n<p>En esta primera instancia, lo m\u00e1s importante es que puedas UNIRTE.[\/vc_column_text]<div class=\"\"><a  id=\"btn-69efd731a7a89\" class=\"btn btn-filled    btn-sm-sm\" href= \"https:\/\/www.sociales.unlz.edu.ar\/index.php\/como-unirte-a-google-classroom-si-contas-con-una-cuenta-de-gmail\/\" target=\"_self\" >Si cont\u00e1s con una cuenta Gmail<\/a><\/div><div class=\"\"><a  id=\"btn-69efd731a7ab2\" class=\"btn btn-filled    btn-sm-sm\" href= \"https:\/\/www.sociales.unlz.edu.ar\/index.php\/como-unirte-a-google-classroom-si-no-contas-con-una-cuenta-de-gmail\/\" target=\"_self\" >Si NO cont\u00e1s con una cuenta Gmail<\/a><\/div><div class=\"\"><a  id=\"btn-69efd731a7ac8\" class=\"btn btn-filled btn-dark  ti-angle-double-right hvr-push btn-sm-sm\" href= \"https:\/\/www.sociales.unlz.edu.ar\/index.php\/pasos-para-completar-formulario-de-tp-en-classroom\/\" target=\"_self\" >Pasos para completar Formulario de TP en Classroom<\/a><\/div>[\/vc_column][\/vc_row]<\/p>\n","protected":false},"excerpt":{"rendered":"<p>[vc_row][vc_column][vc_column_text]El env\u00edo de los accesos a Google Classroom para el Curso de Ingreso 2023 se realizar\u00e1&#8230;<\/p>\n","protected":false},"author":8,"featured_media":10842,"parent":0,"menu_order":0,"comment_status":"closed","ping_status":"closed","template":"","meta":{"footnotes":""},"class_list":["post-12626","page","type-page","status-publish","has-post-thumbnail","hentry"],"_links":{"self":[{"href":"https:\/\/www.sociales.unlz.edu.ar\/index.php\/wp-json\/wp\/v2\/pages\/12626","targetHints":{"allow":["GET"]}}],"collection":[{"href":"https:\/\/www.sociales.unlz.edu.ar\/index.php\/wp-json\/wp\/v2\/pages"}],"about":[{"href":"https:\/\/www.sociales.unlz.edu.ar\/index.php\/wp-json\/wp\/v2\/types\/page"}],"author":[{"embeddable":true,"href":"https:\/\/www.sociales.unlz.edu.ar\/index.php\/wp-json\/wp\/v2\/users\/8"}],"replies":[{"embeddable":true,"href":"https:\/\/www.sociales.unlz.edu.ar\/index.php\/wp-json\/wp\/v2\/comments?post=12626"}],"version-history":[{"count":27,"href":"https:\/\/www.sociales.unlz.edu.ar\/index.php\/wp-json\/wp\/v2\/pages\/12626\/revisions"}],"predecessor-version":[{"id":17985,"href":"https:\/\/www.sociales.unlz.edu.ar\/index.php\/wp-json\/wp\/v2\/pages\/12626\/revisions\/17985"}],"wp:featuredmedia":[{"embeddable":true,"href":"https:\/\/www.sociales.unlz.edu.ar\/index.php\/wp-json\/wp\/v2\/media\/10842"}],"wp:attachment":[{"href":"https:\/\/www.sociales.unlz.edu.ar\/index.php\/wp-json\/wp\/v2\/media?parent=12626"}],"curies":[{"name":"wp","href":"https:\/\/api.w.org\/{rel}","templated":true}]}}