{"id":12588,"date":"2020-12-11T11:35:30","date_gmt":"2020-12-11T14:35:30","guid":{"rendered":"https:\/\/www.sociales.unlz.edu.ar\/?page_id=12588"},"modified":"2020-12-11T11:35:30","modified_gmt":"2020-12-11T14:35:30","slug":"proceso-de-admision-5","status":"publish","type":"page","link":"https:\/\/www.sociales.unlz.edu.ar\/index.php\/proceso-de-admision-5\/","title":{"rendered":"Proceso de admisi\u00f3n"},"content":{"rendered":"<p><span style=\"font-weight: 400;\">Los interesados en esta carrera podr\u00e1n inscribirse teniendo en cuenta las siguientes instancias:<\/span><\/p>\n<ol>\n<li style=\"font-weight: 400;\"><span style=\"font-weight: 400;\">Pre \u2013 inscripci\u00f3n a trav\u00e9s de formulario online <\/span><a href=\"https:\/\/docs.google.com\/forms\/d\/1xnvL6gOmxWuuZKOpw35PRaHpZy_L1nRwEIpaQfQ6n-s\/edit\"><span style=\"font-weight: 400;\">disponible desde\u00a0<\/span><span style=\"font-weight: 400;\">aqu\u00ed<\/span><\/a><\/li>\n<\/ol>\n<p><strong>2. Presentaci\u00f3n de la documentaci\u00f3n:<\/strong><\/p>\n<ul>\n<li style=\"font-weight: 400;\"><span style=\"font-weight: 400;\">Carta de presentaci\u00f3n dirigida al Sr. Director de la Carrera: Santiago Arag\u00f3n<\/span><\/li>\n<li style=\"font-weight: 400;\"><span style=\"font-weight: 400;\">Copia de documento de identidad.<\/span><\/li>\n<li style=\"font-weight: 400;\"><span style=\"font-weight: 400;\">Copia de t\u00edtulos y\/o certificados anal\u00edticos. Los t\u00edtulos y certificados anal\u00edticos emitidos con anterioridad al 1\u00ba de enero de 2012 deber\u00e1n ser legalizados ante el Ministerio de Educaci\u00f3n y el Ministerio del Interior.<\/span><\/li>\n<li style=\"font-weight: 400;\"><span style=\"font-weight: 400;\">Curr\u00edculum vitae firmado en todas sus hojas en car\u00e1cter de declaraci\u00f3n jurada.<\/span><\/li>\n<li style=\"font-weight: 400;\"><span style=\"font-weight: 400;\">Foto carnet<\/span><\/li>\n<li style=\"font-weight: 400;\"><span style=\"font-weight: 400;\">En el caso se aspirantes extranjeros se aplicar\u00e1 la normativa vigente para el ingreso y permanencia de los mismos en la carrera.<\/span><\/li>\n<\/ul>\n<p><strong>3.Entrevista personal<\/strong><\/p>\n<p><span style=\"font-weight: 400;\">La admisi\u00f3n a la carrera ser\u00e1 comunicada por la Secretar\u00eda de Posgrado de la Facultad de Ciencias Sociales de la Universidad Nacional de Lomas de Zamora.<\/span><\/p>\n<p>&nbsp;<\/p>\n","protected":false},"excerpt":{"rendered":"<p>Los interesados en esta carrera podr\u00e1n inscribirse teniendo en cuenta las siguientes instancias: Pre \u2013 inscripci\u00f3n&#8230;<\/p>\n","protected":false},"author":5,"featured_media":7665,"parent":0,"menu_order":0,"comment_status":"closed","ping_status":"closed","template":"","meta":{"footnotes":""},"class_list":["post-12588","page","type-page","status-publish","has-post-thumbnail","hentry"],"_links":{"self":[{"href":"https:\/\/www.sociales.unlz.edu.ar\/index.php\/wp-json\/wp\/v2\/pages\/12588","targetHints":{"allow":["GET"]}}],"collection":[{"href":"https:\/\/www.sociales.unlz.edu.ar\/index.php\/wp-json\/wp\/v2\/pages"}],"about":[{"href":"https:\/\/www.sociales.unlz.edu.ar\/index.php\/wp-json\/wp\/v2\/types\/page"}],"author":[{"embeddable":true,"href":"https:\/\/www.sociales.unlz.edu.ar\/index.php\/wp-json\/wp\/v2\/users\/5"}],"replies":[{"embeddable":true,"href":"https:\/\/www.sociales.unlz.edu.ar\/index.php\/wp-json\/wp\/v2\/comments?post=12588"}],"version-history":[{"count":1,"href":"https:\/\/www.sociales.unlz.edu.ar\/index.php\/wp-json\/wp\/v2\/pages\/12588\/revisions"}],"predecessor-version":[{"id":12589,"href":"https:\/\/www.sociales.unlz.edu.ar\/index.php\/wp-json\/wp\/v2\/pages\/12588\/revisions\/12589"}],"wp:featuredmedia":[{"embeddable":true,"href":"https:\/\/www.sociales.unlz.edu.ar\/index.php\/wp-json\/wp\/v2\/media\/7665"}],"wp:attachment":[{"href":"https:\/\/www.sociales.unlz.edu.ar\/index.php\/wp-json\/wp\/v2\/media?parent=12588"}],"curies":[{"name":"wp","href":"https:\/\/api.w.org\/{rel}","templated":true}]}}