{"id":12585,"date":"2020-12-11T11:32:34","date_gmt":"2020-12-11T14:32:34","guid":{"rendered":"https:\/\/www.sociales.unlz.edu.ar\/?page_id=12585"},"modified":"2025-09-03T18:06:03","modified_gmt":"2025-09-03T21:06:03","slug":"modalidad-de-cursada-y-aranceles-5","status":"publish","type":"page","link":"https:\/\/www.sociales.unlz.edu.ar\/index.php\/modalidad-de-cursada-y-aranceles-5\/","title":{"rendered":"Modalidad de cursada y aranceles"},"content":{"rendered":"<p><strong>CURSADA<\/strong><\/p>\n<p style=\"font-weight: 400;\">La\u00a0<strong>Maestr\u00eda en Comunicaci\u00f3n<\/strong>\u00a0es una carrera acreditada por CONEAU con t\u00edtulo de validez nacional.<\/p>\n<p style=\"font-weight: 400;\">Tiene una duraci\u00f3n de 2\u00a0\u00a0a\u00f1os (18 seminarios de 8 encuentros cada uno). El primer a\u00f1o corresponde a la\u00a0<a href=\"https:\/\/www.sociales.unlz.edu.ar\/index.php\/especializacion-en-gestion-de-las-comunicaciones-2\/\" data-saferedirecturl=\"https:\/\/www.google.com\/url?q=https:\/\/www.sociales.unlz.edu.ar\/index.php\/especializacion-en-gestion-de-las-comunicaciones-2\/&amp;source=gmail&amp;ust=1756902932281000&amp;usg=AOvVaw3p3jQ5iY_xzQD4R5cc8v9V\">Especializaci\u00f3n en Gesti\u00f3n de las Comunicaciones.<\/a>\u00a0Esta articulaci\u00f3n te permite obtener dos t\u00edtulos de posgrado en dos a\u00f1os de cursada.<\/p>\n<p style=\"font-weight: 400;\">La carrera se desarrolla en modalidad virtual, a trav\u00e9s de clases en Zoom y trabajo en campus virtual. Para su inscripci\u00f3n es requisito contar con t\u00edtulo de carrera de grado de 4 a\u00f1os de duraci\u00f3n.<\/p>\n<p style=\"font-weight: 400;\">Consta de 18 seminarios, de 8 encuentros cada uno. Cada seminario se aprueba con la realizaci\u00f3n de un trabajo final. Para obtener el t\u00edtulo de\u00a0<strong>Magister<\/strong>\u00a0adem\u00e1s debe presentarse y aprobar un Trabajo Final de Maestr\u00eda.<\/p>\n<p><strong>CONTACTO<\/strong><\/p>\n<p><a href=\"mailto:posgradocomunicacion@sociales.unlz.edu.ar\" target=\"_blank\" rel=\"noopener noreferrer\" data-auth=\"NotApplicable\" data-linkindex=\"3\">posgradocomunicacion@sociales.unlz.edu.ar<\/a><\/p>\n","protected":false},"excerpt":{"rendered":"<p>CURSADA La\u00a0Maestr\u00eda en Comunicaci\u00f3n\u00a0es una carrera acreditada por CONEAU con t\u00edtulo de validez nacional. Tiene una&#8230;<\/p>\n","protected":false},"author":5,"featured_media":7665,"parent":0,"menu_order":0,"comment_status":"closed","ping_status":"closed","template":"","meta":{"footnotes":""},"class_list":["post-12585","page","type-page","status-publish","has-post-thumbnail","hentry"],"_links":{"self":[{"href":"https:\/\/www.sociales.unlz.edu.ar\/index.php\/wp-json\/wp\/v2\/pages\/12585","targetHints":{"allow":["GET"]}}],"collection":[{"href":"https:\/\/www.sociales.unlz.edu.ar\/index.php\/wp-json\/wp\/v2\/pages"}],"about":[{"href":"https:\/\/www.sociales.unlz.edu.ar\/index.php\/wp-json\/wp\/v2\/types\/page"}],"author":[{"embeddable":true,"href":"https:\/\/www.sociales.unlz.edu.ar\/index.php\/wp-json\/wp\/v2\/users\/5"}],"replies":[{"embeddable":true,"href":"https:\/\/www.sociales.unlz.edu.ar\/index.php\/wp-json\/wp\/v2\/comments?post=12585"}],"version-history":[{"count":12,"href":"https:\/\/www.sociales.unlz.edu.ar\/index.php\/wp-json\/wp\/v2\/pages\/12585\/revisions"}],"predecessor-version":[{"id":24744,"href":"https:\/\/www.sociales.unlz.edu.ar\/index.php\/wp-json\/wp\/v2\/pages\/12585\/revisions\/24744"}],"wp:featuredmedia":[{"embeddable":true,"href":"https:\/\/www.sociales.unlz.edu.ar\/index.php\/wp-json\/wp\/v2\/media\/7665"}],"wp:attachment":[{"href":"https:\/\/www.sociales.unlz.edu.ar\/index.php\/wp-json\/wp\/v2\/media?parent=12585"}],"curies":[{"name":"wp","href":"https:\/\/api.w.org\/{rel}","templated":true}]}}