{"id":11675,"date":"2020-08-06T17:33:44","date_gmt":"2020-08-06T20:33:44","guid":{"rendered":"https:\/\/www.sociales.unlz.edu.ar\/?page_id=11675"},"modified":"2023-04-21T15:03:07","modified_gmt":"2023-04-21T18:03:07","slug":"preguntas-frecuentes","status":"publish","type":"page","link":"https:\/\/www.sociales.unlz.edu.ar\/index.php\/preguntas-frecuentes\/","title":{"rendered":"Preguntas Frecuentes"},"content":{"rendered":"<p>[vc_row][vc_column][vc_column_text]<\/p>\n<h5><strong>\u00bfQui\u00e9n es un ingresante?<\/strong><br \/>\nUn ingresante es aquel alumno que se encuentra cursando su primer ciclo lectivo en la Facultad, despu\u00e9s de haber realizado, a principios de a\u00f1o, el curso de ingreso.<\/h5>\n<h5><strong>\u00bfQui\u00e9n es un NO ingresante?<\/strong><br \/>\nUn NO ingresante es aquel estudiante que lleva dos o m\u00e1s ciclos lectivos como alumno de la Facultad.<\/h5>\n<h5><strong>\u00bfPuedo anotarme en cualquier materia?<\/strong><br \/>\nSi sos Ingresante no. Los Ingresantes s\u00f3lo deben inscribirse en las materias de primer a\u00f1o que le corresponden seg\u00fan su carrera. La apertura de materias se informar\u00e1 oportunamente por lo canales institucionales.<\/h5>\n<h5><strong>\u00bfQu\u00e9 es el Sistema SIU Guaran\u00ed?<\/strong><br \/>\nEl SIU Guaran\u00ed es un sistema de gesti\u00f3n que registra y administra todas tus actividades acad\u00e9micas de la Facultad. En \u00e9l realizar\u00e1s las inscripciones a materias y\/o ex\u00e1menes finales y podr\u00e1s ver todo tu historial dentro de la instituci\u00f3n.<br \/>\nCada vez que realices una de las acciones anteriormente mencionadas podr\u00e1s descargarte un comprobante. Te recomendamos que siempre lo guardes.<\/h5>\n<h5><strong>\u00bfC\u00f3mo ingreso al Sistema SIU Guaran\u00ed?<\/strong><br \/>\nCada Facultad tiene su propio sistema SIU Guaran\u00ed, por eso siempre ingres\u00e1 a trav\u00e9s de nuestra p\u00e1gina para evitar confusiones. Pod\u00e9s acceder haciendo click <a href=\"https:\/\/servicios.sociales.unlz.edu.ar\/3w\/\">aqu\u00ed<\/a>.<\/h5>\n<h5><strong>\u00bfC\u00f3mo mantengo la condici\u00f3n de Alumno Regular?<\/strong><br \/>\nPara mantener la condici\u00f3n de Alumno Regular deber\u00e1s aprobar al menos dos materias en un ciclo lectivo. El ciclo lectivo se computa de marzo a marzo. Las dos asignaturas tienen que estar aprobadas con final.<\/h5>\n<h5><strong>\u00bfQu\u00e9 tengo que hacer si pierdo la condici\u00f3n de Alumno Regular?<\/strong><br \/>\nSi perdiste la condici\u00f3n de alumno regular, es decir si no aprobaste con final dos materias en el \u00faltimo ciclo lectivo, ten\u00e9s que realizar el tr\u00e1mite de reincorporaci\u00f3n para poder volver a inscribirte para cursar o rendir ex\u00e1menes. El mismo se puede hacer en cualquier momento hasta 30 d\u00edas antes de comenzar el per\u00edodo de inscripci\u00f3n a materias y\/o ex\u00e1menes finales.<\/h5>\n<h5><\/h5>\n<h5><b>\u00bfSi realic\u00e9\u00a0el tr\u00e1mite de reincorporaci\u00f3n soy Ingresante?<\/b><\/h5>\n<h5>No. Sos un NO Ingresante.<\/h5>\n<h5><strong>\u00bfQu\u00e9 per\u00edodo abarca un a\u00f1o lectivo?<\/strong><br \/>\nUn a\u00f1o lectivo se refiere al periodo que va de marzo a marzo.<\/h5>\n<h5><strong>\u00bfQu\u00e9 significa regularizar una materia?<\/strong><br \/>\nUna asignatura se regulariza cuando est\u00e1s inscripto por el sistema y aprob\u00e1s los parciales, trabajos pr\u00e1cticos u otros requisitos que dispone cada c\u00e1tedra. Regularizar una materia te habilita para rendir el examen final.<\/h5>\n<h5><strong>\u00bfEs lo mismo regularizar que aprobar una materia?<\/strong><br \/>\nNo. Regularizar significa que cumpliste con los requisitos que dispuso la c\u00e1tedra, pero te queda pendiente la aprobaci\u00f3n final. Y aprobar una materia es cuando rend\u00eds satisfactoriamente el examen final y el docente te firma la libreta y carga la nota al acta de examen.<\/h5>\n<h5><strong>\u00bfQu\u00e9 significa promocionar una materia?<\/strong><br \/>\nPromocionar una materia significa que aprobaste con m\u00e1s de siete todas las instancias de evaluaci\u00f3n que propone la c\u00e1tedra. La promoci\u00f3n te exime de rendir el examen final aprobando la materia autom\u00e1ticamente. Sin embargo, para que esta figure en las actas, deber\u00e1s anotarte al final m\u00e1s pr\u00f3ximo para que el docente te cargue la nota y te firme la libreta. Aclaraci\u00f3n: no toda las materias son promocionables, algunas requieren final obligatorio.<\/h5>\n<h5><strong>\u00bfQu\u00e9 significa quedar libre en una materia?<\/strong><br \/>\nTe qued\u00e1s libre de una materia cuando no cumpl\u00eds con los requisitos propuestos por la c\u00e1tedra que pueden ser de asistencia a las clases, y de aprobaci\u00f3n de los ex\u00e1menes parciales y\/o trabajos pr\u00e1cticos.<\/h5>\n<h5><strong>\u00bfQu\u00e9 significa que una materia sea correlativa de otra asignatura?<\/strong><br \/>\nUna materia es correlativa de otra cuando es necesario tenerla aprobada o regularizada, seg\u00fan indique el plan de estudio correspondiente a cada carrera, para poder cursar la siguiente.<\/h5>\n<h5><strong>\u00bfPuedo rendir final sin tener las correlativas aprobadas?<\/strong><br \/>\nNo. En el caso de los ex\u00e1menes finales, tambi\u00e9n hay correlatividad a la hora de rendir. Es decir, si no ten\u00e9s firmada la libreta y volcada la nota en el acta que acreditan la aprobaci\u00f3n de una materia, no pod\u00e9s rendir el examen final de la correlativa posterior.<\/h5>\n<h5><strong>\u00bfCu\u00e1nto tiempo tengo para rendir un final?<\/strong><br \/>\nLuego de regularizar una materia ten\u00e9s dos a\u00f1os calendario para poder darla, es decir, un total de siete llamados a final, sin contar los llamados intermedios. Si este tiempo se vence deber\u00e1s volver a cursar la asignatura. No podr\u00e1s recursar la materia si no se vencen los plazos para rendirla.<\/h5>\n<h5><strong>\u00bfCu\u00e1ntos intentos tengo para aprobar un final?<\/strong><br \/>\nNo pod\u00e9s desaprobar un mismo final m\u00e1s de tres veces. En el caso de que esto suceda deber\u00e1s volver a cursar la materia.<\/h5>\n<h5><strong>\u00bfD\u00f3nde consultar si tengo problemas para tramitar el boleto estudiantil y las becas Progresar?<\/strong><\/h5>\n<h5>Si ten\u00e9s inconvenientes para ambos tr\u00e1mites comunicate con la Secretar\u00eda de Asuntos Institucionales en los siguientes mails:<\/h5>\n<h5>* BoletoEstudiantil@sociales.unlz.edu.ar<br \/>\n* BecasProgresar@sociales.unlz.edu.ar<\/h5>\n<h5><strong>Si no figura la nota final en el SIU Guaran\u00ed pero tengo la libreta firmada, \u00bfSe considera como aprobada?<\/strong><br \/>\nNo. Para que una materia sea considerada aprobada si o si debe figurar en el acta y en el SIU Guaran\u00ed. Si ese proceso no est\u00e1 terminado la materia no est\u00e1 aprobada. Cada alumno ser\u00e1 responsable de verificar que las notas se hayan subido al sistema.<\/h5>\n<h5><strong>\u00bfQu\u00e9 sucede si me inscribo a un final y decido no rendirlo?<\/strong><br \/>\nSi te inscrib\u00eds a un final y decid\u00eds no rendirlo se computar\u00e1 como ausente, no como desaprobado.<\/h5>\n<h5><strong>Si me inscribo al primer llamado de final y me va mal \u00bfPuedo darlo en el segundo de esa misma fecha de finales?<\/strong><br \/>\nNo. Deber\u00e1s esperar al pr\u00f3ximo llamado a final e inscribirte nuevamente para volver a intentarlo.<\/h5>\n<h5><strong>Excepci\u00f3n de correlatividades<\/strong><\/h5>\n<h5><strong>\u00bfQu\u00e9 es la Excepci\u00f3n de correlatividades?<br \/>\n<\/strong>Si adeud\u00e1s hasta cuatro asignaturas para terminar la carrera y ten\u00e9s problemas de correlatividades con las mismas, pod\u00e9s solicitar una excepci\u00f3n de correlatividades.<\/h5>\n<h5><strong>\u00bfC\u00f3mo inicias el tr\u00e1mite?<br \/>\n<\/strong>Ten\u00e9s que iniciar el tr\u00e1mite en al \u00c1rea de Alumnos ( <em>alumnos@sociales.unlz.edu.ar<\/em> ). All\u00ed se te informar\u00e1 en cu\u00e1nto tiempo evaluamos tu pedido y as\u00ed pod\u00e9s volver a buscar el resultado de la solicitud. En caso de ser aceptada ya pod\u00e9s abrir un tr\u00e1mite interno por Mesa de Entradas de nuestra Facultad.<\/h5>\n<h5>Es imprescindible que guardes con vos el n\u00famero de Tr\u00e1mite para que puedas seguirlo y saber en qu\u00e9 parte del proceso est\u00e1 cuando lo necesites.<\/h5>\n<h5>Te recordamos que las excepciones de correlatividades son para cursar. No para rendir finales.<\/h5>\n<h5><strong>R\u00e9gimen especial de cursada para estudiantes embarazadas<\/strong><\/h5>\n<h5><strong>\u00bfQu\u00e9 es el R\u00e9gimen Especial de Cursada?<br \/>\n<\/strong>Si est\u00e1s embarazada o en per\u00edodo de lactancia ten\u00e9s derecho a solicitar un r\u00e9gimen especial de cursada para que tengas las mismas posibilidades de continuar tu carrera como los dem\u00e1s estudiantes.<\/h5>\n<h5>Solicitando este r\u00e9gimen vas a poder:<\/h5>\n<h5>-Justificar la totalidad de las inasistencias que tengas debido a tu estado para que no pierdas la regularidad.<\/h5>\n<h5>-Obtener una flexibilizaci\u00f3n de las fechas, dentro de cada cuatrimestre, de los ex\u00e1menes parciales y entregas de Trabajos Pr\u00e1cticos si una prescripci\u00f3n m\u00e9dica te impide asistir a la Facultad.<\/h5>\n<h5>-Acceder a una modalidad especial para los ex\u00e1menes parciales y los trabajos pr\u00e1cticos en el caso de que tu embarazo requiera reposo prolongado por prescripci\u00f3n m\u00e9dica.<\/h5>\n<h5>-Acceder a la pr\u00f3rroga de un a\u00f1o en la regularidad de las materias cursadas al momento de certificar el embarazo.<\/h5>\n<h5>-No perder la condici\u00f3n de alumna regular.<\/h5>\n<h5>-Tener prioridad al presentarte a rendir ex\u00e1menes finales.<\/h5>\n<p>[\/vc_column_text]<div class=\"\"><a  id=\"btn-69f2a45ce9ae8\" class=\"btn btn-filled    btn-sm-sm\" href= \"https:\/\/www.sociales.unlz.edu.ar\/index.php\/preguntas-frecuentes-ingresantes\/\" target=\"_self\" >Preguntas Frecuentes INGRESANTES<\/a><\/div><div class=\"\"><a  id=\"btn-69f2a45ce9b11\" class=\"btn btn-filled    btn-sm-sm\" href= \"https:\/\/www.sociales.unlz.edu.ar\/index.php\/preguntas-frecuentes-siu\/\" target=\"_self\" >Preguntas Frecuentes SIU GUARANI<\/a><\/div>[\/vc_column][\/vc_row]<\/p>\n","protected":false},"excerpt":{"rendered":"<p>[vc_row][vc_column][vc_column_text] \u00bfQui\u00e9n es un ingresante? Un ingresante es aquel alumno que se encuentra cursando su primer&#8230;<\/p>\n","protected":false},"author":8,"featured_media":11178,"parent":0,"menu_order":0,"comment_status":"closed","ping_status":"closed","template":"","meta":{"footnotes":""},"class_list":["post-11675","page","type-page","status-publish","has-post-thumbnail","hentry"],"_links":{"self":[{"href":"https:\/\/www.sociales.unlz.edu.ar\/index.php\/wp-json\/wp\/v2\/pages\/11675","targetHints":{"allow":["GET"]}}],"collection":[{"href":"https:\/\/www.sociales.unlz.edu.ar\/index.php\/wp-json\/wp\/v2\/pages"}],"about":[{"href":"https:\/\/www.sociales.unlz.edu.ar\/index.php\/wp-json\/wp\/v2\/types\/page"}],"author":[{"embeddable":true,"href":"https:\/\/www.sociales.unlz.edu.ar\/index.php\/wp-json\/wp\/v2\/users\/8"}],"replies":[{"embeddable":true,"href":"https:\/\/www.sociales.unlz.edu.ar\/index.php\/wp-json\/wp\/v2\/comments?post=11675"}],"version-history":[{"count":10,"href":"https:\/\/www.sociales.unlz.edu.ar\/index.php\/wp-json\/wp\/v2\/pages\/11675\/revisions"}],"predecessor-version":[{"id":18948,"href":"https:\/\/www.sociales.unlz.edu.ar\/index.php\/wp-json\/wp\/v2\/pages\/11675\/revisions\/18948"}],"wp:featuredmedia":[{"embeddable":true,"href":"https:\/\/www.sociales.unlz.edu.ar\/index.php\/wp-json\/wp\/v2\/media\/11178"}],"wp:attachment":[{"href":"https:\/\/www.sociales.unlz.edu.ar\/index.php\/wp-json\/wp\/v2\/media?parent=11675"}],"curies":[{"name":"wp","href":"https:\/\/api.w.org\/{rel}","templated":true}]}}