{"id":11672,"date":"2020-08-06T17:27:49","date_gmt":"2020-08-06T20:27:49","guid":{"rendered":"https:\/\/www.sociales.unlz.edu.ar\/?page_id=11672"},"modified":"2020-08-07T19:12:50","modified_gmt":"2020-08-07T22:12:50","slug":"regimen-especial-de-cursada-para-estudiantes-embarazadas","status":"publish","type":"page","link":"https:\/\/www.sociales.unlz.edu.ar\/index.php\/regimen-especial-de-cursada-para-estudiantes-embarazadas\/","title":{"rendered":"R\u00e9gimen especial de cursada para estudiantes embarazadas"},"content":{"rendered":"<p><strong>\u00bfQu\u00e9 es el R\u00e9gimen Especial de Cursada?<br \/>\n<\/strong>Si est\u00e1s embarazada o en per\u00edodo de lactancia ten\u00e9s derecho a solicitar un r\u00e9gimen especial de cursada para que tengas las mismas posibilidades de continuar tu carrera como los dem\u00e1s estudiantes.<\/p>\n<p>Solicitando este r\u00e9gimen vas a poder:<\/p>\n<p>-Justificar la totalidad de las inasistencias que tengas debido a tu estado para que no pierdas la regularidad.<\/p>\n<p>-Obtener una flexibilizaci\u00f3n de las fechas, dentro de cada cuatrimestre, de los ex\u00e1menes parciales y entregas de Trabajos Pr\u00e1cticos si una prescripci\u00f3n m\u00e9dica te impide asistir a la Facultad.<\/p>\n<p>-Acceder a una modalidad especial para los ex\u00e1menes parciales y los trabajos pr\u00e1cticos en el caso de que tu embarazo requiera reposo prolongado por prescripci\u00f3n m\u00e9dica.<\/p>\n<p>-Acceder a la pr\u00f3rroga de un a\u00f1o en la regularidad de las materias cursadas al momento de certificar el embarazo.<\/p>\n<p>-No perder la condici\u00f3n de alumna regular.<\/p>\n<p>-Tener prioridad al presentarte a rendir ex\u00e1menes finales.<\/p>\n<p><strong>Para solicitarlo escrib\u00ed a:<\/strong> alumnos@sociales.unlz.edu.ar<\/p>\n","protected":false},"excerpt":{"rendered":"<p>\u00bfQu\u00e9 es el R\u00e9gimen Especial de Cursada? Si est\u00e1s embarazada o en per\u00edodo de lactancia ten\u00e9s&#8230;<\/p>\n","protected":false},"author":5,"featured_media":0,"parent":0,"menu_order":0,"comment_status":"closed","ping_status":"closed","template":"","meta":{"footnotes":""},"class_list":["post-11672","page","type-page","status-publish","hentry"],"_links":{"self":[{"href":"https:\/\/www.sociales.unlz.edu.ar\/index.php\/wp-json\/wp\/v2\/pages\/11672","targetHints":{"allow":["GET"]}}],"collection":[{"href":"https:\/\/www.sociales.unlz.edu.ar\/index.php\/wp-json\/wp\/v2\/pages"}],"about":[{"href":"https:\/\/www.sociales.unlz.edu.ar\/index.php\/wp-json\/wp\/v2\/types\/page"}],"author":[{"embeddable":true,"href":"https:\/\/www.sociales.unlz.edu.ar\/index.php\/wp-json\/wp\/v2\/users\/5"}],"replies":[{"embeddable":true,"href":"https:\/\/www.sociales.unlz.edu.ar\/index.php\/wp-json\/wp\/v2\/comments?post=11672"}],"version-history":[{"count":2,"href":"https:\/\/www.sociales.unlz.edu.ar\/index.php\/wp-json\/wp\/v2\/pages\/11672\/revisions"}],"predecessor-version":[{"id":11750,"href":"https:\/\/www.sociales.unlz.edu.ar\/index.php\/wp-json\/wp\/v2\/pages\/11672\/revisions\/11750"}],"wp:attachment":[{"href":"https:\/\/www.sociales.unlz.edu.ar\/index.php\/wp-json\/wp\/v2\/media?parent=11672"}],"curies":[{"name":"wp","href":"https:\/\/api.w.org\/{rel}","templated":true}]}}