{"id":11668,"date":"2020-08-06T17:24:14","date_gmt":"2020-08-06T20:24:14","guid":{"rendered":"https:\/\/www.sociales.unlz.edu.ar\/?page_id=11668"},"modified":"2021-09-06T19:12:47","modified_gmt":"2021-09-06T22:12:47","slug":"cambio-de-carrera","status":"publish","type":"page","link":"https:\/\/www.sociales.unlz.edu.ar\/index.php\/cambio-de-carrera\/","title":{"rendered":"Cambio de Carrera"},"content":{"rendered":"<p><strong><em>\u00bfC\u00f3mo inici\u00e1s el tr\u00e1mite?<\/em><\/strong><strong><em><br \/>\n<\/em><\/strong>Ten\u00e9s que iniciar el tr\u00e1mite en las fechas establecidas en el <a href=\"https:\/\/www.sociales.unlz.edu.ar\/index.php\/calendario-academico-2021\/\"><u>calendario acad\u00e9mico,<\/u><\/a> completando el siguiente formulario: <a href=\"https:\/\/docs.google.com\/forms\/d\/e\/1FAIpQLSc-y96AENdSOHqfM9yMf32x1X_wLExmlERn0j31wmsnu05m8w\/viewform\">\u00a1CLICK AQU\u00cd!<\/a><\/p>\n<p>Una vez que sea evaluada la solicitud y si la misma cumple con los requisitos de la reglamentaci\u00f3n vigente, se te enviar\u00e1n por mail\u00a0 los pasos a seguir para la apertura del expediente por \u00a0Mesa de Entradas de nuestra Facultad.<\/p>\n<p>Es imprescindible que guardes con vos el n\u00famero de expediente de tu tr\u00e1mite para que puedas seguirlo y saber en qu\u00e9 parte del proceso est\u00e1 cuando lo necesites.<\/p>\n<p><strong>Requisitos<\/strong><strong><br \/>\n<\/strong>Ser alumno\/a regular de la Facultad<\/p>\n<p>Tener el legajo completo.<\/p>\n<p>Tener al menos una materia aprobada en la carrera actual<\/p>\n<p>No haber realizado cambio de carrera en el a\u00f1o anterior<\/p>\n<p>No haber\u00a0 ingresado a la Facultad en el\u00a0 a\u00f1o en curso.<\/p>\n","protected":false},"excerpt":{"rendered":"<p>\u00bfC\u00f3mo inici\u00e1s el tr\u00e1mite? Ten\u00e9s que iniciar el tr\u00e1mite en las fechas establecidas en el calendario&#8230;<\/p>\n","protected":false},"author":8,"featured_media":0,"parent":0,"menu_order":0,"comment_status":"closed","ping_status":"closed","template":"","meta":{"footnotes":""},"class_list":["post-11668","page","type-page","status-publish","hentry"],"_links":{"self":[{"href":"https:\/\/www.sociales.unlz.edu.ar\/index.php\/wp-json\/wp\/v2\/pages\/11668","targetHints":{"allow":["GET"]}}],"collection":[{"href":"https:\/\/www.sociales.unlz.edu.ar\/index.php\/wp-json\/wp\/v2\/pages"}],"about":[{"href":"https:\/\/www.sociales.unlz.edu.ar\/index.php\/wp-json\/wp\/v2\/types\/page"}],"author":[{"embeddable":true,"href":"https:\/\/www.sociales.unlz.edu.ar\/index.php\/wp-json\/wp\/v2\/users\/8"}],"replies":[{"embeddable":true,"href":"https:\/\/www.sociales.unlz.edu.ar\/index.php\/wp-json\/wp\/v2\/comments?post=11668"}],"version-history":[{"count":6,"href":"https:\/\/www.sociales.unlz.edu.ar\/index.php\/wp-json\/wp\/v2\/pages\/11668\/revisions"}],"predecessor-version":[{"id":14226,"href":"https:\/\/www.sociales.unlz.edu.ar\/index.php\/wp-json\/wp\/v2\/pages\/11668\/revisions\/14226"}],"wp:attachment":[{"href":"https:\/\/www.sociales.unlz.edu.ar\/index.php\/wp-json\/wp\/v2\/media?parent=11668"}],"curies":[{"name":"wp","href":"https:\/\/api.w.org\/{rel}","templated":true}]}}