{"id":11666,"date":"2020-08-06T17:20:43","date_gmt":"2020-08-06T20:20:43","guid":{"rendered":"https:\/\/www.sociales.unlz.edu.ar\/?page_id=11666"},"modified":"2021-09-06T19:16:35","modified_gmt":"2021-09-06T22:16:35","slug":"simultaneidad","status":"publish","type":"page","link":"https:\/\/www.sociales.unlz.edu.ar\/index.php\/simultaneidad\/","title":{"rendered":"Simultaneidad"},"content":{"rendered":"<p><strong>\u00bfQu\u00e9 es la Simultaneidad?<br \/>\n<\/strong>El tr\u00e1mite de simultaneidad de carreras es el proceso administrativo que inici\u00e1s para poder cursar dos carreras en simult\u00e1neo en la Facultad de Ciencias Sociales.<\/p>\n<p><strong>\u00bfC\u00f3mo inici\u00e1s el tr\u00e1mite?<\/strong><strong><em><br \/>\n<\/em><\/strong>Ten\u00e9s que iniciar el tr\u00e1mite en las fechas establecidas en el <u><a href=\"https:\/\/www.sociales.unlz.edu.ar\/index.php\/calendario-academico-2021\/\">calendario acad\u00e9mico<\/a>,<\/u> completando el siguiente formulario: <a href=\"https:\/\/docs.google.com\/forms\/d\/e\/1FAIpQLSd7UlPN14zrIRPtF1M2v28oSc3lkVz7diFpKHagsE8zs9b3uw\/viewform\">\u00a1CLICK AQU\u00cd!<\/a><\/p>\n<p>Una vez que sea evaluada la solicitud y si la misma cumple con los requisitos de la reglamentaci\u00f3n vigente, se te enviar\u00e1n por mail\u00a0 los pasos a seguir para la apertura del expediente por \u00a0Mesa de Entradas de nuestra Facultad.<\/p>\n<p>Es imprescindible que guardes con vos el n\u00famero de expediente de tu tr\u00e1mite para que puedas seguirlo y saber en qu\u00e9 parte del proceso est\u00e1 cuando lo necesites.<\/p>\n<p><strong>Requisitos<\/strong><\/p>\n<ul>\n<li>Ser alumno\/a regular de la Facultad<\/li>\n<li>Tener el legajo completo.<\/li>\n<li>Tener aprobado el 50% de las asignaturas del Plan de estudios de la carrera que se encuentra cursando actualmente.<\/li>\n<li>Tener un promedio de calificaciones de 7 (siete) puntos\u00a0 o m\u00e1s.<\/li>\n<li>No haber solicitado m\u00e1s de un cambio de carrera desde su inscripci\u00f3n como alumno a la Facultad.<\/li>\n<li>Haber ingresado a la Facultad (carrera de origen) como m\u00e1ximo hace 5 a\u00f1os.<\/li>\n<li>Tener s\u00f3lo una reincorporaci\u00f3n a lo largo de la carrera.<\/li>\n<\/ul>\n","protected":false},"excerpt":{"rendered":"<p>\u00bfQu\u00e9 es la Simultaneidad? El tr\u00e1mite de simultaneidad de carreras es el proceso administrativo que inici\u00e1s&#8230;<\/p>\n","protected":false},"author":8,"featured_media":0,"parent":0,"menu_order":0,"comment_status":"closed","ping_status":"closed","template":"","meta":{"footnotes":""},"class_list":["post-11666","page","type-page","status-publish","hentry"],"_links":{"self":[{"href":"https:\/\/www.sociales.unlz.edu.ar\/index.php\/wp-json\/wp\/v2\/pages\/11666","targetHints":{"allow":["GET"]}}],"collection":[{"href":"https:\/\/www.sociales.unlz.edu.ar\/index.php\/wp-json\/wp\/v2\/pages"}],"about":[{"href":"https:\/\/www.sociales.unlz.edu.ar\/index.php\/wp-json\/wp\/v2\/types\/page"}],"author":[{"embeddable":true,"href":"https:\/\/www.sociales.unlz.edu.ar\/index.php\/wp-json\/wp\/v2\/users\/8"}],"replies":[{"embeddable":true,"href":"https:\/\/www.sociales.unlz.edu.ar\/index.php\/wp-json\/wp\/v2\/comments?post=11666"}],"version-history":[{"count":8,"href":"https:\/\/www.sociales.unlz.edu.ar\/index.php\/wp-json\/wp\/v2\/pages\/11666\/revisions"}],"predecessor-version":[{"id":14228,"href":"https:\/\/www.sociales.unlz.edu.ar\/index.php\/wp-json\/wp\/v2\/pages\/11666\/revisions\/14228"}],"wp:attachment":[{"href":"https:\/\/www.sociales.unlz.edu.ar\/index.php\/wp-json\/wp\/v2\/media?parent=11666"}],"curies":[{"name":"wp","href":"https:\/\/api.w.org\/{rel}","templated":true}]}}