{"id":11664,"date":"2020-08-06T17:18:08","date_gmt":"2020-08-06T20:18:08","guid":{"rendered":"https:\/\/www.sociales.unlz.edu.ar\/?page_id=11664"},"modified":"2020-09-01T13:52:19","modified_gmt":"2020-09-01T16:52:19","slug":"reincorporacion-2","status":"publish","type":"page","link":"https:\/\/www.sociales.unlz.edu.ar\/index.php\/reincorporacion-2\/","title":{"rendered":"Reincorporaci\u00f3n"},"content":{"rendered":"<p><strong>\u00bfQu\u00e9 es la Reincorporaci\u00f3n?<br \/>\n<\/strong>Si perdiste la regularidad, es decir si no aprobaste dos materias en el \u00faltimo ciclo lectivo, ten\u00e9s que realizar el tr\u00e1mite de reincorporaci\u00f3n para poder volver a cursar o rendir ex\u00e1menes finales.<\/p>\n<p><strong>\u00bfC\u00f3mo inici\u00e1s el tr\u00e1mite?<br \/>\n<\/strong>-Lo inici\u00e1s en el \u00c1rea de Alumnos, en cualquier momento hasta 30 d\u00edas antes de comenzar el per\u00edodo de inscripci\u00f3n a materias y\/o ex\u00e1menes finales.<\/p>\n<p>-\u00c1rea de Alumnos te va a decir en cu\u00e1nto tiempo eval\u00faan tu pedido y as\u00ed pod\u00e9s volver a buscar el resultado de la solicitud. En caso de que te correspondiera reincorporaci\u00f3n por expediente ya podr\u00edas abrirlo por Mesa de Entradas de nuestra Facultad.<\/p>\n<p>-Hay diversas modalidades de reincorporaci\u00f3n, seg\u00fan tu situaci\u00f3n particular:<\/p>\n<p><strong><em>Reincorporaci\u00f3n autom\u00e1tica:<br \/>\n<\/em><\/strong>Te corresponde cuando la interrupci\u00f3n de tus estudios no supera el\u00a0\u00a0tiempo de tres ciclos lectivos o cuando te falten no m\u00e1s de cuatro materias para terminar la carrera (siempre que no hayan transcurrido m\u00e1s de cinco ciclos lectivos). Pod\u00e9s solicitarla hasta tres veces.<\/p>\n<p><strong><em>Reincorporaci\u00f3n con coloquio:<br \/>\n<\/em><\/strong>Te corresponde cuando la interrupci\u00f3n de tus estudios supere el tiempo de tres ciclos lectivos o cuando hayas agotado las tres reincorporaciones autom\u00e1ticas. Tambi\u00e9n te corresponde la reincorporaci\u00f3n con coloquio cuando la duraci\u00f3n de tu carrera supere m\u00e1s del triple de los a\u00f1os previstos. Pod\u00e9s solicitar la reincorporaci\u00f3n con coloquio s\u00f3lo una vez.<\/p>\n<p>El coloquio de reincorporaci\u00f3n es un examen que tiene por objeto actualizar los conocimientos necesarios para la continuaci\u00f3n de los estudios. La Secretar\u00eda Acad\u00e9mica dispondr\u00e1, luego de evaluar tu situaci\u00f3n acad\u00e9mica, sobre cu\u00e1les asignaturas versar\u00e1 el coloquio.<\/p>\n<p><strong><em>Situaci\u00f3n acad\u00e9mica especial:<br \/>\n<\/em><\/strong>Te corresponde cuando hayan transcurrido m\u00e1s de 10 ciclos lectivos desde que perdiste tu condici\u00f3n de alumno regular. O si tu situaci\u00f3n particular no encuadra en las distintas modalidades anteriores.<\/p>\n<h5><strong>Como consecuencia del Aislamiento Social, Preventivo y Obligatorio, dispuesto por el Gobierno nacional, el tr\u00e1mite de reincorporaci\u00f3n se realiza a trav\u00e9s de <a href=\"https:\/\/www.sociales.unlz.edu.ar\/index.php\/reincorporacion\/\">SOCIALES EN L\u00cdNEA<\/a>\u00a0<\/strong><\/h5>\n<p>&nbsp;<\/p>\n","protected":false},"excerpt":{"rendered":"<p>\u00bfQu\u00e9 es la Reincorporaci\u00f3n? Si perdiste la regularidad, es decir si no aprobaste dos materias en&#8230;<\/p>\n","protected":false},"author":5,"featured_media":0,"parent":0,"menu_order":0,"comment_status":"closed","ping_status":"closed","template":"","meta":{"footnotes":""},"class_list":["post-11664","page","type-page","status-publish","hentry"],"_links":{"self":[{"href":"https:\/\/www.sociales.unlz.edu.ar\/index.php\/wp-json\/wp\/v2\/pages\/11664","targetHints":{"allow":["GET"]}}],"collection":[{"href":"https:\/\/www.sociales.unlz.edu.ar\/index.php\/wp-json\/wp\/v2\/pages"}],"about":[{"href":"https:\/\/www.sociales.unlz.edu.ar\/index.php\/wp-json\/wp\/v2\/types\/page"}],"author":[{"embeddable":true,"href":"https:\/\/www.sociales.unlz.edu.ar\/index.php\/wp-json\/wp\/v2\/users\/5"}],"replies":[{"embeddable":true,"href":"https:\/\/www.sociales.unlz.edu.ar\/index.php\/wp-json\/wp\/v2\/comments?post=11664"}],"version-history":[{"count":6,"href":"https:\/\/www.sociales.unlz.edu.ar\/index.php\/wp-json\/wp\/v2\/pages\/11664\/revisions"}],"predecessor-version":[{"id":11988,"href":"https:\/\/www.sociales.unlz.edu.ar\/index.php\/wp-json\/wp\/v2\/pages\/11664\/revisions\/11988"}],"wp:attachment":[{"href":"https:\/\/www.sociales.unlz.edu.ar\/index.php\/wp-json\/wp\/v2\/media?parent=11664"}],"curies":[{"name":"wp","href":"https:\/\/api.w.org\/{rel}","templated":true}]}}