{"id":11659,"date":"2020-08-06T17:15:56","date_gmt":"2020-08-06T20:15:56","guid":{"rendered":"https:\/\/www.sociales.unlz.edu.ar\/?page_id=11659"},"modified":"2021-07-14T19:41:55","modified_gmt":"2021-07-14T22:41:55","slug":"equivalencias","status":"publish","type":"page","link":"https:\/\/www.sociales.unlz.edu.ar\/index.php\/equivalencias\/","title":{"rendered":"Equivalencias"},"content":{"rendered":"<p><strong>\u00bfQu\u00e9 son las equivalencias?<br \/>\n<\/strong>El tr\u00e1mite de equivalencias es el proceso administrativo que pod\u00e9s iniciar para solicitar a la Facultad que se te otorgue por aprobadas las materias que\u00a0ya hayas rendido en \u00e9sta u otra Universidad.<\/p>\n<p><strong>\u00bfC\u00f3mo se realiza el tr\u00e1mite?<\/strong><br \/>\nDeber\u00e1n acercarse a la ventanilla del Departamento de Alumnos para completar las planillas correspondientes con la libreta universitaria y el legajo completo.<\/p>\n<p><strong>Requisitos:<\/strong><\/p>\n<ul>\n<li>Tener al menos <em><strong>una materia aprobada<\/strong><\/em> con final en nuestra Facultad.<\/li>\n<li>Presentar el <strong><em>certificado anal\u00edtico legalizado<\/em><\/strong> por la Universidad, p\u00fablica o privada, en el que conste la aprobaci\u00f3n de la o las materias que est\u00e1s solicitando.<\/li>\n<li>Presentar el <em><strong>plan de estudios de la carrera<\/strong><\/em> que cursabas en otra Facultad o Universidad.<\/li>\n<li>Presentar los\u00a0<strong>programas legalizados<\/strong> por la Universidad de origen de la o las materias aprobadas a pedir como equivalencia.<\/li>\n<\/ul>\n<p>Una vez que iniciaste el tr\u00e1mite, la Secretaria Acad\u00e9mica podr\u00e1 otorgarte autom\u00e1ticamente la equivalencia o podr\u00e1 solicitar el dictamen de la c\u00e1tedra correspondiente.<\/p>\n<p>La equivalencia de contenidos debe ser integral, solo si la diferencia es m\u00ednima y en el caso de que lo requiera, la c\u00e1tedra podr\u00e1 solicitarte que rindas un \u201cColoquio de equivalencia\u201d en fecha establecida por la Secretar\u00eda Acad\u00e9mica y con el contenido que la c\u00e1tedra establezca.<\/p>\n<p><b>Aclaraci\u00f3n<\/b><strong>:<\/strong> En el caso de <strong><em>alumnos recibidos de nuestra Facultad<\/em><\/strong> que vuelvan a ingresar a otra carrera deber\u00e1n presentar el certificado anal\u00edtico final.<\/p>\n<p><strong>Record\u00e1:<\/strong><\/p>\n<ul>\n<li>Para aprobarte la solicitud, cada materia que solicit\u00e1s deber\u00e1 ser equivalente a la que curses en esta Facultad, tanto en su contenido y enfoque como en extensi\u00f3n e intensidad.<\/li>\n<li>Pod\u00e9s solicitar un m\u00e1ximo del 70 por ciento de las materias que componen el Plan de Estudios de la carrera correspondiente.<\/li>\n<li>No se puede pedir equivalencias de Seminarios optativos.<\/li>\n<li>Si sos graduado de esta Facultad y realizaste un nuevo Ingreso ten\u00e9s que solicitar las equivalencias (no as\u00ed si hubieras tramitado antes de concluir tu carrera original la Simultaneidad).<\/li>\n<\/ul>\n<h5><\/h5>\n","protected":false},"excerpt":{"rendered":"<p>\u00bfQu\u00e9 son las equivalencias? El tr\u00e1mite de equivalencias es el proceso administrativo que pod\u00e9s iniciar para&#8230;<\/p>\n","protected":false},"author":8,"featured_media":0,"parent":0,"menu_order":0,"comment_status":"closed","ping_status":"closed","template":"","meta":{"footnotes":""},"class_list":["post-11659","page","type-page","status-publish","hentry"],"_links":{"self":[{"href":"https:\/\/www.sociales.unlz.edu.ar\/index.php\/wp-json\/wp\/v2\/pages\/11659","targetHints":{"allow":["GET"]}}],"collection":[{"href":"https:\/\/www.sociales.unlz.edu.ar\/index.php\/wp-json\/wp\/v2\/pages"}],"about":[{"href":"https:\/\/www.sociales.unlz.edu.ar\/index.php\/wp-json\/wp\/v2\/types\/page"}],"author":[{"embeddable":true,"href":"https:\/\/www.sociales.unlz.edu.ar\/index.php\/wp-json\/wp\/v2\/users\/8"}],"replies":[{"embeddable":true,"href":"https:\/\/www.sociales.unlz.edu.ar\/index.php\/wp-json\/wp\/v2\/comments?post=11659"}],"version-history":[{"count":9,"href":"https:\/\/www.sociales.unlz.edu.ar\/index.php\/wp-json\/wp\/v2\/pages\/11659\/revisions"}],"predecessor-version":[{"id":13769,"href":"https:\/\/www.sociales.unlz.edu.ar\/index.php\/wp-json\/wp\/v2\/pages\/11659\/revisions\/13769"}],"wp:attachment":[{"href":"https:\/\/www.sociales.unlz.edu.ar\/index.php\/wp-json\/wp\/v2\/media?parent=11659"}],"curies":[{"name":"wp","href":"https:\/\/api.w.org\/{rel}","templated":true}]}}