{"id":11658,"date":"2020-08-06T17:28:41","date_gmt":"2020-08-06T20:28:41","guid":{"rendered":"https:\/\/www.sociales.unlz.edu.ar\/?page_id=11658"},"modified":"2022-12-21T12:43:55","modified_gmt":"2022-12-21T15:43:55","slug":"tramites","status":"publish","type":"page","link":"https:\/\/www.sociales.unlz.edu.ar\/index.php\/tramites\/","title":{"rendered":"Tr\u00e1mites"},"content":{"rendered":"<p>[vc_row][vc_column][vc_column_text]<\/p>\n<h4>Todos los tr\u00e1mites se realizan a trav\u00e9s del Departamento de Alumnos de nuestra Facultad de lunes a viernes de 10 a 19 horas. No obstante, ten\u00e9s la posibilidad de realizar algunos de ellos de manera virtual:<\/h4>\n<p>[\/vc_column_text]<div class=\"\"><a  id=\"btn-69d24d0a20a9a\" class=\"btn btn-filled    btn-sm-sm\" href= \"https:\/\/www.sociales.unlz.edu.ar\/index.php\/2021\/09\/07\/cambio-de-carrera\/\" target=\"_self\" >Cambio de Carrera<\/a><\/div><div class=\"\"><a  id=\"btn-69d24d0a20acb\" class=\"btn btn-filled    btn-sm-sm\" href= \"https:\/\/www.sociales.unlz.edu.ar\/index.php\/2021\/04\/21\/certificacion-de-planes-y-programas\/\" target=\"_self\" >Certificaci\u00f3n de Planes y Programas<\/a><\/div><div class=\"\"><a  id=\"btn-69d24d0a20ae2\" class=\"btn btn-filled    btn-sm-sm\" href= \"https:\/\/www.sociales.unlz.edu.ar\/index.php\/certificado-de-alumno-regular-2\/\" target=\"_self\" >CERTIFICADO DE ALUMNO REGULAR<\/a><\/div><div class=\"\"><a  id=\"btn-69d24d0a20af2\" class=\"btn btn-filled    btn-sm-sm\" href= \"https:\/\/www.sociales.unlz.edu.ar\/index.php\/constancia-de-examen\/\" target=\"_self\" >constancia de examen<\/a><\/div><div class=\"\"><a  id=\"btn-69d24d0a20b01\" class=\"btn btn-filled    btn-sm-sm\" href= \"https:\/\/www.sociales.unlz.edu.ar\/index.php\/solicitud-de-inicio-del-tramite-de-equivalencias\/\" target=\"_self\" >Equivalencias<\/a><\/div><div class=\"\"><a  id=\"btn-69d24d0a20b10\" class=\"btn btn-filled    btn-sm-sm\" href= \"https:\/\/www.sociales.unlz.edu.ar\/index.php\/2021\/02\/12\/porcentaje-de-materias-aprobadas\/\" target=\"_self\" >Porcentaje de materias aprobadas<\/a><\/div><div class=\"\"><a  id=\"btn-69d24d0a20b1d\" class=\"btn btn-filled    btn-sm-sm\" href= \"https:\/\/www.sociales.unlz.edu.ar\/index.php\/reincorporaciones-ciclo-lectivo-2023\/\" target=' _blank' >Reincorporaci\u00f3n<\/a><\/div><div class=\"\"><a  id=\"btn-69d24d0a20b2d\" class=\"btn btn-filled    btn-sm-sm\" href= \"https:\/\/www.sociales.unlz.edu.ar\/index.php\/2021\/09\/07\/simultaneidad-de-carreras\/\" target=\"_self\" >Simultaneidad<\/a><\/div><div class=\"\"><a  id=\"btn-69d24d0a20b3a\" class=\"btn btn-filled    btn-sm-sm\" href= \"https:\/\/www.sociales.unlz.edu.ar\/index.php\/solicitud-de-analitico\/\" target=\"_self\" >Solicitud de Anal\u00edtico Parcial<\/a><\/div><div class=\"\"><a  id=\"btn-69d24d0a20b47\" class=\"btn btn-filled    btn-sm-sm\" href= \"https:\/\/www.sociales.unlz.edu.ar\/index.php\/inicio-de-tramite-de-titulo-online\/\" target=\"_self\" >Tr\u00e1mite de T\u00edtulo<\/a><\/div>[\/vc_column][\/vc_row]<\/p>\n","protected":false},"excerpt":{"rendered":"<p>[vc_row][vc_column][vc_column_text] Todos los tr\u00e1mites se realizan a trav\u00e9s del Departamento de Alumnos de nuestra Facultad de&#8230;<\/p>\n","protected":false},"author":5,"featured_media":10843,"parent":0,"menu_order":0,"comment_status":"closed","ping_status":"closed","template":"","meta":{"footnotes":""},"class_list":["post-11658","page","type-page","status-publish","has-post-thumbnail","hentry"],"_links":{"self":[{"href":"https:\/\/www.sociales.unlz.edu.ar\/index.php\/wp-json\/wp\/v2\/pages\/11658","targetHints":{"allow":["GET"]}}],"collection":[{"href":"https:\/\/www.sociales.unlz.edu.ar\/index.php\/wp-json\/wp\/v2\/pages"}],"about":[{"href":"https:\/\/www.sociales.unlz.edu.ar\/index.php\/wp-json\/wp\/v2\/types\/page"}],"author":[{"embeddable":true,"href":"https:\/\/www.sociales.unlz.edu.ar\/index.php\/wp-json\/wp\/v2\/users\/5"}],"replies":[{"embeddable":true,"href":"https:\/\/www.sociales.unlz.edu.ar\/index.php\/wp-json\/wp\/v2\/comments?post=11658"}],"version-history":[{"count":26,"href":"https:\/\/www.sociales.unlz.edu.ar\/index.php\/wp-json\/wp\/v2\/pages\/11658\/revisions"}],"predecessor-version":[{"id":18147,"href":"https:\/\/www.sociales.unlz.edu.ar\/index.php\/wp-json\/wp\/v2\/pages\/11658\/revisions\/18147"}],"wp:featuredmedia":[{"embeddable":true,"href":"https:\/\/www.sociales.unlz.edu.ar\/index.php\/wp-json\/wp\/v2\/media\/10843"}],"wp:attachment":[{"href":"https:\/\/www.sociales.unlz.edu.ar\/index.php\/wp-json\/wp\/v2\/media?parent=11658"}],"curies":[{"name":"wp","href":"https:\/\/api.w.org\/{rel}","templated":true}]}}