{"id":10906,"date":"2020-05-04T14:38:14","date_gmt":"2020-05-04T17:38:14","guid":{"rendered":"https:\/\/www.sociales.unlz.edu.ar\/?page_id=10906"},"modified":"2023-12-27T15:12:46","modified_gmt":"2023-12-27T18:12:46","slug":"solicitud-de-analitico","status":"publish","type":"page","link":"https:\/\/www.sociales.unlz.edu.ar\/index.php\/solicitud-de-analitico\/","title":{"rendered":"Solicitud de Anal\u00edtico Parcial"},"content":{"rendered":"<p>El anal\u00edtico parcial se solicita de manera presencial en el departamento de Alumnos de la Facultad. El horario de atenci\u00f3n es de lunes a viernes de 10 a 19 horas.<\/p>\n<p>&nbsp;<\/p>\n","protected":false},"excerpt":{"rendered":"<p>El anal\u00edtico parcial se solicita de manera presencial en el departamento de Alumnos de la Facultad&#8230;.<\/p>\n","protected":false},"author":8,"featured_media":10843,"parent":0,"menu_order":0,"comment_status":"closed","ping_status":"closed","template":"","meta":{"footnotes":""},"class_list":["post-10906","page","type-page","status-publish","has-post-thumbnail","hentry"],"_links":{"self":[{"href":"https:\/\/www.sociales.unlz.edu.ar\/index.php\/wp-json\/wp\/v2\/pages\/10906","targetHints":{"allow":["GET"]}}],"collection":[{"href":"https:\/\/www.sociales.unlz.edu.ar\/index.php\/wp-json\/wp\/v2\/pages"}],"about":[{"href":"https:\/\/www.sociales.unlz.edu.ar\/index.php\/wp-json\/wp\/v2\/types\/page"}],"author":[{"embeddable":true,"href":"https:\/\/www.sociales.unlz.edu.ar\/index.php\/wp-json\/wp\/v2\/users\/8"}],"replies":[{"embeddable":true,"href":"https:\/\/www.sociales.unlz.edu.ar\/index.php\/wp-json\/wp\/v2\/comments?post=10906"}],"version-history":[{"count":9,"href":"https:\/\/www.sociales.unlz.edu.ar\/index.php\/wp-json\/wp\/v2\/pages\/10906\/revisions"}],"predecessor-version":[{"id":21028,"href":"https:\/\/www.sociales.unlz.edu.ar\/index.php\/wp-json\/wp\/v2\/pages\/10906\/revisions\/21028"}],"wp:featuredmedia":[{"embeddable":true,"href":"https:\/\/www.sociales.unlz.edu.ar\/index.php\/wp-json\/wp\/v2\/media\/10843"}],"wp:attachment":[{"href":"https:\/\/www.sociales.unlz.edu.ar\/index.php\/wp-json\/wp\/v2\/media?parent=10906"}],"curies":[{"name":"wp","href":"https:\/\/api.w.org\/{rel}","templated":true}]}}