{"id":10293,"date":"2020-03-09T14:18:37","date_gmt":"2020-03-09T17:18:37","guid":{"rendered":"https:\/\/www.sociales.unlz.edu.ar\/?page_id=10293"},"modified":"2020-03-13T11:11:09","modified_gmt":"2020-03-13T14:11:09","slug":"materias-primer-cuatrimestre-2020","status":"publish","type":"page","link":"https:\/\/www.sociales.unlz.edu.ar\/index.php\/materias-primer-cuatrimestre-2020\/","title":{"rendered":"Apertura de materias primer cuatrimestre 2020 por carrera"},"content":{"rendered":"<p>[vc_row][vc_column][vc_column_text]Inscripci\u00f3n: Del 10 al 12 de marzo a las 20 hs.<\/p>\n<p>A trav\u00e9s del <a href=\"https:\/\/servicios.sociales.unlz.edu.ar\/3w\/\">Siu Guaran\u00ed<\/a>[\/vc_column_text]<div class=\"\"><a  id=\"btn-69d33b8ca2041\" class=\"btn btn-filled  ti-arrow-right  btn-sm-sm\" href= \"https:\/\/www.sociales.unlz.edu.ar\/index.php\/aulas-y-dias-de-cursada-ciencias-de-la-educacion-primer-cuatrimestre-2020\/\" target=\"_self\" >Ciencias de la Educaci\u00f3n<\/a><\/div><div class=\"\"><a  id=\"btn-69d33b8ca206b\" class=\"btn btn-filled  ti-arrow-right  btn-sm-sm\" href= \"https:\/\/www.sociales.unlz.edu.ar\/index.php\/aulas-y-dias-de-cursada-licenciatura-en-publicidad-primer-cuatrimestre-2020\/\" target=\"_self\" >Publicidad<\/a><\/div><div class=\"\"><a  id=\"btn-69d33b8ca2081\" class=\"btn btn-filled  ti-arrow-right  btn-sm-sm\" href= \"https:\/\/www.sociales.unlz.edu.ar\/index.php\/aulas-y-dias-de-cursada-psicopedagogia-primer-cuatrimestre-2020\/\" target=\"_self\" >Psicopedagog\u00eda<\/a><\/div><div class=\"\"><a  id=\"btn-69d33b8ca2092\" class=\"btn btn-filled  ti-arrow-right  btn-sm-sm\" href= \"https:\/\/www.sociales.unlz.edu.ar\/index.php\/aulas-y-dias-de-cursada-tecnicatura-minoridad-y-familia-primer-cuatrimestre-2020\/\" target=\"_self\" >Minoridad y familia<\/a><\/div><div class=\"\"><a  id=\"btn-69d33b8ca20a3\" class=\"btn btn-filled  ti-arrow-right  btn-sm-sm\" href= \"https:\/\/www.sociales.unlz.edu.ar\/index.php\/aulas-y-dias-de-cursada-relaciones-laborales-primer-cuatrimestre-2020\/\" target=\"_self\" >Relaciones Laborales<\/a><\/div><div class=\"\"><a  id=\"btn-69d33b8ca20b2\" class=\"btn btn-filled  ti-arrow-right  btn-sm-sm\" href= \"https:\/\/www.sociales.unlz.edu.ar\/index.php\/aulas-y-dias-de-cursada-profesorado-universitario-y-licenciatura-en-comunicacion-social-primer-cuatrimestre-2020\/\" target=\"_self\" >Comunicaci\u00f3n Social<\/a><\/div><div class=\"\"><a  id=\"btn-69d33b8ca20c2\" class=\"btn btn-filled  ti-arrow-right  btn-sm-sm\" href= \"https:\/\/www.sociales.unlz.edu.ar\/index.php\/aulas-y-dias-de-cursada-profesorado-en-letras-primer-cuatrimestre-2020\/\" target=\"_self\" >Letras<\/a><\/div><div class=\"\"><a  id=\"btn-69d33b8ca20d1\" class=\"btn btn-filled  ti-arrow-right  btn-sm-sm\" href= \"https:\/\/www.sociales.unlz.edu.ar\/index.php\/aulas-de-cursada-licenciatura-en-trabajo-social-primer-cuatrimestre-2020\/\" target=\"_self\" >Trabajo Social<\/a><\/div><div class=\"\"><a  id=\"btn-69d33b8ca20df\" class=\"btn btn-filled  ti-arrow-right  btn-sm-sm\" href= \"https:\/\/www.sociales.unlz.edu.ar\/index.php\/aulas-y-dias-de-cursada-tecnicatura-universitaria-y-licenciatura-en-periodismo-primer-cuatrimestre-2020\/\" target=\"_self\" >Periodismo<\/a><\/div><div class=\"\"><a  id=\"btn-69d33b8ca20ed\" class=\"btn btn-filled  ti-arrow-right  btn-sm-sm\" href= \"https:\/\/www.sociales.unlz.edu.ar\/index.php\/aulas-y-dias-de-cursada-tecnicatura-universitaria-y-licenciatura-en-relaciones-publicas-primer-cuatrimestre-2020\/\" target=\"_self\" >Relaciones P\u00fablicas<\/a><\/div><div class=\"\"><a  id=\"btn-69d33b8ca20fb\" class=\"btn btn-filled  ti-angle-double-right  btn-sm-sm\" href= \"https:\/\/www.sociales.unlz.edu.ar\/index.php\/seminarios-por-carreras-primer-cuatrimestre-2020\" target=\"_self\" >Seminarios por carrera 2020<\/a><\/div>[\/vc_column][\/vc_row][vc_row][vc_column][\/vc_column][\/vc_row]<\/p>\n","protected":false},"excerpt":{"rendered":"<p>[vc_row][vc_column][vc_column_text]Inscripci\u00f3n: Del 10 al 12 de marzo a las 20 hs. A trav\u00e9s del Siu Guaran\u00ed[\/vc_column_text][\/vc_column][\/vc_row][vc_row][vc_column][\/vc_column][\/vc_row]<\/p>\n","protected":false},"author":5,"featured_media":0,"parent":0,"menu_order":0,"comment_status":"closed","ping_status":"closed","template":"","meta":{"footnotes":""},"class_list":["post-10293","page","type-page","status-publish","hentry"],"_links":{"self":[{"href":"https:\/\/www.sociales.unlz.edu.ar\/index.php\/wp-json\/wp\/v2\/pages\/10293","targetHints":{"allow":["GET"]}}],"collection":[{"href":"https:\/\/www.sociales.unlz.edu.ar\/index.php\/wp-json\/wp\/v2\/pages"}],"about":[{"href":"https:\/\/www.sociales.unlz.edu.ar\/index.php\/wp-json\/wp\/v2\/types\/page"}],"author":[{"embeddable":true,"href":"https:\/\/www.sociales.unlz.edu.ar\/index.php\/wp-json\/wp\/v2\/users\/5"}],"replies":[{"embeddable":true,"href":"https:\/\/www.sociales.unlz.edu.ar\/index.php\/wp-json\/wp\/v2\/comments?post=10293"}],"version-history":[{"count":11,"href":"https:\/\/www.sociales.unlz.edu.ar\/index.php\/wp-json\/wp\/v2\/pages\/10293\/revisions"}],"predecessor-version":[{"id":10392,"href":"https:\/\/www.sociales.unlz.edu.ar\/index.php\/wp-json\/wp\/v2\/pages\/10293\/revisions\/10392"}],"wp:attachment":[{"href":"https:\/\/www.sociales.unlz.edu.ar\/index.php\/wp-json\/wp\/v2\/media?parent=10293"}],"curies":[{"name":"wp","href":"https:\/\/api.w.org\/{rel}","templated":true}]}}