{"id":10289,"date":"2020-03-09T13:27:54","date_gmt":"2020-03-09T16:27:54","guid":{"rendered":"https:\/\/www.sociales.unlz.edu.ar\/?page_id=10289"},"modified":"2020-03-09T18:07:09","modified_gmt":"2020-03-09T21:07:09","slug":"aulas-y-dias-de-cursada-profesorado-universitario-y-licenciatura-en-comunicacion-social-primer-cuatrimestre-2020","status":"publish","type":"page","link":"https:\/\/www.sociales.unlz.edu.ar\/index.php\/aulas-y-dias-de-cursada-profesorado-universitario-y-licenciatura-en-comunicacion-social-primer-cuatrimestre-2020\/","title":{"rendered":"Profesorado Universitario y Licenciatura en Comunicaci\u00f3n Social: Horarios y d\u00edas de Cursada para el  Primer Cuatrimestre 2020"},"content":{"rendered":"<table width=\"938\">\n<tbody>\n<tr>\n<td rowspan=\"3\" width=\"42\"><\/td>\n<td style=\"text-align: center;\" rowspan=\"3\" width=\"92\"><strong>N\u00b0 de orden<\/strong><\/td>\n<td style=\"text-align: center;\" rowspan=\"3\" width=\"302\"><strong>ASIGNATURA<\/strong><\/td>\n<td style=\"text-align: center;\" rowspan=\"2\" width=\"66\"><strong>Carga Horaria<\/strong><\/td>\n<td style=\"text-align: center;\" colspan=\"2\" width=\"124\"><strong>Correlatividad<\/strong><\/td>\n<td style=\"text-align: center;\" colspan=\"2\" width=\"312\"><strong>Cursada<\/strong><\/td>\n<\/tr>\n<tr>\n<td style=\"text-align: center;\" rowspan=\"2\" width=\"64\"><strong>Regularizar<\/strong><\/td>\n<td style=\"text-align: center;\" rowspan=\"2\" width=\"60\"><strong>Aprobar con final<\/strong><\/td>\n<td style=\"text-align: center;\" rowspan=\"2\"><strong>D\u00eda<\/strong><\/td>\n<td style=\"text-align: center;\" rowspan=\"2\" width=\"250\"><strong>Turno<\/strong><\/td>\n<\/tr>\n<tr>\n<td style=\"text-align: center;\"><strong>HS<\/strong><\/td>\n<\/tr>\n<tr>\n<td rowspan=\"9\" width=\"42\">1er a\u00f1o\u00a0 (Ciclo de Formaci\u00f3n B\u00e1sica)<\/td>\n<td width=\"92\">1<\/td>\n<td width=\"302\">Filosof\u00eda<\/td>\n<td width=\"66\">96<\/td>\n<td width=\"64\">&#8211;<\/td>\n<td width=\"60\">&#8211;<\/td>\n<td>MA<\/td>\n<td>M \/T\/ N<\/td>\n<\/tr>\n<tr>\n<td width=\"92\">1<\/td>\n<td width=\"302\">Filosof\u00eda<\/td>\n<td width=\"66\">96<\/td>\n<td width=\"64\">&#8211;<\/td>\n<td width=\"60\">&#8211;<\/td>\n<td>SA<\/td>\n<td>9 A 13hs<\/td>\n<\/tr>\n<tr>\n<td width=\"92\">2<\/td>\n<td width=\"302\">Historia Social General<\/td>\n<td width=\"66\">96<\/td>\n<td width=\"64\">&#8211;<\/td>\n<td width=\"60\">&#8211;<\/td>\n<td>JU<\/td>\n<td>M \/T\/ N<\/td>\n<\/tr>\n<tr>\n<td width=\"92\">3<\/td>\n<td width=\"302\">Introducci\u00f3n a la Sociolog\u00eda<\/td>\n<td width=\"66\">96<\/td>\n<td width=\"64\">&#8211;<\/td>\n<td width=\"60\">&#8211;<\/td>\n<td>LU<\/td>\n<td>M \/T\/ N<\/td>\n<\/tr>\n<tr>\n<td width=\"92\">4<\/td>\n<td width=\"302\">Psicolog\u00eda General<\/td>\n<td width=\"66\">96<\/td>\n<td width=\"64\">&#8211;<\/td>\n<td width=\"60\">&#8211;<\/td>\n<td>VI<\/td>\n<td>M \/T\/ N<\/td>\n<\/tr>\n<tr>\n<td width=\"92\">5<\/td>\n<td width=\"302\">Econom\u00eda General<\/td>\n<td width=\"66\">96<\/td>\n<td width=\"64\">&#8211;<\/td>\n<td width=\"60\">&#8211;<\/td>\n<td>MA<\/td>\n<td>M \/T\/ N<\/td>\n<\/tr>\n<tr>\n<td width=\"92\">6<\/td>\n<td width=\"302\">Introducci\u00f3n a la Comunicaci\u00f3n<\/td>\n<td width=\"66\">96<\/td>\n<td width=\"64\">&#8211;<\/td>\n<td width=\"60\">&#8211;<\/td>\n<td>VI<\/td>\n<td>M \/T\/ N<\/td>\n<\/tr>\n<tr>\n<td width=\"92\">6<\/td>\n<td width=\"302\">Introducci\u00f3n a la Comunicaci\u00f3n<\/td>\n<td width=\"66\">96<\/td>\n<td width=\"64\">&#8211;<\/td>\n<td width=\"60\">&#8211;<\/td>\n<td>SA<\/td>\n<td>9 A 13hs<\/td>\n<\/tr>\n<tr>\n<td width=\"92\">7<\/td>\n<td width=\"302\">Taller de Lectura y Escritura \u00a0(anual)<\/td>\n<td width=\"66\">64<\/td>\n<td width=\"64\">&#8211;<\/td>\n<td width=\"60\">&#8211;<\/td>\n<td>MI<\/td>\n<td>M \/T \/ N<\/td>\n<\/tr>\n<tr>\n<td rowspan=\"8\">2do a\u00f1o<\/td>\n<td width=\"92\">8<\/td>\n<td width=\"302\">Ling\u00fc\u00edstica<\/td>\n<td width=\"66\">64<\/td>\n<td width=\"64\">&#8211;<\/td>\n<td width=\"60\">3- 7<\/td>\n<td>VI<\/td>\n<td>14 a 18 \u00f3 18 a 22hs<\/td>\n<\/tr>\n<tr>\n<td width=\"92\">9<\/td>\n<td width=\"302\">Psicolog\u00eda Social<\/td>\n<td width=\"66\">64<\/td>\n<td width=\"64\">&#8211;<\/td>\n<td width=\"60\">3- 4<\/td>\n<td>MA<\/td>\n<td>8 a 12 \u00f316 a 20 \u00f3 18 a 22hs<\/td>\n<\/tr>\n<tr>\n<td width=\"92\">10<\/td>\n<td width=\"302\">Comunicaci\u00f3n I<\/td>\n<td width=\"66\">96<\/td>\n<td width=\"64\">&#8211;<\/td>\n<td width=\"60\">2- 6<\/td>\n<td>MI<\/td>\n<td>14 a 18 \u00f3 18 a 22hs<\/td>\n<\/tr>\n<tr>\n<td width=\"92\">11<\/td>\n<td width=\"302\">Taller de Redacci\u00f3n\u00a0 Period\u00edstica<\/td>\n<td width=\"66\">96<\/td>\n<td width=\"64\">&#8211;<\/td>\n<td width=\"60\">6- 7<\/td>\n<td>MI- JU<\/td>\n<td>MI: 9 a 13hs &#8211; JU: 18 a 22hs<\/td>\n<\/tr>\n<tr>\n<td width=\"92\">12<\/td>\n<td width=\"302\">Teor\u00eda Social<\/td>\n<td width=\"66\">64<\/td>\n<td width=\"64\">&#8211;<\/td>\n<td width=\"60\">2- 3<\/td>\n<td>LU<\/td>\n<td>14 a 18 \u00f3 18 a 22hs<\/td>\n<\/tr>\n<tr>\n<td width=\"92\">13<\/td>\n<td width=\"302\">Antropolog\u00eda Cultural<\/td>\n<td width=\"66\">64<\/td>\n<td width=\"64\">&#8211;<\/td>\n<td width=\"60\">1- 3<\/td>\n<td>JU<\/td>\n<td>M \/T \/ N<\/td>\n<\/tr>\n<tr>\n<td width=\"92\">14<\/td>\n<td width=\"302\">Medios de Comunicaci\u00f3n Social<\/td>\n<td width=\"66\">96<\/td>\n<td width=\"64\">&#8211;<\/td>\n<td width=\"60\">3- 6<\/td>\n<td>VI<\/td>\n<td>18 a 22hs<\/td>\n<\/tr>\n<tr>\n<td width=\"92\">15<\/td>\n<td width=\"302\">Metodolog\u00eda de la Investigaci\u00f3n Social I<\/td>\n<td width=\"66\">96<\/td>\n<td width=\"64\">&#8211;<\/td>\n<td width=\"60\">1- 3<\/td>\n<td>MI<\/td>\n<td>8 a 12hs \u00f3 14 a 18hs \u00f3 18 a 22hs<\/td>\n<\/tr>\n<tr>\n<td rowspan=\"8\">3er. A\u00f1o<\/td>\n<td width=\"92\">16<\/td>\n<td width=\"302\">Comunicaci\u00f3n II<\/td>\n<td width=\"66\">96<\/td>\n<td width=\"64\">&#8211;<\/td>\n<td width=\"60\">10<\/td>\n<td>MA<\/td>\n<td>\u00a018 a 22hs<\/td>\n<\/tr>\n<tr>\n<td width=\"92\">17<\/td>\n<td width=\"302\">Animaci\u00f3n Sociocultural<\/td>\n<td width=\"66\">64<\/td>\n<td width=\"64\">13<\/td>\n<td width=\"60\">9<\/td>\n<td>LU<\/td>\n<td>14 a 18hs<\/td>\n<\/tr>\n<tr>\n<td width=\"92\">18<\/td>\n<td width=\"302\">Historia Social Argentina<\/td>\n<td width=\"66\">64<\/td>\n<td width=\"64\">&#8211;<\/td>\n<td width=\"60\">2 -5<\/td>\n<td>VI<\/td>\n<td>14 a 18 \u00f3 18 a 22hs<\/td>\n<\/tr>\n<tr>\n<td width=\"92\">19<\/td>\n<td width=\"302\">Pol\u00edtica de los Medios de Comunicaci\u00f3n Social<\/td>\n<td width=\"66\">96<\/td>\n<td width=\"64\">14<\/td>\n<td width=\"60\">10<\/td>\n<td>JU<\/td>\n<td>18 a 22hs<\/td>\n<\/tr>\n<tr>\n<td width=\"92\">20<\/td>\n<td width=\"302\">Metodolog\u00eda de la Investigaci\u00f3n Social\u00a0 II<\/td>\n<td width=\"66\">96<\/td>\n<td width=\"64\">&#8211;<\/td>\n<td width=\"60\">15<\/td>\n<td>SA<\/td>\n<td>T: 9 a 11\u00a0\u00a0 &#8211;\u00a0 P: 11 a 13hs<\/td>\n<\/tr>\n<tr>\n<td width=\"92\">21<\/td>\n<td width=\"302\">Comunicaci\u00f3n III<\/td>\n<td width=\"66\">96<\/td>\n<td width=\"64\">16<\/td>\n<td width=\"60\">10<\/td>\n<td>VI<\/td>\n<td>14 a 18hs<\/td>\n<\/tr>\n<tr>\n<td width=\"92\">22<\/td>\n<td>An\u00e1lisis del Discurso<\/td>\n<td width=\"66\">64<\/td>\n<td width=\"64\">11<\/td>\n<td width=\"60\">8<\/td>\n<td>MI<\/td>\n<td>18 a 22hs<\/td>\n<\/tr>\n<tr>\n<td width=\"92\">23<\/td>\n<td>Opini\u00f3n P\u00fablica<\/td>\n<td width=\"66\">96<\/td>\n<td width=\"64\">&#8211;<\/td>\n<td width=\"60\">6 &#8211; 15<\/td>\n<td width=\"62\">MI<\/td>\n<td>18 a 22hs<\/td>\n<\/tr>\n<\/tbody>\n<\/table>\n<p><strong>Licenciatura<\/strong><\/p>\n<table width=\"938\">\n<tbody>\n<tr>\n<td rowspan=\"3\" width=\"42\"><\/td>\n<td style=\"text-align: center;\" rowspan=\"3\" width=\"92\"><strong>N\u00b0 de orden<\/strong><\/td>\n<td style=\"text-align: center;\" rowspan=\"3\" width=\"302\"><strong>ASIGNATURA<\/strong><\/td>\n<td style=\"text-align: center;\" rowspan=\"2\" width=\"66\"><strong>Carga Horaria<\/strong><\/td>\n<td style=\"text-align: center;\" colspan=\"2\" width=\"124\"><strong>Correlatividad<\/strong><\/td>\n<td style=\"text-align: center;\" colspan=\"2\" width=\"312\"><strong>Cursada<\/strong><\/td>\n<\/tr>\n<tr>\n<td style=\"text-align: center;\" rowspan=\"2\"><strong>Regularizar<\/strong><\/td>\n<td style=\"text-align: center;\" rowspan=\"2\" width=\"60\"><strong>Aprobar con final<\/strong><\/td>\n<td style=\"text-align: center;\" rowspan=\"2\"><strong>D\u00eda<\/strong><\/td>\n<td style=\"text-align: center;\" rowspan=\"2\"><strong>Turno<\/strong><\/td>\n<\/tr>\n<tr>\n<td style=\"text-align: center;\"><strong>HS<\/strong><\/td>\n<\/tr>\n<tr>\n<td rowspan=\"9\">4to. A\u00f1o<\/td>\n<td width=\"92\">24<\/td>\n<td width=\"302\">Semiolog\u00eda<\/td>\n<td width=\"66\">64<\/td>\n<td width=\"64\">16<\/td>\n<td width=\"60\">8 &#8211; 10<\/td>\n<td>LU<\/td>\n<td>16 a 20 \u00f3 18 a 22hs<\/td>\n<\/tr>\n<tr>\n<td width=\"92\">25<\/td>\n<td width=\"302\">Comunicaci\u00f3n IV<\/td>\n<td width=\"66\">96<\/td>\n<td width=\"64\">21<\/td>\n<td width=\"60\">16<\/td>\n<td>JU<\/td>\n<td>18 a 22hs<\/td>\n<\/tr>\n<tr>\n<td width=\"92\">26<\/td>\n<td width=\"302\">Teor\u00eda Pol\u00edtica<\/td>\n<td width=\"66\">64<\/td>\n<td width=\"64\">&#8211;<\/td>\n<td width=\"60\">12 -18<\/td>\n<td>JU<\/td>\n<td>18 a 22hs<\/td>\n<\/tr>\n<tr>\n<td width=\"92\">27<\/td>\n<td width=\"302\">Planificaci\u00f3n Comunicacional<\/td>\n<td width=\"66\">96<\/td>\n<td width=\"64\">21<\/td>\n<td width=\"60\">19<\/td>\n<td>MI<\/td>\n<td>18 a 22hs<\/td>\n<\/tr>\n<tr>\n<td width=\"92\">28<\/td>\n<td width=\"302\">Investigaci\u00f3n en Comunicaci\u00f3n Social<\/td>\n<td width=\"66\">96<\/td>\n<td width=\"64\">20<\/td>\n<td width=\"60\">14 &#8211; 15<\/td>\n<td>MI<\/td>\n<td><\/td>\n<\/tr>\n<tr>\n<td width=\"92\">29<\/td>\n<td width=\"302\">Comunicaci\u00f3n Publicitaria<\/td>\n<td width=\"66\">96<\/td>\n<td width=\"64\">&#8211;<\/td>\n<td width=\"60\">16<\/td>\n<td>LU<\/td>\n<td>18 a 22hs<\/td>\n<\/tr>\n<tr>\n<td width=\"92\">30<\/td>\n<td width=\"302\">Prensa y Comunicaci\u00f3n Institucional<\/td>\n<td width=\"66\">96<\/td>\n<td width=\"64\">&#8211;<\/td>\n<td width=\"60\">9 &#8211; 10<\/td>\n<td width=\"62\">MA<\/td>\n<td>18 a 22hs<\/td>\n<\/tr>\n<tr>\n<td width=\"92\">31<\/td>\n<td width=\"302\">Materia Optativa\u00a0 (1)<\/td>\n<td width=\"66\">96<\/td>\n<td width=\"64\">&#8211;<\/td>\n<td width=\"60\">&#8211;<\/td>\n<td><\/td>\n<td><\/td>\n<\/tr>\n<tr>\n<td><\/td>\n<td width=\"302\">Idioma Extranjero (Ingl\u00e9s o Portugu\u00e9s)<\/td>\n<td><\/td>\n<td><\/td>\n<td><\/td>\n<td><\/td>\n<td><\/td>\n<\/tr>\n<\/tbody>\n<\/table>\n<table width=\"804\">\n<tbody>\n<tr>\n<td colspan=\"6\" width=\"804\"><strong>Materias Optativas\u00a0 (1)<\/strong><\/td>\n<\/tr>\n<tr>\n<td width=\"302\">Equidad de g\u00e9nero y construcci\u00f3n de ciudadan\u00eda<\/td>\n<td>96<\/td>\n<td width=\"64\">17<\/td>\n<td width=\"60\">12<\/td>\n<td>LU<\/td>\n<td>18 a 22hs<\/td>\n<\/tr>\n<tr>\n<td width=\"302\">La Filosof\u00eda Pol\u00edtica Moderna<\/td>\n<td><\/td>\n<td width=\"64\"><\/td>\n<td width=\"60\">1- 18<\/td>\n<td>VI<\/td>\n<td>18 a 22hs<\/td>\n<\/tr>\n<tr>\n<td width=\"302\">\u00a0Marketing I<\/td>\n<td>96<\/td>\n<td width=\"64\">23<\/td>\n<td width=\"60\">20<\/td>\n<td>VI<\/td>\n<td>18 a 22hs<\/td>\n<\/tr>\n<tr>\n<td width=\"302\">Producci\u00f3n de contenidos para medios audiovisuales<\/td>\n<td>96<\/td>\n<td width=\"64\">21<\/td>\n<td width=\"60\">14<\/td>\n<td>MI<\/td>\n<td>18 a 22hs<\/td>\n<\/tr>\n<tr>\n<td width=\"302\">Relaciones Internacionales<\/td>\n<td>96<\/td>\n<td width=\"64\">&#8211;<\/td>\n<td width=\"60\">12 -18<\/td>\n<td width=\"62\">MA<\/td>\n<td>18 a 22hs<\/td>\n<\/tr>\n<tr>\n<td width=\"302\">Periodismo Com. y sus encrucijadas<\/td>\n<td>96<\/td>\n<td width=\"64\">25<\/td>\n<td width=\"60\">16<\/td>\n<td width=\"62\">MA<\/td>\n<td><\/td>\n<\/tr>\n<\/tbody>\n<\/table>\n<p><strong>Profesorado<\/strong><\/p>\n<table width=\"1061\">\n<tbody>\n<tr>\n<td rowspan=\"3\" width=\"42\"><\/td>\n<td style=\"text-align: center;\" rowspan=\"3\" width=\"92\"><strong>N\u00ba de Orden<\/strong><\/td>\n<td style=\"text-align: center;\" rowspan=\"3\" width=\"302\"><strong>ASIGNATURA<\/strong><\/td>\n<td style=\"text-align: center;\" rowspan=\"2\" width=\"66\"><strong>Carga Horaria<\/strong><\/td>\n<td style=\"text-align: center;\" colspan=\"2\" width=\"247\"><strong>Correlatividad<\/strong><\/td>\n<td style=\"text-align: center;\" colspan=\"2\" width=\"312\"><strong>Cursada<\/strong><\/td>\n<\/tr>\n<tr>\n<td style=\"text-align: center;\" rowspan=\"2\"><strong>Regularizar<\/strong><\/td>\n<td style=\"text-align: center;\" rowspan=\"2\" width=\"139\"><strong>Aprobar con final<\/strong><\/td>\n<td style=\"text-align: center;\" rowspan=\"2\"><strong>D\u00eda<\/strong><\/td>\n<td style=\"text-align: center;\" rowspan=\"2\"><strong>Turno<\/strong><\/td>\n<\/tr>\n<tr>\n<td style=\"text-align: center;\"><strong>HS<\/strong><\/td>\n<\/tr>\n<tr>\n<td rowspan=\"9\">4to. A\u00f1o<\/td>\n<td>24<\/td>\n<td width=\"302\">Pedagog\u00eda<\/td>\n<td width=\"66\">96<\/td>\n<td width=\"108\">&#8211;<\/td>\n<td width=\"139\">2- 3<\/td>\n<td>MI<\/td>\n<td>14 a 18hs \u00f3 18 a 22hs<\/td>\n<\/tr>\n<tr>\n<td><\/td>\n<td width=\"302\">Pedagog\u00eda MODALIDAD VIRTUAL<\/td>\n<td width=\"66\"><\/td>\n<td width=\"108\"><\/td>\n<td width=\"139\"><\/td>\n<td><\/td>\n<td>Informaci\u00f3n blog c\u00e1tedra<\/td>\n<\/tr>\n<tr>\n<td>25<\/td>\n<td width=\"302\">Pol\u00edtica y legislaci\u00f3n educativa<\/td>\n<td width=\"66\">64<\/td>\n<td width=\"108\">&#8211;<\/td>\n<td width=\"139\">12<\/td>\n<td>LU<\/td>\n<td>18 a 22hs<\/td>\n<\/tr>\n<tr>\n<td>26<\/td>\n<td width=\"302\">Psicolog\u00eda del desarrollo\u00a0 (C. Soc.)<\/td>\n<td width=\"66\">96<\/td>\n<td width=\"108\">&#8211;<\/td>\n<td width=\"139\">1- 4<\/td>\n<td>LU<\/td>\n<td><\/td>\n<\/tr>\n<tr>\n<td>27<\/td>\n<td width=\"302\">Teor\u00edas de aprendizaje<\/td>\n<td width=\"66\">96<\/td>\n<td width=\"108\">26<\/td>\n<td width=\"139\">3- 4<\/td>\n<td>MI<\/td>\n<td>8 a 12 \u00f3 14 a 18hs<\/td>\n<\/tr>\n<tr>\n<td>28<\/td>\n<td width=\"302\">Did\u00e1ctica I<\/td>\n<td width=\"66\">96<\/td>\n<td width=\"108\">27<\/td>\n<td width=\"139\">24<\/td>\n<td>JU<\/td>\n<td>8 A 12hs<\/td>\n<\/tr>\n<tr>\n<td>29<\/td>\n<td width=\"302\">Did\u00e1ctica III<\/td>\n<td width=\"66\">96<\/td>\n<td width=\"108\">28<\/td>\n<td width=\"139\">27<\/td>\n<td>VI<\/td>\n<td>18 a 22hs<\/td>\n<\/tr>\n<tr>\n<td>30<\/td>\n<td width=\"302\">Materia Optativa\u00a0 (2)<\/td>\n<td width=\"66\">64<\/td>\n<td width=\"108\"><\/td>\n<td width=\"139\"><\/td>\n<td><\/td>\n<td><\/td>\n<\/tr>\n<tr>\n<td>31<\/td>\n<td width=\"302\">Did\u00e1ctica IV<\/td>\n<td width=\"66\">96<\/td>\n<td width=\"108\">28<\/td>\n<td width=\"139\">27<\/td>\n<td>LU<\/td>\n<td><\/td>\n<\/tr>\n<\/tbody>\n<\/table>\n<table width=\"927\">\n<tbody>\n<tr>\n<td width=\"302\"><strong>Materias Optativas\u00a0 (2)<\/strong><\/td>\n<td width=\"66\"><\/td>\n<td width=\"108\"><\/td>\n<td width=\"139\"><\/td>\n<td width=\"62\"><\/td>\n<td width=\"250\"><\/td>\n<\/tr>\n<tr>\n<td width=\"302\">Taller de Periodismo gr\u00e1fico<\/td>\n<td>96<\/td>\n<td width=\"108\">14<\/td>\n<td width=\"139\">11<\/td>\n<td>JU-VI<\/td>\n<td>JU 9 a 13hs\u00a0 \u00f3\u00a0 VI 18 a 22hs<\/td>\n<\/tr>\n<tr>\n<td width=\"302\">Taller de Radio<\/td>\n<td>96<\/td>\n<td width=\"108\">14<\/td>\n<td width=\"139\">11<\/td>\n<td>MA<\/td>\n<td>18 a 22hs<\/td>\n<\/tr>\n<tr>\n<td width=\"302\">Taller de Televisi\u00f3n<\/td>\n<td>96<\/td>\n<td width=\"108\">14<\/td>\n<td width=\"139\">11<\/td>\n<td>LU<\/td>\n<td>18 a 22hs<\/td>\n<\/tr>\n<\/tbody>\n<\/table>\n<p>Turnos: Ma\u00f1ana 8 a 12 hs. \/ Tarde: 14 a 18 hs. \/ Noche: 18 a 22 hs.<\/p>\n<p>NOTAS:\u00a0Las correlatividades son de cumplimiento obligatorio<\/p>\n<p>Seminarios: ver oferta detallada<\/p>\n<h3><strong>IDIOMA EXTRANJERO<\/strong><\/h3>\n<h3><strong>ATENCI\u00d3N: S\u00f3lo quedar\u00e1n inscriptos los estudiantes que tengan 15 o m\u00e1s materias aprobadas<\/strong><\/h3>\n<p><strong>Ingl\u00e9s:<\/strong><\/p>\n<table width=\"222\">\n<tbody>\n<tr>\n<td width=\"222\"><strong>NIVEL INICIAL<\/strong><\/td>\n<\/tr>\n<tr>\n<td>Martes\u00a0 de 9 a 12 Hs.<\/td>\n<\/tr>\n<tr>\n<td>Mi\u00e9rcoles de 15 a 18hs<\/td>\n<\/tr>\n<tr>\n<td>S\u00e1bados 9 a 13hs<\/td>\n<\/tr>\n<\/tbody>\n<\/table>\n<table width=\"222\">\n<tbody>\n<tr>\n<td width=\"222\"><strong>NIVEL AVANZADO<\/strong><\/td>\n<\/tr>\n<tr>\n<td>S\u00e1bados 9 a 13hs<\/td>\n<\/tr>\n<tr>\n<td>Martes\u00a0 de 15 a 18 Hs.<\/td>\n<\/tr>\n<tr>\n<td>Mi\u00e9rcoles de 9.30 a 12.30 hs.<\/td>\n<\/tr>\n<\/tbody>\n<\/table>\n<p><strong>Portugu\u00e9s:<\/strong><\/p>\n<table width=\"222\">\n<tbody>\n<tr>\n<td width=\"222\"><strong>NIVEL INICIAL<\/strong><\/td>\n<\/tr>\n<tr>\n<td>S\u00e1bados 9 a 13hs<\/td>\n<\/tr>\n<\/tbody>\n<\/table>\n<table width=\"222\">\n<tbody>\n<tr>\n<td width=\"222\"><strong>NIVEL AVANZADO<\/strong><\/td>\n<\/tr>\n<tr>\n<td>Viernes de 15 a 18 hs.<\/td>\n<\/tr>\n<\/tbody>\n<\/table>\n<p>TODOS LOS NIVELES PUEDEN RENDIRSE EN CAR\u00c1CTER DE LIBRE<\/p>\n","protected":false},"excerpt":{"rendered":"<p>N\u00b0 de orden ASIGNATURA Carga Horaria Correlatividad Cursada Regularizar Aprobar con final D\u00eda Turno HS 1er&#8230;<\/p>\n","protected":false},"author":5,"featured_media":0,"parent":0,"menu_order":0,"comment_status":"closed","ping_status":"closed","template":"","meta":{"footnotes":""},"class_list":["post-10289","page","type-page","status-publish","hentry"],"_links":{"self":[{"href":"https:\/\/www.sociales.unlz.edu.ar\/index.php\/wp-json\/wp\/v2\/pages\/10289","targetHints":{"allow":["GET"]}}],"collection":[{"href":"https:\/\/www.sociales.unlz.edu.ar\/index.php\/wp-json\/wp\/v2\/pages"}],"about":[{"href":"https:\/\/www.sociales.unlz.edu.ar\/index.php\/wp-json\/wp\/v2\/types\/page"}],"author":[{"embeddable":true,"href":"https:\/\/www.sociales.unlz.edu.ar\/index.php\/wp-json\/wp\/v2\/users\/5"}],"replies":[{"embeddable":true,"href":"https:\/\/www.sociales.unlz.edu.ar\/index.php\/wp-json\/wp\/v2\/comments?post=10289"}],"version-history":[{"count":5,"href":"https:\/\/www.sociales.unlz.edu.ar\/index.php\/wp-json\/wp\/v2\/pages\/10289\/revisions"}],"predecessor-version":[{"id":10386,"href":"https:\/\/www.sociales.unlz.edu.ar\/index.php\/wp-json\/wp\/v2\/pages\/10289\/revisions\/10386"}],"wp:attachment":[{"href":"https:\/\/www.sociales.unlz.edu.ar\/index.php\/wp-json\/wp\/v2\/media?parent=10289"}],"curies":[{"name":"wp","href":"https:\/\/api.w.org\/{rel}","templated":true}]}}