{"id":10285,"date":"2020-03-09T13:27:35","date_gmt":"2020-03-09T16:27:35","guid":{"rendered":"https:\/\/www.sociales.unlz.edu.ar\/?page_id=10285"},"modified":"2020-08-14T10:57:03","modified_gmt":"2020-08-14T13:57:03","slug":"aulas-y-dias-de-cursada-licenciatura-en-publicidad-primer-cuatrimestre-2020","status":"publish","type":"page","link":"https:\/\/www.sociales.unlz.edu.ar\/index.php\/aulas-y-dias-de-cursada-licenciatura-en-publicidad-primer-cuatrimestre-2020\/","title":{"rendered":"Licenciatura en Publicidad: Horarios y d\u00edas de Cursada para el Primer Cuatrimestre 2020"},"content":{"rendered":"<table width=\"923\">\n<tbody>\n<tr>\n<td rowspan=\"3\" width=\"38\"><\/td>\n<td style=\"text-align: center;\" rowspan=\"3\" width=\"51\"><strong>N\u00b0 de orden<\/strong><\/td>\n<td style=\"text-align: center;\" rowspan=\"3\" width=\"316\"><strong>ASIGNATURA<\/strong><\/td>\n<td style=\"text-align: center;\" rowspan=\"2\" width=\"47\"><strong>Carga Horaria<\/strong><\/td>\n<td style=\"text-align: center;\" colspan=\"2\" width=\"207\"><strong>Correlatividad<\/strong><\/td>\n<td style=\"text-align: center;\" colspan=\"2\" width=\"264\"><strong>Cursada<\/strong><\/td>\n<\/tr>\n<tr>\n<td style=\"text-align: center;\" rowspan=\"2\" width=\"87\"><strong>Regularizar<\/strong><\/td>\n<td style=\"text-align: center;\" rowspan=\"2\" width=\"120\"><strong>Aprobar con final<\/strong><\/td>\n<td style=\"text-align: center;\" rowspan=\"2\"><strong>D\u00eda<\/strong><\/td>\n<td style=\"text-align: center;\" rowspan=\"2\" width=\"225\"><b>Turno<\/b><\/td>\n<\/tr>\n<tr>\n<td style=\"text-align: center;\"><strong>HS<\/strong><\/td>\n<\/tr>\n<tr>\n<td rowspan=\"9\" width=\"38\">1er a\u00f1o\u00a0 (Ciclo de Formaci\u00f3n B\u00e1sica)<\/td>\n<td width=\"51\">1<\/td>\n<td width=\"316\">Filosof\u00eda<\/td>\n<td width=\"47\">96<\/td>\n<td width=\"87\">&#8211;<\/td>\n<td width=\"120\">&#8211;<\/td>\n<td>MA<\/td>\n<td>M \/T\/ N<\/td>\n<\/tr>\n<tr>\n<td width=\"51\">1<\/td>\n<td width=\"316\">Filosof\u00eda<\/td>\n<td width=\"47\">96<\/td>\n<td width=\"87\">&#8211;<\/td>\n<td width=\"120\">&#8211;<\/td>\n<td>SA<\/td>\n<td>9 A 13hs<\/td>\n<\/tr>\n<tr>\n<td width=\"51\">2<\/td>\n<td width=\"316\">Historia Social General<\/td>\n<td width=\"47\">96<\/td>\n<td width=\"87\">&#8211;<\/td>\n<td width=\"120\">&#8211;<\/td>\n<td>JU<\/td>\n<td>M \/T\/ N<\/td>\n<\/tr>\n<tr>\n<td width=\"51\">3<\/td>\n<td width=\"316\">Introducci\u00f3n a la Sociolog\u00eda<\/td>\n<td width=\"47\">96<\/td>\n<td width=\"87\">&#8211;<\/td>\n<td width=\"120\">&#8211;<\/td>\n<td>LU<\/td>\n<td>M \/T\/ N<\/td>\n<\/tr>\n<tr>\n<td width=\"51\">4<\/td>\n<td width=\"316\">Psicolog\u00eda General<\/td>\n<td width=\"47\">96<\/td>\n<td width=\"87\">&#8211;<\/td>\n<td width=\"120\">&#8211;<\/td>\n<td>VI<\/td>\n<td>M \/T\/ N<\/td>\n<\/tr>\n<tr>\n<td width=\"51\">5<\/td>\n<td width=\"316\">Econom\u00eda General<\/td>\n<td width=\"47\">96<\/td>\n<td width=\"87\">&#8211;<\/td>\n<td width=\"120\">&#8211;<\/td>\n<td>MA<\/td>\n<td>M \/T\/ N<\/td>\n<\/tr>\n<tr>\n<td width=\"51\">6<\/td>\n<td width=\"316\">Introducci\u00f3n a la Comunicaci\u00f3n<\/td>\n<td width=\"47\">96<\/td>\n<td width=\"87\">&#8211;<\/td>\n<td width=\"120\">&#8211;<\/td>\n<td>VI<\/td>\n<td>M \/T\/ N<\/td>\n<\/tr>\n<tr>\n<td width=\"51\">6<\/td>\n<td width=\"316\">Introducci\u00f3n a la Comunicaci\u00f3n<\/td>\n<td width=\"47\">96<\/td>\n<td width=\"87\">&#8211;<\/td>\n<td width=\"120\">&#8211;<\/td>\n<td>SA<\/td>\n<td>9 A 13hs<\/td>\n<\/tr>\n<tr>\n<td width=\"51\">7<\/td>\n<td width=\"316\">Taller de Lectura y Escritura \u00a0(anual)<\/td>\n<td width=\"47\">64<\/td>\n<td width=\"87\">&#8211;<\/td>\n<td width=\"120\">&#8211;<\/td>\n<td>MI<\/td>\n<td>M \/T \/ N<\/td>\n<\/tr>\n<tr>\n<td rowspan=\"8\">2do a\u00f1o<\/td>\n<td width=\"51\">8<\/td>\n<td width=\"316\">Introducci\u00f3n a la Publicidad<\/td>\n<td width=\"47\">96<\/td>\n<td width=\"87\">&#8211;<\/td>\n<td width=\"120\">2 -6<\/td>\n<td>VI<\/td>\n<td>8 a 12hs<\/td>\n<\/tr>\n<tr>\n<td width=\"51\">9<\/td>\n<td width=\"316\">Psicolog\u00eda Social<\/td>\n<td width=\"47\">64<\/td>\n<td width=\"87\">&#8211;<\/td>\n<td width=\"120\">3-4<\/td>\n<td>MA<\/td>\n<td>8 a 12 o 16 a 20 o 18 a 22hs<\/td>\n<\/tr>\n<tr>\n<td width=\"51\">10<\/td>\n<td width=\"316\">Ling\u00fc\u00edstica<\/td>\n<td width=\"47\">64<\/td>\n<td width=\"87\">&#8211;<\/td>\n<td width=\"120\">3- 7<\/td>\n<td>VI<\/td>\n<td>14 a 18 o 18 a 22hs<\/td>\n<\/tr>\n<tr>\n<td width=\"51\">11<\/td>\n<td width=\"316\">Comunicaci\u00f3n Visual<\/td>\n<td width=\"47\">96<\/td>\n<td width=\"87\">&#8211;<\/td>\n<td width=\"120\">6 -7<\/td>\n<td>MA<\/td>\n<td>18 a 22hs<\/td>\n<\/tr>\n<tr>\n<td width=\"51\">12<\/td>\n<td>Marketing I<\/td>\n<td width=\"47\">64<\/td>\n<td width=\"87\">&#8211;<\/td>\n<td width=\"120\">5- 6<\/td>\n<td>VI<\/td>\n<td>18 a 22hs<\/td>\n<\/tr>\n<tr>\n<td width=\"51\">13<\/td>\n<td width=\"316\">Dise\u00f1o y Producci\u00f3n Gr\u00e1fica<\/td>\n<td width=\"47\">96<\/td>\n<td width=\"87\">11<\/td>\n<td width=\"120\">8<\/td>\n<td>JU<\/td>\n<td>18 a 22hs<\/td>\n<\/tr>\n<tr>\n<td width=\"51\">14<\/td>\n<td width=\"316\">Metodolog\u00eda de la Investigaci\u00f3n Social<\/td>\n<td width=\"47\">96<\/td>\n<td width=\"87\">&#8211;<\/td>\n<td width=\"120\">1-3<\/td>\n<td>MI<\/td>\n<td>8 a 12 hs<\/td>\n<\/tr>\n<tr>\n<td width=\"51\">15<\/td>\n<td width=\"316\">Comunicaci\u00f3n I<\/td>\n<td width=\"47\">96<\/td>\n<td width=\"87\">&#8211;<\/td>\n<td width=\"120\">2-6<\/td>\n<td>MI<\/td>\n<td>14 a 18 o 18 a 22hs<\/td>\n<\/tr>\n<tr>\n<td rowspan=\"8\">3er. A\u00f1o<\/td>\n<td width=\"51\">16<\/td>\n<td width=\"316\">Medios de Comunicaci\u00f3n Publicitaria<\/td>\n<td width=\"47\">96<\/td>\n<td width=\"87\">12<\/td>\n<td width=\"120\">8<\/td>\n<td>MI<\/td>\n<td>8 a 12hs<\/td>\n<\/tr>\n<tr>\n<td width=\"51\">17<\/td>\n<td width=\"316\">Redacci\u00f3n Publicitaria<\/td>\n<td width=\"47\">64<\/td>\n<td width=\"87\">&#8211;<\/td>\n<td width=\"120\">10<\/td>\n<td>JU<\/td>\n<td><\/td>\n<\/tr>\n<tr>\n<td width=\"51\">18<\/td>\n<td width=\"316\">Producci\u00f3n Audiovisual<\/td>\n<td width=\"47\">96<\/td>\n<td width=\"87\">13<\/td>\n<td>11<\/td>\n<td>MA<\/td>\n<td>18 a 22hs<\/td>\n<\/tr>\n<tr>\n<td width=\"51\">19<\/td>\n<td width=\"316\">Comunicaci\u00f3n II<\/td>\n<td width=\"47\">96<\/td>\n<td width=\"87\">&#8211;<\/td>\n<td width=\"120\">15<\/td>\n<td>MA<\/td>\n<td>\u00a018 a 22hs<\/td>\n<\/tr>\n<tr>\n<td width=\"51\">20<\/td>\n<td width=\"316\">Planificaci\u00f3n de Medios<\/td>\n<td width=\"47\">96<\/td>\n<td width=\"87\">16<\/td>\n<td width=\"120\">15<\/td>\n<td>VI<\/td>\n<td><\/td>\n<\/tr>\n<tr>\n<td width=\"51\">21<\/td>\n<td width=\"316\">Opini\u00f3n P\u00fablica<\/td>\n<td width=\"47\">96<\/td>\n<td width=\"87\">&#8211;<\/td>\n<td width=\"120\">14<\/td>\n<td>MI<\/td>\n<td>LU<\/td>\n<\/tr>\n<tr>\n<td width=\"51\">22<\/td>\n<td>Marketing II<\/td>\n<td width=\"47\">64<\/td>\n<td width=\"87\">&#8211;<\/td>\n<td width=\"120\">12<\/td>\n<td>LU<\/td>\n<td><\/td>\n<\/tr>\n<tr>\n<td width=\"51\">23<\/td>\n<td width=\"316\">Comunicaci\u00f3n III<\/td>\n<td width=\"47\">96<\/td>\n<td width=\"87\">19<\/td>\n<td width=\"120\">15<\/td>\n<td>VI<\/td>\n<td>14 a 18hs<\/td>\n<\/tr>\n<tr>\n<td rowspan=\"3\"><\/td>\n<td style=\"text-align: center;\" rowspan=\"3\" width=\"51\"><strong>N\u00b0 de orden<\/strong><\/td>\n<td style=\"text-align: center;\" rowspan=\"3\"><strong>ASIGNATURA<\/strong><\/td>\n<td style=\"text-align: center;\" rowspan=\"2\" width=\"47\"><strong>Carga Horaria<\/strong><\/td>\n<td style=\"text-align: center;\" colspan=\"2\"><strong>Correlatividad<\/strong><\/td>\n<td style=\"text-align: center;\" colspan=\"2\"><strong>Cursada<\/strong><\/td>\n<\/tr>\n<tr>\n<td style=\"text-align: center;\" rowspan=\"2\"><strong>Regularizar<\/strong><\/td>\n<td rowspan=\"2\" width=\"120\"><strong>Aprobar con final<\/strong><\/td>\n<td style=\"text-align: center;\" rowspan=\"2\"><strong>D\u00eda<\/strong><\/td>\n<td style=\"text-align: center;\"><b>\u00a0 Turno\u00a0<\/b><\/td>\n<\/tr>\n<tr>\n<td style=\"text-align: center;\"><strong>HS<\/strong><\/td>\n<td style=\"text-align: center;\"><\/td>\n<\/tr>\n<tr>\n<td rowspan=\"8\">4to. A\u00f1o<\/td>\n<td width=\"51\">24<\/td>\n<td width=\"316\">Semiolog\u00eda<\/td>\n<td width=\"47\">64<\/td>\n<td width=\"87\">17<\/td>\n<td width=\"120\">10<\/td>\n<td>LU<\/td>\n<td>16 a 20 o 18 a 22hs<\/td>\n<\/tr>\n<tr>\n<td width=\"51\">25<\/td>\n<td width=\"316\">Organizaci\u00f3n y Administraci\u00f3n de la Empresa Publicitaria<\/td>\n<td>96<\/td>\n<td>20<\/td>\n<td>16<\/td>\n<td>VI<\/td>\n<td><\/td>\n<\/tr>\n<tr>\n<td width=\"51\">26<\/td>\n<td width=\"316\">Dise\u00f1o Multimedial<\/td>\n<td width=\"47\">96<\/td>\n<td>18<\/td>\n<td>13<\/td>\n<td>LU<\/td>\n<td>18 a 22hs<\/td>\n<\/tr>\n<tr>\n<td width=\"51\">27<\/td>\n<td width=\"316\">Investigaci\u00f3n en Publicidad<\/td>\n<td width=\"47\">96<\/td>\n<td width=\"87\">21<\/td>\n<td width=\"120\">14<\/td>\n<td>LU<\/td>\n<td><\/td>\n<\/tr>\n<tr>\n<td width=\"51\">28<\/td>\n<td>Prensa y Comunicaci\u00f3n Institucional<\/td>\n<td width=\"47\">96<\/td>\n<td width=\"87\">19<\/td>\n<td width=\"120\">9<\/td>\n<td width=\"39\">MA<\/td>\n<td>\u00a018 a 22hs<\/td>\n<\/tr>\n<tr>\n<td width=\"51\">29<\/td>\n<td width=\"316\">Pol\u00edtica de los Medios de Comunicaci\u00f3n Social<\/td>\n<td width=\"47\">64<\/td>\n<td width=\"87\">&#8211;<\/td>\n<td width=\"120\">15 &#8211; 16<\/td>\n<td>JU<\/td>\n<td>18 a 22hs<\/td>\n<\/tr>\n<tr>\n<td width=\"51\">30<\/td>\n<td width=\"316\">Pr\u00e1ctica Publicitaria<\/td>\n<td width=\"47\">96<\/td>\n<td width=\"87\">20-25<\/td>\n<td width=\"120\">16<\/td>\n<td>VI<\/td>\n<td>18 a 22hs<\/td>\n<\/tr>\n<tr>\n<td width=\"51\">31<\/td>\n<td width=\"316\">Creatividad en Publicidad<\/td>\n<td width=\"47\">64<\/td>\n<td width=\"87\">26<\/td>\n<td width=\"120\">18<\/td>\n<td>MI<\/td>\n<td>18 a 22hs<\/td>\n<\/tr>\n<tr>\n<td><\/td>\n<td><\/td>\n<td width=\"316\">Idioma Extranjero (Ingl\u00e9s o Portugu\u00e9s)<\/td>\n<td><\/td>\n<td><\/td>\n<td><\/td>\n<td><\/td>\n<td><\/td>\n<\/tr>\n<\/tbody>\n<\/table>\n<p><strong>Turnos:<\/strong> Ma\u00f1ana 8 a 12 hs. \/ Tarde: 14 a 18 hs. \/ Noche: 18 a 22 hs.<\/p>\n<p><strong>NOTAS:<\/strong>\u00a0Las correlatividades son de cumplimiento obligatorio<\/p>\n<p><strong>Seminarios<\/strong>: ver oferta detallada<\/p>\n<h3><strong>IDIOMA EXTRANJERO<\/strong><\/h3>\n<h3><strong>ATENCI\u00d3N: S\u00f3lo quedar\u00e1n inscriptos los estudiantes que tengan 15 o m\u00e1s materias aprobadas<\/strong><\/h3>\n<p><strong>Ingl\u00e9s:<\/strong><\/p>\n<table width=\"265\">\n<tbody>\n<tr>\n<td width=\"265\"><strong>NIVEL INICIAL<\/strong><\/td>\n<\/tr>\n<tr>\n<td>Martes\u00a0 de 9 a 12 Hs.<\/td>\n<\/tr>\n<tr>\n<td>Mi\u00e9rcoles de 15 a 18hs<\/td>\n<\/tr>\n<tr>\n<td>S\u00e1bados 9 a 13hs<\/td>\n<\/tr>\n<\/tbody>\n<\/table>\n<table width=\"265\">\n<tbody>\n<tr>\n<td width=\"265\"><strong>NIVEL AVANZADO<\/strong><\/td>\n<\/tr>\n<tr>\n<td>S\u00e1bados 9 a 13hs<\/td>\n<\/tr>\n<tr>\n<td>Martes\u00a0 de 15 a 18 Hs.<\/td>\n<\/tr>\n<tr>\n<td>Mi\u00e9rcoles de 9.30 a 12.30 hs.<\/td>\n<\/tr>\n<\/tbody>\n<\/table>\n<p><strong>Portugu\u00e9s:\u00a0<\/strong><\/p>\n<table width=\"265\">\n<tbody>\n<tr>\n<td width=\"265\"><strong>NIVEL INICIAL<\/strong><\/td>\n<\/tr>\n<tr>\n<td>S\u00e1bados 9 a 13hs<\/td>\n<\/tr>\n<\/tbody>\n<\/table>\n<table width=\"265\">\n<tbody>\n<tr>\n<td width=\"265\"><strong>NIVEL AVANZADO<\/strong><\/td>\n<\/tr>\n<tr>\n<td>Viernes de 15 a 18 hs.<\/td>\n<\/tr>\n<\/tbody>\n<\/table>\n<p>Todos los niveles pueden rendirse en car\u00e1cter libre<\/p>\n","protected":false},"excerpt":{"rendered":"<p>N\u00b0 de orden ASIGNATURA Carga Horaria Correlatividad Cursada Regularizar Aprobar con final D\u00eda Turno HS 1er&#8230;<\/p>\n","protected":false},"author":5,"featured_media":0,"parent":0,"menu_order":0,"comment_status":"closed","ping_status":"closed","template":"","meta":{"footnotes":""},"class_list":["post-10285","page","type-page","status-publish","hentry"],"_links":{"self":[{"href":"https:\/\/www.sociales.unlz.edu.ar\/index.php\/wp-json\/wp\/v2\/pages\/10285","targetHints":{"allow":["GET"]}}],"collection":[{"href":"https:\/\/www.sociales.unlz.edu.ar\/index.php\/wp-json\/wp\/v2\/pages"}],"about":[{"href":"https:\/\/www.sociales.unlz.edu.ar\/index.php\/wp-json\/wp\/v2\/types\/page"}],"author":[{"embeddable":true,"href":"https:\/\/www.sociales.unlz.edu.ar\/index.php\/wp-json\/wp\/v2\/users\/5"}],"replies":[{"embeddable":true,"href":"https:\/\/www.sociales.unlz.edu.ar\/index.php\/wp-json\/wp\/v2\/comments?post=10285"}],"version-history":[{"count":8,"href":"https:\/\/www.sociales.unlz.edu.ar\/index.php\/wp-json\/wp\/v2\/pages\/10285\/revisions"}],"predecessor-version":[{"id":11836,"href":"https:\/\/www.sociales.unlz.edu.ar\/index.php\/wp-json\/wp\/v2\/pages\/10285\/revisions\/11836"}],"wp:attachment":[{"href":"https:\/\/www.sociales.unlz.edu.ar\/index.php\/wp-json\/wp\/v2\/media?parent=10285"}],"curies":[{"name":"wp","href":"https:\/\/api.w.org\/{rel}","templated":true}]}}