{"id":10283,"date":"2020-03-09T13:27:26","date_gmt":"2020-03-09T16:27:26","guid":{"rendered":"https:\/\/www.sociales.unlz.edu.ar\/?page_id=10283"},"modified":"2020-03-09T18:09:15","modified_gmt":"2020-03-09T21:09:15","slug":"aulas-y-dias-de-cursada-tecnicatura-universitaria-y-licenciatura-en-relaciones-publicas-primer-cuatrimestre-2020","status":"publish","type":"page","link":"https:\/\/www.sociales.unlz.edu.ar\/index.php\/aulas-y-dias-de-cursada-tecnicatura-universitaria-y-licenciatura-en-relaciones-publicas-primer-cuatrimestre-2020\/","title":{"rendered":"Tecnicatura y Licenciatura en Relaciones P\u00fablicas: Horarios y d\u00edas de Cursada para el Primer Cuatrimestre 2020"},"content":{"rendered":"<p><strong>Tecnicatura<\/strong><\/p>\n<table width=\"814\">\n<tbody>\n<tr>\n<td rowspan=\"3\" width=\"44\"><\/td>\n<td style=\"text-align: center;\" rowspan=\"3\" width=\"62\"><strong>N\u00b0 de orden<\/strong><\/td>\n<td style=\"text-align: center;\" rowspan=\"3\" width=\"263\"><strong>ASIGNATURA<\/strong><\/td>\n<td style=\"text-align: center;\" rowspan=\"2\" width=\"53\"><strong>Carga Horaria<\/strong><\/td>\n<td style=\"text-align: center;\" colspan=\"2\" width=\"93\"><strong>Correlatividad<\/strong><\/td>\n<td style=\"text-align: center;\" colspan=\"2\" width=\"299\"><strong>Cursada<\/strong><\/td>\n<\/tr>\n<tr>\n<td style=\"text-align: center;\" rowspan=\"2\"><strong>Regularizar<\/strong><\/td>\n<td style=\"text-align: center;\" rowspan=\"2\" width=\"50\"><strong>Aprobar con final<\/strong><\/td>\n<td style=\"text-align: center;\" rowspan=\"2\"><strong>D\u00eda<\/strong><\/td>\n<td style=\"text-align: center;\" rowspan=\"2\" width=\"260\"><b>Turno<\/b><\/td>\n<\/tr>\n<tr>\n<td style=\"text-align: center;\"><strong>HS<\/strong><\/td>\n<\/tr>\n<tr>\n<td rowspan=\"9\" width=\"44\">1er a\u00f1o\u00a0 (Ciclo de Formaci\u00f3n B\u00e1sica)<\/td>\n<td width=\"62\">1<\/td>\n<td width=\"263\">Filosof\u00eda<\/td>\n<td width=\"53\">96<\/td>\n<td width=\"43\">&#8211;<\/td>\n<td width=\"50\">&#8211;<\/td>\n<td>MA<\/td>\n<td>M \/T\/ N<\/td>\n<\/tr>\n<tr>\n<td width=\"62\">1<\/td>\n<td width=\"263\">Filosof\u00eda<\/td>\n<td width=\"53\">96<\/td>\n<td width=\"43\">&#8211;<\/td>\n<td width=\"50\">&#8211;<\/td>\n<td>SA<\/td>\n<td>9 A 13hs<\/td>\n<\/tr>\n<tr>\n<td width=\"62\">2<\/td>\n<td width=\"263\">Historia Social General<\/td>\n<td width=\"53\">96<\/td>\n<td width=\"43\">&#8211;<\/td>\n<td width=\"50\">&#8211;<\/td>\n<td>JU<\/td>\n<td>M \/T\/ N<\/td>\n<\/tr>\n<tr>\n<td width=\"62\">3<\/td>\n<td width=\"263\">Introducci\u00f3n a la Sociolog\u00eda<\/td>\n<td width=\"53\">96<\/td>\n<td width=\"43\">&#8211;<\/td>\n<td width=\"50\">&#8211;<\/td>\n<td>LU<\/td>\n<td>M \/T\/ N<\/td>\n<\/tr>\n<tr>\n<td width=\"62\">4<\/td>\n<td width=\"263\">Psicolog\u00eda General<\/td>\n<td width=\"53\">96<\/td>\n<td width=\"43\">&#8211;<\/td>\n<td width=\"50\">\n<table>\n<tbody>\n<tr>\n<td width=\"50\">&#8211;<\/td>\n<\/tr>\n<\/tbody>\n<\/table>\n<\/td>\n<td>VI<\/td>\n<td>\n<table>\n<tbody>\n<tr>\n<td width=\"260\">M \/T\/ N<\/td>\n<\/tr>\n<\/tbody>\n<\/table>\n<\/td>\n<\/tr>\n<tr>\n<td width=\"62\">5<\/td>\n<td width=\"263\">Econom\u00eda General<\/td>\n<td width=\"53\">96<\/td>\n<td width=\"43\">&#8211;<\/td>\n<td width=\"50\">&#8211;<\/td>\n<td>MA<\/td>\n<td>M \/T\/ N<\/td>\n<\/tr>\n<tr>\n<td width=\"62\">6<\/td>\n<td width=\"263\">Introducci\u00f3n a la Comunicaci\u00f3n<\/td>\n<td width=\"53\">96<\/td>\n<td width=\"43\">&#8211;<\/td>\n<td width=\"50\">&#8211;<\/td>\n<td>VI<\/td>\n<td>M \/T\/ N<\/td>\n<\/tr>\n<tr>\n<td width=\"62\">6<\/td>\n<td width=\"263\">Introducci\u00f3n a la Comunicaci\u00f3n<\/td>\n<td width=\"53\">96<\/td>\n<td width=\"43\">&#8211;<\/td>\n<td width=\"50\">&#8211;<\/td>\n<td>SA<\/td>\n<td>9 A 13hs<\/td>\n<\/tr>\n<tr>\n<td width=\"62\">7<\/td>\n<td width=\"263\">Taller de Lectura y Escritura \u00a0(anual)<\/td>\n<td width=\"53\">64<\/td>\n<td width=\"43\">&#8211;<\/td>\n<td width=\"50\">&#8211;<\/td>\n<td>MI<\/td>\n<td>M \/T \/ N<\/td>\n<\/tr>\n<tr>\n<td rowspan=\"8\">2do a\u00f1o<\/td>\n<td width=\"62\">8<\/td>\n<td>Redacci\u00f3n y Oratoria<\/td>\n<td>96<\/td>\n<td width=\"43\">&#8211;<\/td>\n<td>6- 7<\/td>\n<td>JU<\/td>\n<td>\n<table>\n<tbody>\n<tr>\n<td width=\"260\">18 a 22hs<\/td>\n<\/tr>\n<\/tbody>\n<\/table>\n<\/td>\n<\/tr>\n<tr>\n<td width=\"62\">9<\/td>\n<td width=\"263\">Comunicaci\u00f3n I<\/td>\n<td width=\"53\">96<\/td>\n<td width=\"43\">&#8211;<\/td>\n<td width=\"50\">2- 6<\/td>\n<td>MI<\/td>\n<td>14 a 18 \u00f3 18 a 22hs<\/td>\n<\/tr>\n<tr>\n<td width=\"62\">10<\/td>\n<td width=\"263\">Ling\u00fc\u00edstica<\/td>\n<td width=\"53\">64<\/td>\n<td width=\"43\">&#8211;<\/td>\n<td width=\"50\">3- 7<\/td>\n<td>VI<\/td>\n<td>14 a 18 \u00f3 18 a 22hs<\/td>\n<\/tr>\n<tr>\n<td width=\"62\">11<\/td>\n<td width=\"263\">Psicolog\u00eda Social<\/td>\n<td width=\"53\">64<\/td>\n<td width=\"43\">&#8211;<\/td>\n<td width=\"50\">3-4<\/td>\n<td>MA<\/td>\n<td>8 a 12 \u00f316 a 20 \u00f3 18 a 22hs<\/td>\n<\/tr>\n<tr>\n<td width=\"62\">12<\/td>\n<td width=\"263\">Historia Social Argentina<\/td>\n<td width=\"53\">64<\/td>\n<td width=\"43\">&#8211;<\/td>\n<td width=\"50\">2-5<\/td>\n<td>VI<\/td>\n<td>14 a 18 \u00f3 18 a 22hs<\/td>\n<\/tr>\n<tr>\n<td width=\"62\">13<\/td>\n<td>Ceremonial, Protocolo y Eventos<\/td>\n<td>96<\/td>\n<td>8<\/td>\n<td>6- 7<\/td>\n<td>LU<\/td>\n<td>18 a 22hs<\/td>\n<\/tr>\n<tr>\n<td width=\"62\">14<\/td>\n<td width=\"263\">Metodolog\u00eda de la Investigaci\u00f3n Social I<\/td>\n<td width=\"53\">96<\/td>\n<td width=\"43\">&#8211;<\/td>\n<td width=\"50\">1-3<\/td>\n<td>MI<\/td>\n<td>8 a 12hs \u00f3 14 a 18hs \u00f3 18 a 22hs<\/td>\n<\/tr>\n<tr>\n<td width=\"62\">15<\/td>\n<td width=\"263\">Comunicaci\u00f3n II<\/td>\n<td width=\"53\">96<\/td>\n<td width=\"43\">&#8211;<\/td>\n<td width=\"50\">9<\/td>\n<td>MA<\/td>\n<td>\u00a018 a 22hs<\/td>\n<\/tr>\n<tr>\n<td rowspan=\"8\">3er. A\u00f1o<\/td>\n<td width=\"62\">16<\/td>\n<td width=\"263\">Opini\u00f3n P\u00fablica<\/td>\n<td width=\"53\">96<\/td>\n<td width=\"43\">&#8211;<\/td>\n<td width=\"50\">14<\/td>\n<td>MI<\/td>\n<td>18 a 22hs<\/td>\n<\/tr>\n<tr>\n<td width=\"62\">17<\/td>\n<td>Gesti\u00f3n y Producci\u00f3n de Medios<\/td>\n<td>96<\/td>\n<td>9<\/td>\n<td>3-4<\/td>\n<td>SA<\/td>\n<td>9 a 13hs<\/td>\n<\/tr>\n<tr>\n<td width=\"62\">18<\/td>\n<td width=\"263\">Relaciones Humanas<\/td>\n<td width=\"53\">96<\/td>\n<td width=\"43\">&#8211;<\/td>\n<td width=\"50\">3-4<\/td>\n<td>MI<\/td>\n<td>8 a 12hs<\/td>\n<\/tr>\n<tr>\n<td width=\"62\">19<\/td>\n<td width=\"263\">Comunicaci\u00f3n III<\/td>\n<td width=\"53\">96<\/td>\n<td width=\"43\">15<\/td>\n<td width=\"50\">9<\/td>\n<td>VI<\/td>\n<td>14 a 18hs<\/td>\n<\/tr>\n<tr>\n<td width=\"62\">20<\/td>\n<td width=\"263\">Din\u00e1mica de Grupos<\/td>\n<td width=\"53\">64<\/td>\n<td width=\"43\">&#8211;<\/td>\n<td width=\"50\">11<\/td>\n<td>SA<\/td>\n<td>9 a 13hs<\/td>\n<\/tr>\n<tr>\n<td width=\"62\">21<\/td>\n<td>Marketing I<\/td>\n<td>64<\/td>\n<td width=\"43\">&#8211;<\/td>\n<td>5- 6<\/td>\n<td>VI<\/td>\n<td>18 a 22hs<\/td>\n<\/tr>\n<tr>\n<td width=\"62\">22<\/td>\n<td width=\"263\">Organizaci\u00f3n y Administraci\u00f3n de Empresas<\/td>\n<td width=\"53\">64<\/td>\n<td width=\"43\">18<\/td>\n<td width=\"50\">3- 5<\/td>\n<td width=\"39\">MA<\/td>\n<td>T: 16 a 18\u00a0\u00a0 &#8211; P: 18 a 20hs<\/td>\n<\/tr>\n<tr>\n<td width=\"62\">23<\/td>\n<td width=\"263\">Relaciones P\u00fablicas I<\/td>\n<td width=\"53\">96<\/td>\n<td width=\"43\">&#8211;<\/td>\n<td width=\"50\">13<\/td>\n<td>JU<\/td>\n<td>18 a 22hs<\/td>\n<\/tr>\n<\/tbody>\n<\/table>\n<p><strong>Licenciatura<\/strong><\/p>\n<table width=\"814\">\n<tbody>\n<tr>\n<td rowspan=\"3\" width=\"44\"><\/td>\n<td style=\"text-align: center;\" rowspan=\"3\" width=\"62\">N<strong>\u00b0 de orden<\/strong><\/td>\n<td style=\"text-align: center;\" rowspan=\"3\" width=\"263\"><strong>ASIGNATURA<\/strong><\/td>\n<td style=\"text-align: center;\" rowspan=\"2\" width=\"53\"><strong>Carga Horaria<\/strong><\/td>\n<td style=\"text-align: center;\" colspan=\"2\" width=\"93\"><strong>Correlatividad<\/strong><\/td>\n<td style=\"text-align: center;\" colspan=\"2\" width=\"299\"><strong>Cursada<\/strong><\/td>\n<\/tr>\n<tr>\n<td style=\"text-align: center;\" rowspan=\"2\"><strong>Regularizar<\/strong><\/td>\n<td style=\"text-align: center;\" rowspan=\"2\" width=\"50\"><strong>Aprobar con final<\/strong><\/td>\n<td style=\"text-align: center;\" rowspan=\"2\"><strong>D\u00eda<\/strong><\/td>\n<td style=\"text-align: center;\" rowspan=\"2\"><strong>Turno<\/strong><\/td>\n<\/tr>\n<tr>\n<td style=\"text-align: center;\"><strong>HS<\/strong><\/td>\n<\/tr>\n<tr>\n<td rowspan=\"9\">4to. A\u00f1o<\/td>\n<td>24<\/td>\n<td width=\"263\">Metodolog\u00eda de la Investigaci\u00f3n Social II<\/td>\n<td width=\"53\">96<\/td>\n<td width=\"43\">&#8211;<\/td>\n<td width=\"50\">14<\/td>\n<td>SA<\/td>\n<td>T: 9 a 11\u00a0\u00a0 &#8211; P: 11 a 13hs<\/td>\n<\/tr>\n<tr>\n<td>25<\/td>\n<td width=\"263\">Relaciones Internacionales<\/td>\n<td width=\"53\">64<\/td>\n<td width=\"43\">18<\/td>\n<td width=\"50\">12<\/td>\n<td>MA<\/td>\n<td>18 a 22hs<\/td>\n<\/tr>\n<tr>\n<td>26<\/td>\n<td width=\"263\">Psicolog\u00eda Motivacional<\/td>\n<td width=\"53\">96<\/td>\n<td width=\"43\">&#8211;<\/td>\n<td width=\"50\">20<\/td>\n<td>VI<\/td>\n<td>18 a 22hs<\/td>\n<\/tr>\n<tr>\n<td>27<\/td>\n<td width=\"263\">Relaciones P\u00fablicas II<\/td>\n<td width=\"53\">96<\/td>\n<td width=\"43\">&#8211;<\/td>\n<td width=\"50\">23<\/td>\n<td>JU<\/td>\n<td>18 a 22hs<\/td>\n<\/tr>\n<tr>\n<td>28<\/td>\n<td width=\"263\">Antropolog\u00eda Cultural<\/td>\n<td width=\"53\">64<\/td>\n<td width=\"43\">&#8211;<\/td>\n<td width=\"50\">1-3<\/td>\n<td>JU<\/td>\n<td>M \/T \/ N<\/td>\n<\/tr>\n<tr>\n<td>29<\/td>\n<td width=\"263\">Semiolog\u00eda<\/td>\n<td width=\"53\">64<\/td>\n<td width=\"43\">15<\/td>\n<td width=\"50\">9- 10<\/td>\n<td>LU<\/td>\n<td>16 a 20 \u00f3 18 a 22hs<\/td>\n<\/tr>\n<tr>\n<td>30<\/td>\n<td>Comportamiento Organizacional<\/td>\n<td>96<\/td>\n<td width=\"43\">&#8211;<\/td>\n<td>20<\/td>\n<td>MI<\/td>\n<td>18 a 22hs<\/td>\n<\/tr>\n<tr>\n<td>31<\/td>\n<td width=\"263\">Relaciones P\u00fablicas III<\/td>\n<td width=\"53\">96<\/td>\n<td width=\"43\">27<\/td>\n<td width=\"50\">23<\/td>\n<td>JU<\/td>\n<td>18 a 22hs<\/td>\n<\/tr>\n<tr>\n<td width=\"62\"><\/td>\n<td width=\"263\">Idioma Extranjero (Ingl\u00e9s o Portugu\u00e9s)<\/td>\n<td width=\"53\"><\/td>\n<td width=\"43\"><\/td>\n<td width=\"50\"><\/td>\n<td><\/td>\n<td><\/td>\n<\/tr>\n<\/tbody>\n<\/table>\n<p>Turnos: Ma\u00f1ana 8 a 12 hs. \/ Tarde: 14 a 18 hs. \/ Noche: 18 a 22 hs.<\/p>\n<p>NOTAS:\u00a0Las correlatividades son de cumplimiento obligatorio<\/p>\n<p>Seminarios: ver oferta detallada<\/p>\n<h3><strong>IDIOMA EXTRANJERO<\/strong><\/h3>\n<h3><strong>ATENCI\u00d3N: S\u00f3lo quedar\u00e1n inscriptos los estudiantes que tengan 15 o m\u00e1s materias aprobadas<\/strong><\/h3>\n<p><strong>Ingl\u00e9s:<\/strong><\/p>\n<table width=\"222\">\n<tbody>\n<tr>\n<td width=\"222\"><strong>NIVEL INICIAL<\/strong><\/td>\n<\/tr>\n<tr>\n<td>Martes\u00a0 de 9 a 12 hs.<\/td>\n<\/tr>\n<tr>\n<td>Mi\u00e9rcoles de 15 a 18 hs.<\/td>\n<\/tr>\n<tr>\n<td>S\u00e1bados 9 a 13 hs.<\/td>\n<\/tr>\n<\/tbody>\n<\/table>\n<table width=\"222\">\n<tbody>\n<tr>\n<td width=\"222\"><strong>NIVEL AVANZADO<\/strong><\/td>\n<\/tr>\n<tr>\n<td>S\u00e1bados 9 a 13hs<\/td>\n<\/tr>\n<tr>\n<td>Martes\u00a0 de 15 a 18 hs.<\/td>\n<\/tr>\n<tr>\n<td>Mi\u00e9rcoles de 9.30 a 12.30 hs.<\/td>\n<\/tr>\n<\/tbody>\n<\/table>\n<p><strong>Portugu\u00e9s:<\/strong><\/p>\n<table width=\"222\">\n<tbody>\n<tr>\n<td width=\"222\"><strong>NIVEL INICIAL<\/strong><\/td>\n<\/tr>\n<tr>\n<td>S\u00e1bados 9 a 13 hs.<\/td>\n<\/tr>\n<\/tbody>\n<\/table>\n<table width=\"222\">\n<tbody>\n<tr>\n<td width=\"222\"><strong>NIVEL AVANZADO<\/strong><\/td>\n<\/tr>\n<tr>\n<td>Viernes de 15 a 18 hs.<\/td>\n<\/tr>\n<\/tbody>\n<\/table>\n<p>TODOS LOS NIVELES PUEDEN RENDIRSE EN CAR\u00c1CTER DE LIBRE<\/p>\n","protected":false},"excerpt":{"rendered":"<p>Tecnicatura N\u00b0 de orden ASIGNATURA Carga Horaria Correlatividad Cursada Regularizar Aprobar con final D\u00eda Turno HS&#8230;<\/p>\n","protected":false},"author":5,"featured_media":0,"parent":0,"menu_order":0,"comment_status":"closed","ping_status":"closed","template":"","meta":{"footnotes":""},"class_list":["post-10283","page","type-page","status-publish","hentry"],"_links":{"self":[{"href":"https:\/\/www.sociales.unlz.edu.ar\/index.php\/wp-json\/wp\/v2\/pages\/10283","targetHints":{"allow":["GET"]}}],"collection":[{"href":"https:\/\/www.sociales.unlz.edu.ar\/index.php\/wp-json\/wp\/v2\/pages"}],"about":[{"href":"https:\/\/www.sociales.unlz.edu.ar\/index.php\/wp-json\/wp\/v2\/types\/page"}],"author":[{"embeddable":true,"href":"https:\/\/www.sociales.unlz.edu.ar\/index.php\/wp-json\/wp\/v2\/users\/5"}],"replies":[{"embeddable":true,"href":"https:\/\/www.sociales.unlz.edu.ar\/index.php\/wp-json\/wp\/v2\/comments?post=10283"}],"version-history":[{"count":4,"href":"https:\/\/www.sociales.unlz.edu.ar\/index.php\/wp-json\/wp\/v2\/pages\/10283\/revisions"}],"predecessor-version":[{"id":10391,"href":"https:\/\/www.sociales.unlz.edu.ar\/index.php\/wp-json\/wp\/v2\/pages\/10283\/revisions\/10391"}],"wp:attachment":[{"href":"https:\/\/www.sociales.unlz.edu.ar\/index.php\/wp-json\/wp\/v2\/media?parent=10283"}],"curies":[{"name":"wp","href":"https:\/\/api.w.org\/{rel}","templated":true}]}}