{"id":10281,"date":"2020-03-09T13:27:17","date_gmt":"2020-03-09T16:27:17","guid":{"rendered":"https:\/\/www.sociales.unlz.edu.ar\/?page_id=10281"},"modified":"2020-03-09T18:06:29","modified_gmt":"2020-03-09T21:06:29","slug":"aulas-y-dias-de-cursada-relaciones-laborales-primer-cuatrimestre-2020","status":"publish","type":"page","link":"https:\/\/www.sociales.unlz.edu.ar\/index.php\/aulas-y-dias-de-cursada-relaciones-laborales-primer-cuatrimestre-2020\/","title":{"rendered":"Relaciones Laborales: Horarios y d\u00edas de Cursada para el Primer Cuatrimestre 2020"},"content":{"rendered":"<p><strong>Tecnicatura<\/strong><\/p>\n<table width=\"861\">\n<tbody>\n<tr>\n<td rowspan=\"3\" width=\"35\"><\/td>\n<td style=\"text-align: center;\" rowspan=\"3\" width=\"61\">N<strong>\u00b0 de orden<\/strong><\/td>\n<td style=\"text-align: center;\" rowspan=\"3\" width=\"345\"><strong>ASIGNATURA<\/strong><\/td>\n<td style=\"text-align: center;\" rowspan=\"2\" width=\"42\"><strong>Carga Horaria<\/strong><\/td>\n<td style=\"text-align: center;\" colspan=\"2\" width=\"88\"><strong>Correlatividad<\/strong><\/td>\n<td style=\"text-align: center;\" colspan=\"2\" width=\"290\"><strong>Cursada<\/strong><\/td>\n<\/tr>\n<tr>\n<td style=\"text-align: center;\" rowspan=\"2\"><strong>Regularizar<\/strong><\/td>\n<td style=\"text-align: center;\" rowspan=\"2\" width=\"41\"><strong>Aprobar con final<\/strong><\/td>\n<td style=\"text-align: center;\" rowspan=\"2\"><strong>D\u00eda<\/strong><\/td>\n<td style=\"text-align: center;\" rowspan=\"2\" width=\"251\"><strong>Turno<\/strong><\/td>\n<\/tr>\n<tr>\n<td style=\"text-align: center;\"><strong>HS<\/strong><\/td>\n<\/tr>\n<tr>\n<td rowspan=\"8\">1er a\u00f1o\u00a0 (Ciclo de Formaci\u00f3n General)<\/td>\n<td width=\"61\">1<\/td>\n<td width=\"345\">Filosof\u00eda<\/td>\n<td width=\"42\">96<\/td>\n<td width=\"47\">&#8211;<\/td>\n<td width=\"41\">&#8211;<\/td>\n<td>MA<\/td>\n<td>M \/T \/ N<\/td>\n<\/tr>\n<tr>\n<td width=\"61\">1<\/td>\n<td width=\"345\">Filosof\u00eda<\/td>\n<td width=\"42\">96<\/td>\n<td width=\"47\">&#8211;<\/td>\n<td width=\"41\">&#8211;<\/td>\n<td>SA<\/td>\n<td>9 A 13hs<\/td>\n<\/tr>\n<tr>\n<td width=\"61\">2<\/td>\n<td width=\"345\">Historia Social General<\/td>\n<td width=\"42\">96<\/td>\n<td width=\"47\">&#8211;<\/td>\n<td width=\"41\">&#8211;<\/td>\n<td>JU<\/td>\n<td>M \/T \/ N<\/td>\n<\/tr>\n<tr>\n<td width=\"61\">3<\/td>\n<td width=\"345\">Introducci\u00f3n a la Sociolog\u00eda<\/td>\n<td width=\"42\">96<\/td>\n<td width=\"47\">&#8211;<\/td>\n<td width=\"41\">&#8211;<\/td>\n<td>LU<\/td>\n<td>M \/T \/ N<\/td>\n<\/tr>\n<tr>\n<td width=\"61\">4<\/td>\n<td width=\"345\">Psicolog\u00eda General<\/td>\n<td width=\"42\">96<\/td>\n<td width=\"47\">&#8211;<\/td>\n<td width=\"41\">&#8211;<\/td>\n<td>VI<\/td>\n<td>\n<table>\n<tbody>\n<tr>\n<td width=\"0\"><\/td>\n<td width=\"21\"><\/td>\n<td width=\"17\"><\/td>\n<td width=\"22\"><\/td>\n<\/tr>\n<tr>\n<td><\/td>\n<td colspan=\"2\"><\/td>\n<td rowspan=\"2\"><\/td>\n<\/tr>\n<tr>\n<td><\/td>\n<td rowspan=\"2\"><\/td>\n<\/tr>\n<tr>\n<td><\/td>\n<\/tr>\n<\/tbody>\n<\/table>\n<table>\n<tbody>\n<tr>\n<td width=\"251\">M \/T \/ N<\/td>\n<\/tr>\n<\/tbody>\n<\/table>\n<\/td>\n<\/tr>\n<tr>\n<td width=\"61\">5<\/td>\n<td width=\"345\">Econom\u00eda General<\/td>\n<td width=\"42\">96<\/td>\n<td width=\"47\">&#8211;<\/td>\n<td width=\"41\">&#8211;<\/td>\n<td>MA<\/td>\n<td>M \/T \/ N<\/td>\n<\/tr>\n<tr>\n<td width=\"61\">6<\/td>\n<td width=\"345\">Introducci\u00f3n a las Relaciones Laborales<\/td>\n<td width=\"42\">96<\/td>\n<td width=\"47\">&#8211;<\/td>\n<td width=\"41\">&#8211;<\/td>\n<td>LU<\/td>\n<td>M \/N<\/td>\n<\/tr>\n<tr>\n<td width=\"61\">7<\/td>\n<td width=\"345\">Taller de Lectura y Escritura\u00a0 (anual)<\/td>\n<td width=\"42\">64<\/td>\n<td width=\"47\">&#8211;<\/td>\n<td width=\"41\">&#8211;<\/td>\n<td>MI<\/td>\n<td>M \/T \/ N<\/td>\n<\/tr>\n<tr>\n<td rowspan=\"9\">2do a\u00f1o<\/td>\n<td>8<\/td>\n<td width=\"345\">Metodolog\u00eda de la Investigaci\u00f3n Social<\/td>\n<td width=\"42\">96<\/td>\n<td width=\"47\">7<\/td>\n<td>1-3<\/td>\n<td>MI<\/td>\n<td>8 a 12hs \u00f3 14 a 18hs \u00f3 18 a 22hs<\/td>\n<\/tr>\n<tr>\n<td>9<\/td>\n<td width=\"345\">Psicolog\u00eda Social<\/td>\n<td width=\"42\">96<\/td>\n<td width=\"47\">&#8211;<\/td>\n<td>3-4<\/td>\n<td>MA<\/td>\n<td>8 a 12 \u00f316 a 20hs<\/td>\n<\/tr>\n<tr>\n<td>10<\/td>\n<td width=\"345\">Derecho Laboral I<\/td>\n<td width=\"42\">64<\/td>\n<td width=\"47\">&#8211;<\/td>\n<td>1-2<\/td>\n<td>LU<\/td>\n<td>14 a 18 \u00f3 18 a 22hs<\/td>\n<\/tr>\n<tr>\n<td>11<\/td>\n<td width=\"345\">Empleo<\/td>\n<td width=\"42\">96<\/td>\n<td width=\"47\">&#8211;<\/td>\n<td>4 -6<\/td>\n<td>JU<\/td>\n<td>18 a 22hs<\/td>\n<\/tr>\n<tr>\n<td>12<\/td>\n<td width=\"345\">Organizaci\u00f3n y Administraci\u00f3n de Empresas<\/td>\n<td width=\"42\">96<\/td>\n<td width=\"47\">&#8211;<\/td>\n<td width=\"41\">5 -6<\/td>\n<td>MA<\/td>\n<td>T: 16 a 18\u00a0\u00a0 &#8211; P: 18 a 20hs<\/td>\n<\/tr>\n<tr>\n<td>13<\/td>\n<td width=\"345\">Estad\u00edstica y An\u00e1lisis de la Informaci\u00f3n<\/td>\n<td width=\"42\">96<\/td>\n<td width=\"47\">&#8211;<\/td>\n<td>8<\/td>\n<td>MI<\/td>\n<td>16 a 20 \u00f3 18 a 22hs<\/td>\n<\/tr>\n<tr>\n<td><\/td>\n<td width=\"345\">Estadistica 1er dia no hay pr\u00e0ctico de 16 a 18hs<\/td>\n<td width=\"42\"><\/td>\n<td width=\"47\"><\/td>\n<td><\/td>\n<td><\/td>\n<td><\/td>\n<\/tr>\n<tr>\n<td>14<\/td>\n<td width=\"345\">Historia Social Argentina<\/td>\n<td width=\"42\">64<\/td>\n<td width=\"47\">&#8211;<\/td>\n<td>2-5<\/td>\n<td>VI<\/td>\n<td>14 a 18 \u00f3 18 a 22hs<\/td>\n<\/tr>\n<tr>\n<td>15<\/td>\n<td width=\"345\">Administraci\u00f3n de Personal<\/td>\n<td width=\"42\">96<\/td>\n<td width=\"47\">12<\/td>\n<td>10<\/td>\n<td>VI<\/td>\n<td>\n<table>\n<tbody>\n<tr>\n<td width=\"251\"><\/td>\n<\/tr>\n<\/tbody>\n<\/table>\n<\/td>\n<\/tr>\n<tr>\n<td rowspan=\"8\">3er. A\u00f1o<\/td>\n<td>16<\/td>\n<td width=\"345\">Formaci\u00f3n y Capacitaci\u00f3n<\/td>\n<td width=\"42\">96<\/td>\n<td width=\"47\">11<\/td>\n<td>6<\/td>\n<td>VI<\/td>\n<td>18 a 22hs<\/td>\n<\/tr>\n<tr>\n<td>17<\/td>\n<td width=\"345\">Condiciones y Medio Ambiente del Trabajo<\/td>\n<td width=\"42\">96<\/td>\n<td width=\"47\">&#8211;<\/td>\n<td>10<\/td>\n<td>SA<\/td>\n<td>9 A 13hs<\/td>\n<\/tr>\n<tr>\n<td>18<\/td>\n<td width=\"345\">Sociolog\u00eda del Trabajo<\/td>\n<td width=\"42\">96<\/td>\n<td width=\"47\">&#8211;<\/td>\n<td>9<\/td>\n<td>JU<\/td>\n<td>18 a 22hs<\/td>\n<\/tr>\n<tr>\n<td>19<\/td>\n<td width=\"345\">Administraci\u00f3n y Liquidaci\u00f3n de\u00a0 Sueldos y Jornales<\/td>\n<td width=\"42\">96<\/td>\n<td width=\"47\">&#8211;<\/td>\n<td>15<\/td>\n<td>VI<\/td>\n<td>18 a 22hs<\/td>\n<\/tr>\n<tr>\n<td>20<\/td>\n<td width=\"345\">Derecho de la Seguridad Social<\/td>\n<td width=\"42\">96<\/td>\n<td width=\"47\">&#8211;<\/td>\n<td>10<\/td>\n<td>MI<\/td>\n<td><\/td>\n<\/tr>\n<tr>\n<td>21<\/td>\n<td width=\"345\">Remuneraciones y Pol\u00edtica Salarial<\/td>\n<td width=\"42\">96<\/td>\n<td width=\"47\">&#8211;<\/td>\n<td>11 -13<\/td>\n<td>MA<\/td>\n<td>18 a 22hs<\/td>\n<\/tr>\n<tr>\n<td>22<\/td>\n<td width=\"345\">Organizaci\u00f3n y Pr\u00e1ctica Sindical<\/td>\n<td width=\"42\">96<\/td>\n<td width=\"47\">&#8211;<\/td>\n<td>6-14<\/td>\n<td>SA<\/td>\n<td>9 a 13hs<\/td>\n<\/tr>\n<tr>\n<td>23<\/td>\n<td width=\"345\">Prensa y Comunicaci\u00f3n Institucional<\/td>\n<td width=\"42\">96<\/td>\n<td width=\"47\">12<\/td>\n<td>7<\/td>\n<td width=\"39\">MA<\/td>\n<td>18 a 22hs<\/td>\n<\/tr>\n<\/tbody>\n<\/table>\n<p><strong>Licenciatura<\/strong><\/p>\n<table width=\"861\">\n<tbody>\n<tr>\n<td rowspan=\"3\" width=\"35\"><\/td>\n<td style=\"text-align: center;\" rowspan=\"3\" width=\"61\"><strong>N\u00b0 de orden<\/strong><\/td>\n<td style=\"text-align: center;\" rowspan=\"3\" width=\"345\"><strong>ASIGNATURA<\/strong><\/td>\n<td style=\"text-align: center;\" rowspan=\"2\" width=\"42\"><strong>Carga Horaria<\/strong><\/td>\n<td style=\"text-align: center;\" colspan=\"2\" width=\"88\"><strong>Correlatividad<\/strong><\/td>\n<td style=\"text-align: center;\" colspan=\"2\" width=\"290\"><strong>Cursada<\/strong><\/td>\n<\/tr>\n<tr>\n<td style=\"text-align: center;\" rowspan=\"2\"><strong>Regularizar<\/strong><\/td>\n<td style=\"text-align: center;\" rowspan=\"2\" width=\"41\"><strong>Aprobar con final<\/strong><\/td>\n<td rowspan=\"2\"><strong>D\u00eda<\/strong><\/td>\n<td><strong>Turno<\/strong><\/td>\n<\/tr>\n<tr>\n<td style=\"text-align: center;\"><strong>HS<\/strong><\/td>\n<td style=\"text-align: center;\"><\/td>\n<\/tr>\n<tr>\n<td rowspan=\"8\">4to. A\u00f1o<\/td>\n<td>24<\/td>\n<td width=\"345\">Pol\u00edtica y Planificaci\u00f3n de la Funci\u00f3n P\u00fablica<\/td>\n<td width=\"42\">96<\/td>\n<td width=\"47\">18<\/td>\n<td width=\"41\">12<\/td>\n<td>JU<\/td>\n<td>18 a 22hs<\/td>\n<\/tr>\n<tr>\n<td>25<\/td>\n<td width=\"345\">Derecho Laboral II<\/td>\n<td width=\"42\">96<\/td>\n<td width=\"47\">&#8211;<\/td>\n<td>10<\/td>\n<td>LU<\/td>\n<td><\/td>\n<\/tr>\n<tr>\n<td>26<\/td>\n<td>Econom\u00eda y\u00a0 Presupuesto<\/td>\n<td>96<\/td>\n<td>21<\/td>\n<td>13<\/td>\n<td width=\"39\">VI<\/td>\n<td>18 a 22hs<\/td>\n<\/tr>\n<tr>\n<td>27<\/td>\n<td width=\"345\">Comportamiento organizacional<\/td>\n<td width=\"42\">96<\/td>\n<td width=\"47\">&#8211;<\/td>\n<td width=\"41\">9<\/td>\n<td width=\"39\">MI<\/td>\n<td><\/td>\n<\/tr>\n<tr>\n<td>28<\/td>\n<td width=\"345\">Relaciones Laborales<\/td>\n<td width=\"42\">96<\/td>\n<td width=\"47\">24<\/td>\n<td width=\"41\">18<\/td>\n<td width=\"39\">MA<\/td>\n<td><\/td>\n<\/tr>\n<tr>\n<td>29<\/td>\n<td width=\"345\">Derecho Procesal, Judicial, Laboral y Administrativo<\/td>\n<td width=\"42\">96<\/td>\n<td width=\"47\">20<\/td>\n<td width=\"41\">10<\/td>\n<td width=\"39\">MI<\/td>\n<td>18 a 22hs<\/td>\n<\/tr>\n<tr>\n<td>30<\/td>\n<td>Gesti\u00f3n y Resoluci\u00f3n de Conflictos<\/td>\n<td width=\"42\">96<\/td>\n<td>25<\/td>\n<td>22<\/td>\n<td width=\"39\">VI<\/td>\n<td>18 a 22hs<\/td>\n<\/tr>\n<tr>\n<td>31<\/td>\n<td width=\"345\">Materia Optativa<\/td>\n<td width=\"42\">64<\/td>\n<td width=\"47\">&#8211;<\/td>\n<td width=\"41\">&#8211;<\/td>\n<td width=\"39\"><\/td>\n<td><\/td>\n<\/tr>\n<tr>\n<td><\/td>\n<td><\/td>\n<td width=\"345\">Idioma Extranjero (Ingl\u00e9s o Portugu\u00e9s)<\/td>\n<td><\/td>\n<td><\/td>\n<td width=\"41\"><\/td>\n<td width=\"39\"><\/td>\n<td><\/td>\n<\/tr>\n<\/tbody>\n<\/table>\n<table width=\"765\">\n<tbody>\n<tr>\n<td colspan=\"6\" width=\"765\"><strong>Materias Optativas<\/strong><\/td>\n<\/tr>\n<tr>\n<td>Teor\u00eda Social<\/td>\n<td>64<\/td>\n<td width=\"47\">&#8211;<\/td>\n<td width=\"41\">2- 3<\/td>\n<td>LU<\/td>\n<td>14 a 18 \u00f3 18 a 22hs<\/td>\n<\/tr>\n<tr>\n<td width=\"345\">La Filosof\u00eda Pol\u00edtica Moderna<\/td>\n<td>64<\/td>\n<td width=\"47\">&#8211;<\/td>\n<td width=\"41\">1- 18<\/td>\n<td>VI<\/td>\n<td>18 a 22hs<\/td>\n<\/tr>\n<tr>\n<td>Redacci\u00f3n y Oratoria<\/td>\n<td>64<\/td>\n<td width=\"47\">16<\/td>\n<td>\u00a07<\/td>\n<td>JU<\/td>\n<td>18 a 22hs<\/td>\n<\/tr>\n<tr>\n<td>Relaciones Internacionales<\/td>\n<td>64<\/td>\n<td width=\"47\">&#8211;<\/td>\n<td width=\"41\">14<\/td>\n<td>MA<\/td>\n<td>18 a 22hs<\/td>\n<\/tr>\n<tr>\n<td>Tecnolog\u00edas Aplicadas a las RRLL<\/td>\n<td>64<\/td>\n<td>19<\/td>\n<td>13<\/td>\n<td>JU<\/td>\n<td><\/td>\n<\/tr>\n<\/tbody>\n<\/table>\n<p><span style=\"font-size: 1rem;\"><br \/>\nNOTAS:\u00a0Las correlatividades son de cumplimiento obligatorio<\/span>Turnos: Ma\u00f1ana 8 a 12 hs. \/ Tarde: 14 a 18 hs. \/ Noche: 18 a 22 hs.<\/p>\n<p>Seminarios: ver oferta detallada<\/p>\n<h3><strong>IDIOMA EXTRANJERO<\/strong><\/h3>\n<h3><strong>ATENCI\u00d3N: S\u00f3lo quedar\u00e1n inscriptos los estudiantes que tengan 15 o m\u00e1s materias aprobadas<\/strong><\/h3>\n<p><strong>Ingl\u00e9s:<\/strong><\/p>\n<table width=\"222\">\n<tbody>\n<tr>\n<td width=\"222\"><strong>NIVEL INICIAL<\/strong><\/td>\n<\/tr>\n<tr>\n<td>Martes\u00a0 de 9 a 12 Hs.<\/td>\n<\/tr>\n<tr>\n<td>Mi\u00e9rcoles de 15 a 18hs<\/td>\n<\/tr>\n<tr>\n<td>S\u00e1bados 9 a 13hs<\/td>\n<\/tr>\n<\/tbody>\n<\/table>\n<table width=\"222\">\n<tbody>\n<tr>\n<td width=\"222\"><strong>NIVEL AVANZADO<\/strong><\/td>\n<\/tr>\n<tr>\n<td>S\u00e1bados 9 a 13hs<\/td>\n<\/tr>\n<tr>\n<td>Martes\u00a0 de 15 a 18 Hs.<\/td>\n<\/tr>\n<tr>\n<td>Mi\u00e9rcoles de 9.30 a 12.30 hs.<\/td>\n<\/tr>\n<\/tbody>\n<\/table>\n<p><strong>Portugu\u00e9s:<\/strong><\/p>\n<table width=\"222\">\n<tbody>\n<tr>\n<td width=\"222\"><strong>NIVEL INICIAL<\/strong><\/td>\n<\/tr>\n<tr>\n<td>S\u00e1bados 9 a 13hs<\/td>\n<\/tr>\n<\/tbody>\n<\/table>\n<table width=\"222\">\n<tbody>\n<tr>\n<td width=\"222\"><strong>NIVEL AVANZADO<\/strong><\/td>\n<\/tr>\n<tr>\n<td>Viernes de 15 a 18 hs.<\/td>\n<\/tr>\n<\/tbody>\n<\/table>\n<p>TODOS LOS NIVELES PUEDEN RENDIRSE EN CAR\u00c1CTER DE LIBRE<\/p>\n","protected":false},"excerpt":{"rendered":"<p>Tecnicatura N\u00b0 de orden ASIGNATURA Carga Horaria Correlatividad Cursada Regularizar Aprobar con final D\u00eda Turno HS&#8230;<\/p>\n","protected":false},"author":5,"featured_media":0,"parent":0,"menu_order":0,"comment_status":"closed","ping_status":"closed","template":"","meta":{"footnotes":""},"class_list":["post-10281","page","type-page","status-publish","hentry"],"_links":{"self":[{"href":"https:\/\/www.sociales.unlz.edu.ar\/index.php\/wp-json\/wp\/v2\/pages\/10281","targetHints":{"allow":["GET"]}}],"collection":[{"href":"https:\/\/www.sociales.unlz.edu.ar\/index.php\/wp-json\/wp\/v2\/pages"}],"about":[{"href":"https:\/\/www.sociales.unlz.edu.ar\/index.php\/wp-json\/wp\/v2\/types\/page"}],"author":[{"embeddable":true,"href":"https:\/\/www.sociales.unlz.edu.ar\/index.php\/wp-json\/wp\/v2\/users\/5"}],"replies":[{"embeddable":true,"href":"https:\/\/www.sociales.unlz.edu.ar\/index.php\/wp-json\/wp\/v2\/comments?post=10281"}],"version-history":[{"count":5,"href":"https:\/\/www.sociales.unlz.edu.ar\/index.php\/wp-json\/wp\/v2\/pages\/10281\/revisions"}],"predecessor-version":[{"id":10385,"href":"https:\/\/www.sociales.unlz.edu.ar\/index.php\/wp-json\/wp\/v2\/pages\/10281\/revisions\/10385"}],"wp:attachment":[{"href":"https:\/\/www.sociales.unlz.edu.ar\/index.php\/wp-json\/wp\/v2\/media?parent=10281"}],"curies":[{"name":"wp","href":"https:\/\/api.w.org\/{rel}","templated":true}]}}