{"id":10279,"date":"2020-03-09T13:27:08","date_gmt":"2020-03-09T16:27:08","guid":{"rendered":"https:\/\/www.sociales.unlz.edu.ar\/?page_id=10279"},"modified":"2020-03-09T18:12:08","modified_gmt":"2020-03-09T21:12:08","slug":"aulas-y-dias-de-cursada-ciencias-de-la-educacion-primer-cuatrimestre-2020","status":"publish","type":"page","link":"https:\/\/www.sociales.unlz.edu.ar\/index.php\/aulas-y-dias-de-cursada-ciencias-de-la-educacion-primer-cuatrimestre-2020\/","title":{"rendered":"Ciencias de la Educaci\u00f3n: Horarios y d\u00edas de Cursada para el Primer Cuatrimestre 2020"},"content":{"rendered":"<table width=\"806\">\n<tbody>\n<tr>\n<td rowspan=\"3\" width=\"46\"><\/td>\n<td style=\"text-align: center;\" rowspan=\"3\" width=\"51\"><strong>N\u00b0 de orden<\/strong><\/td>\n<td style=\"text-align: center;\" rowspan=\"3\" width=\"222\"><strong>ASIGNATURA<\/strong><\/td>\n<td style=\"text-align: center;\" rowspan=\"2\" width=\"52\"><strong>Carga Horaria<\/strong><\/td>\n<td style=\"text-align: center;\" colspan=\"2\" width=\"122\"><strong>Correlatividad<\/strong><\/td>\n<td style=\"text-align: center;\" colspan=\"2\" width=\"313\"><strong>Cursada<\/strong><\/td>\n<\/tr>\n<tr>\n<td style=\"text-align: center;\" rowspan=\"2\"><strong>Regular<\/strong><\/td>\n<td style=\"text-align: center;\" rowspan=\"2\" width=\"64\"><strong>Aprobar con final<\/strong><\/td>\n<td style=\"text-align: center;\" rowspan=\"2\"><strong>D\u00eda<\/strong><\/td>\n<td style=\"text-align: center;\" rowspan=\"2\" width=\"266\"><strong>Horario<\/strong><\/td>\n<\/tr>\n<tr>\n<td style=\"text-align: center;\"><strong>HS<\/strong><\/td>\n<\/tr>\n<tr>\n<td rowspan=\"8\">1er a\u00f1o \u00a0(Ciclo de Formaci\u00f3n General)<\/td>\n<td>1<\/td>\n<td width=\"222\">Filosof\u00eda<\/td>\n<td width=\"52\">96<\/td>\n<td width=\"58\">&#8211;<\/td>\n<td width=\"64\">&#8211;<\/td>\n<td>MA<\/td>\n<td>M \/T \/ N<\/td>\n<\/tr>\n<tr>\n<td width=\"51\">1<\/td>\n<td width=\"222\">Filosof\u00eda<\/td>\n<td width=\"52\">96<\/td>\n<td width=\"58\">&#8211;<\/td>\n<td width=\"64\">&#8211;<\/td>\n<td>SA<\/td>\n<td>9 A 13hs<\/td>\n<\/tr>\n<tr>\n<td>2<\/td>\n<td width=\"222\">Historia Social General<\/td>\n<td width=\"52\">96<\/td>\n<td width=\"58\">&#8211;<\/td>\n<td width=\"64\">&#8211;<\/td>\n<td>JU<\/td>\n<td>M \/T \/ N<\/td>\n<\/tr>\n<tr>\n<td>3<\/td>\n<td width=\"222\">Introducci\u00f3n a la Sociolog\u00eda<\/td>\n<td width=\"52\">96<\/td>\n<td width=\"58\">&#8211;<\/td>\n<td width=\"64\">&#8211;<\/td>\n<td>LU<\/td>\n<td>M \/T \/ N<\/td>\n<\/tr>\n<tr>\n<td>4<\/td>\n<td width=\"222\">Psicolog\u00eda General<\/td>\n<td width=\"52\">96<\/td>\n<td width=\"58\">&#8211;<\/td>\n<td width=\"64\">&#8211;<\/td>\n<td>VI<\/td>\n<td>M \/T \/ N<\/td>\n<\/tr>\n<tr>\n<td>5<\/td>\n<td width=\"222\">Econom\u00eda General<\/td>\n<td width=\"52\">96<\/td>\n<td width=\"58\">&#8211;<\/td>\n<td width=\"64\">&#8211;<\/td>\n<td>MA<\/td>\n<td>M\/T\/N<\/td>\n<\/tr>\n<tr>\n<td>6<\/td>\n<td width=\"222\">Introducci\u00f3n a la Educaci\u00f3n<\/td>\n<td width=\"52\">96<\/td>\n<td width=\"58\"><\/td>\n<td width=\"64\"><\/td>\n<td>LU<\/td>\n<td>M \/T \/ N<\/td>\n<\/tr>\n<tr>\n<td>7<\/td>\n<td width=\"222\">Taller de Lectura y Escritura\u00a0 (anual)<\/td>\n<td width=\"52\">64<\/td>\n<td width=\"58\">&#8211;<\/td>\n<td width=\"64\">&#8211;<\/td>\n<td>MI<\/td>\n<td>M \/T \/ N<\/td>\n<\/tr>\n<tr>\n<td rowspan=\"9\">2do a\u00f1o<\/td>\n<td>8<\/td>\n<td width=\"222\">Pedagog\u00eda<\/td>\n<td width=\"52\">128<\/td>\n<td width=\"58\">6<\/td>\n<td width=\"64\">2-3<\/td>\n<td>MI<\/td>\n<td>14 a 18hs o 18 a 22hs<\/td>\n<\/tr>\n<tr>\n<td><\/td>\n<td width=\"222\">Pedagog\u00eda MODALIDAD VIRTUAL<\/td>\n<td width=\"52\"><\/td>\n<td width=\"58\"><\/td>\n<td width=\"64\"><\/td>\n<td><\/td>\n<td>Informaci\u00f3n blog c\u00e1tedra<\/td>\n<\/tr>\n<tr>\n<td>9<\/td>\n<td width=\"222\">Fundamentos Biol\u00f3gicos para la Educaci\u00f3n<\/td>\n<td width=\"52\">96<\/td>\n<td width=\"58\">&#8211;<\/td>\n<td width=\"64\">3-4<\/td>\n<td>VI<\/td>\n<td>P: 14 a 16\u00a0 &#8211;\u00a0 T: 16 a 18hs<\/td>\n<\/tr>\n<tr>\n<td>10<\/td>\n<td width=\"222\">Psicolog\u00eda del Desarrollo (Cs. Ed.)<\/td>\n<td width=\"52\">128<\/td>\n<td width=\"58\">&#8211;<\/td>\n<td width=\"64\">1-4<\/td>\n<td>LU<\/td>\n<td><\/td>\n<\/tr>\n<tr>\n<td>11<\/td>\n<td width=\"222\">Antropolog\u00eda Cultural<\/td>\n<td width=\"52\">96<\/td>\n<td width=\"58\">7<\/td>\n<td width=\"64\">1-2<\/td>\n<td>JU<\/td>\n<td>M \/T<\/td>\n<\/tr>\n<tr>\n<td>12<\/td>\n<td width=\"222\">Sociolog\u00eda de la Educaci\u00f3n<\/td>\n<td width=\"52\">128<\/td>\n<td width=\"58\">&#8211;<\/td>\n<td width=\"64\">8<\/td>\n<td>JU<\/td>\n<td>18 a 22hs<\/td>\n<\/tr>\n<tr>\n<td>13<\/td>\n<td width=\"222\">Teor\u00edas del Aprendizaje<\/td>\n<td width=\"52\">128<\/td>\n<td width=\"58\">9 &#8211; 10<\/td>\n<td width=\"64\">3- 4<\/td>\n<td>MI<\/td>\n<td>8 a 12 o 14 a 18hs<\/td>\n<\/tr>\n<tr>\n<td>14<\/td>\n<td width=\"222\">Psicolog\u00eda Social<\/td>\n<td width=\"52\">96<\/td>\n<td width=\"58\">&#8211;<\/td>\n<td width=\"64\">\u00a03 -4<\/td>\n<td>MA<\/td>\n<td>8 a 12 hs<\/td>\n<\/tr>\n<tr>\n<td>15<\/td>\n<td width=\"222\">Pedagog\u00eda Especial<\/td>\n<td width=\"52\">128<\/td>\n<td width=\"58\">9\u00a0 &#8211;\u00a0 10<\/td>\n<td width=\"64\">8<\/td>\n<td>LU<\/td>\n<td>14 a 18hs<\/td>\n<\/tr>\n<tr>\n<td rowspan=\"9\">3er. A\u00f1o<\/td>\n<td>16<\/td>\n<td width=\"222\">Did\u00e1ctica I<\/td>\n<td width=\"52\">128<\/td>\n<td width=\"58\">13<\/td>\n<td width=\"64\">8\u00a0 &#8211;\u00a0 10<\/td>\n<td>JU<\/td>\n<td>8 a 12 hs<\/td>\n<\/tr>\n<tr>\n<td>17<\/td>\n<td width=\"222\">Historia de la Educaci\u00f3n<\/td>\n<td width=\"52\">96<\/td>\n<td width=\"58\">5 -8<\/td>\n<td width=\"64\">2-3<\/td>\n<td>MA<\/td>\n<td>14 a 18hs<\/td>\n<\/tr>\n<tr>\n<td>18<\/td>\n<td width=\"222\">Metodolog\u00eda de la Investigaci\u00f3n Social I<\/td>\n<td width=\"52\">128<\/td>\n<td width=\"58\">7<\/td>\n<td width=\"64\">1 &#8211; 3<\/td>\n<td>MI<\/td>\n<td>8 a 12 hs<\/td>\n<\/tr>\n<tr>\n<td>19<\/td>\n<td width=\"222\">Psicolog\u00eda Psicoanal\u00edtica<\/td>\n<td width=\"52\">96<\/td>\n<td width=\"58\">10<\/td>\n<td width=\"64\">4<\/td>\n<td>VI<\/td>\n<td>T: 14 a 16hs\u00a0 P: 16 a 18hs<\/td>\n<\/tr>\n<tr>\n<td>20<\/td>\n<td width=\"222\">Pol\u00edtica Educativa<\/td>\n<td width=\"52\">96<\/td>\n<td width=\"58\">17<\/td>\n<td width=\"64\">12<\/td>\n<td>LU<\/td>\n<td>18 a 22hs<\/td>\n<\/tr>\n<tr>\n<td>21<\/td>\n<td width=\"222\">Pedagog\u00eda Institucional<\/td>\n<td width=\"52\">128<\/td>\n<td width=\"58\">14\u00a0 &#8211;\u00a0 19<\/td>\n<td width=\"64\">8<\/td>\n<td>MI<\/td>\n<td>18 a 22hs<\/td>\n<\/tr>\n<tr>\n<td colspan=\"7\" width=\"760\">\u00a0\u00a0\u00a0\u00a0\u00a0\u00a0\u00a0\u00a0 *\u00a0\u00a0 Pedagog\u00eda Institucional\u00a0 supervision obligatoria,\u00a0 informacion en blog de c\u00e0tedra<\/td>\n<\/tr>\n<tr>\n<td>22<\/td>\n<td width=\"222\">Teor\u00eda de la Educaci\u00f3n (Cs Ed.)<\/td>\n<td width=\"52\">128<\/td>\n<td width=\"58\">12\u00a0 &#8211;\u00a0 17<\/td>\n<td width=\"64\">8<\/td>\n<td>JU<\/td>\n<td><\/td>\n<\/tr>\n<tr>\n<td>23<\/td>\n<td width=\"222\">Did\u00e1ctica II<\/td>\n<td width=\"52\">128<\/td>\n<td width=\"58\">16<\/td>\n<td width=\"64\">13<\/td>\n<td>LU<\/td>\n<td>16 a 20 o 18 a 22hs<\/td>\n<\/tr>\n<tr>\n<td rowspan=\"8\">4to. A\u00f1o<\/td>\n<td>24<\/td>\n<td width=\"222\">Metodolog\u00eda de la Investigaci\u00f3n Social II<\/td>\n<td width=\"52\">128<\/td>\n<td width=\"58\">18<\/td>\n<td width=\"64\">1\u00a0 &#8211;\u00a0 3<\/td>\n<td>SA<\/td>\n<td>T: 9 a 11\u00a0\u00a0 &#8211;\u00a0 P: 11 a 13hs<\/td>\n<\/tr>\n<tr>\n<td>25<\/td>\n<td width=\"222\">Filosof\u00eda de la Educaci\u00f3n<\/td>\n<td width=\"52\">96<\/td>\n<td width=\"58\">22<\/td>\n<td width=\"64\">1\u00a0 &#8211;\u00a0 12<\/td>\n<td>JU<\/td>\n<td>18 a 22hs<\/td>\n<\/tr>\n<tr>\n<td>26<\/td>\n<td width=\"222\">Seminario o Materia Optativos<\/td>\n<td width=\"52\">96<\/td>\n<td width=\"58\"><\/td>\n<td width=\"64\">&#8211;<\/td>\n<td><\/td>\n<td><\/td>\n<\/tr>\n<tr>\n<td>27<\/td>\n<td width=\"222\">Did\u00e1ctica III<\/td>\n<td width=\"52\">128<\/td>\n<td width=\"58\">23<\/td>\n<td width=\"64\">16<\/td>\n<td>VI<\/td>\n<td>18 a 22hs<\/td>\n<\/tr>\n<tr>\n<td>28<\/td>\n<td width=\"222\">Epistemolog\u00eda de las Ciencias de la Educaci\u00f3n<\/td>\n<td width=\"52\">96<\/td>\n<td width=\"58\">25<\/td>\n<td width=\"64\">22<\/td>\n<td>JU<\/td>\n<td>&#8211;<\/td>\n<\/tr>\n<tr>\n<td>29<\/td>\n<td width=\"222\">Did\u00e1ctica IV<\/td>\n<td width=\"52\">128<\/td>\n<td width=\"58\">23<\/td>\n<td width=\"64\">16<\/td>\n<td>LU<\/td>\n<td>&#8211;<\/td>\n<\/tr>\n<tr>\n<td>30<\/td>\n<td width=\"222\">Administraci\u00f3n de la Educ. y Elab. de Proy. Educativos<\/td>\n<td width=\"52\">128<\/td>\n<td width=\"58\">20<\/td>\n<td width=\"64\">17<\/td>\n<td>MA<\/td>\n<td>&#8211;<\/td>\n<\/tr>\n<tr>\n<td>31<\/td>\n<td width=\"222\">Seminario o Materia Optativos<\/td>\n<td width=\"52\">96<\/td>\n<td width=\"58\"><\/td>\n<td width=\"64\">&#8211;<\/td>\n<td><\/td>\n<td><\/td>\n<\/tr>\n<tr>\n<td rowspan=\"2\" width=\"46\">5to a\u00f1o<\/td>\n<td>32<\/td>\n<td width=\"222\">Seminario o Materia Optativos<\/td>\n<td width=\"52\">96<\/td>\n<td width=\"58\"><\/td>\n<td width=\"64\">&#8211;<\/td>\n<td><\/td>\n<td><\/td>\n<\/tr>\n<tr>\n<td>33<\/td>\n<td width=\"222\">Seminario Espec\u00edfico<\/td>\n<td width=\"52\">128<\/td>\n<td width=\"58\"><\/td>\n<td width=\"64\">&#8211;<\/td>\n<td><\/td>\n<td><\/td>\n<\/tr>\n<\/tbody>\n<\/table>\n<p><strong>Turnos:<\/strong> Ma\u00f1ana 8 a 12 hs. \/ Tarde: 14 a 18 hs. \/ Noche: 18 a 22 hs.<\/p>\n<p><strong>NOTAS:<\/strong>\u00a0Las correlatividades son de cumplimiento obligatorio<\/p>\n<p><strong>Seminarios:<\/strong> ver oferta detallada<\/p>\n<h3><strong>IDIOMA EXTRANJERO<\/strong><\/h3>\n<h3><strong>ATENCI\u00d3N: S\u00f3lo quedar\u00e1n inscriptos los estudiantes que tengan 15 o m\u00e1s materias aprobadas<\/strong><\/h3>\n<p><strong>Ingl\u00e9s:<\/strong><\/p>\n<table width=\"222\">\n<tbody>\n<tr>\n<td width=\"222\"><strong>NIVEL INICIAL<\/strong><\/td>\n<\/tr>\n<tr>\n<td>Martes\u00a0 de 9 a 12 hs.<\/td>\n<\/tr>\n<tr>\n<td>Mi\u00e9rcoles de 15 a 18 hs.<\/td>\n<\/tr>\n<tr>\n<td>S\u00e1bados 9 a 13 hs.<\/td>\n<\/tr>\n<\/tbody>\n<\/table>\n<table width=\"222\">\n<tbody>\n<tr>\n<td width=\"222\"><strong>NIVEL AVANZADO<\/strong><\/td>\n<\/tr>\n<tr>\n<td>S\u00e1bados 9 a 13 hs.<\/td>\n<\/tr>\n<tr>\n<td>Martes\u00a0 de 15 a 18 hs.<\/td>\n<\/tr>\n<tr>\n<td>Mi\u00e9rcoles de 9.30 a 12.30 hs.<\/td>\n<\/tr>\n<\/tbody>\n<\/table>\n<p><strong>Portugu\u00e9s:<\/strong><\/p>\n<table width=\"222\">\n<tbody>\n<tr>\n<td width=\"222\"><strong>NIVEL INICIAL<\/strong><\/td>\n<\/tr>\n<tr>\n<td>S\u00e1bados 9 a 13 hs.<\/td>\n<\/tr>\n<\/tbody>\n<\/table>\n<table width=\"222\">\n<tbody>\n<tr>\n<td width=\"222\"><strong>NIVEL AVANZADO<\/strong><\/td>\n<\/tr>\n<tr>\n<td>Viernes de 15 a 18 hs.<\/td>\n<\/tr>\n<\/tbody>\n<\/table>\n<p>TODOS LOS NIVELES PUEDEN RENDIRSE EN CAR\u00c1CTER DE LIBRE<\/p>\n","protected":false},"excerpt":{"rendered":"<p>N\u00b0 de orden ASIGNATURA Carga Horaria Correlatividad Cursada Regular Aprobar con final D\u00eda Horario HS 1er&#8230;<\/p>\n","protected":false},"author":5,"featured_media":0,"parent":0,"menu_order":0,"comment_status":"closed","ping_status":"closed","template":"","meta":{"footnotes":""},"class_list":["post-10279","page","type-page","status-publish","hentry"],"_links":{"self":[{"href":"https:\/\/www.sociales.unlz.edu.ar\/index.php\/wp-json\/wp\/v2\/pages\/10279","targetHints":{"allow":["GET"]}}],"collection":[{"href":"https:\/\/www.sociales.unlz.edu.ar\/index.php\/wp-json\/wp\/v2\/pages"}],"about":[{"href":"https:\/\/www.sociales.unlz.edu.ar\/index.php\/wp-json\/wp\/v2\/types\/page"}],"author":[{"embeddable":true,"href":"https:\/\/www.sociales.unlz.edu.ar\/index.php\/wp-json\/wp\/v2\/users\/5"}],"replies":[{"embeddable":true,"href":"https:\/\/www.sociales.unlz.edu.ar\/index.php\/wp-json\/wp\/v2\/comments?post=10279"}],"version-history":[{"count":8,"href":"https:\/\/www.sociales.unlz.edu.ar\/index.php\/wp-json\/wp\/v2\/pages\/10279\/revisions"}],"predecessor-version":[{"id":10394,"href":"https:\/\/www.sociales.unlz.edu.ar\/index.php\/wp-json\/wp\/v2\/pages\/10279\/revisions\/10394"}],"wp:attachment":[{"href":"https:\/\/www.sociales.unlz.edu.ar\/index.php\/wp-json\/wp\/v2\/media?parent=10279"}],"curies":[{"name":"wp","href":"https:\/\/api.w.org\/{rel}","templated":true}]}}