{"id":10277,"date":"2020-03-09T13:26:43","date_gmt":"2020-03-09T16:26:43","guid":{"rendered":"https:\/\/www.sociales.unlz.edu.ar\/?page_id=10277"},"modified":"2020-03-09T18:07:48","modified_gmt":"2020-03-09T21:07:48","slug":"aulas-y-dias-de-cursada-profesorado-en-letras-primer-cuatrimestre-2020","status":"publish","type":"page","link":"https:\/\/www.sociales.unlz.edu.ar\/index.php\/aulas-y-dias-de-cursada-profesorado-en-letras-primer-cuatrimestre-2020\/","title":{"rendered":"Profesorado Universitario y Licenciatura en Letras: Horarios y d\u00edas de Cursada para el Primer Cuatrimestre 2020"},"content":{"rendered":"<p><strong>Profesorado<\/strong><\/p>\n<table width=\"835\">\n<tbody>\n<tr>\n<td rowspan=\"3\" width=\"43\"><\/td>\n<td style=\"text-align: center;\" rowspan=\"3\" width=\"72\"><strong>N\u00b0 de orden<\/strong><\/td>\n<td style=\"text-align: center;\" rowspan=\"3\" width=\"247\"><strong>ASIGNATURA<\/strong><\/td>\n<td style=\"text-align: center;\" rowspan=\"2\" width=\"52\"><strong>Carga Horaria<\/strong><\/td>\n<td style=\"text-align: center;\" colspan=\"2\" width=\"119\"><strong>Correlatividad<\/strong><\/td>\n<td style=\"text-align: center;\" colspan=\"2\" width=\"302\"><strong>Cursada<\/strong><\/td>\n<\/tr>\n<tr>\n<td style=\"text-align: center;\" rowspan=\"2\"><strong>Regular<\/strong><\/td>\n<td style=\"text-align: center;\" rowspan=\"2\" width=\"64\"><strong>Aprobar con final<\/strong><\/td>\n<td style=\"text-align: center;\" rowspan=\"2\"><strong>D\u00eda<\/strong><\/td>\n<td style=\"text-align: center;\" rowspan=\"2\" width=\"249\"><b>Turno<\/b><\/td>\n<\/tr>\n<tr>\n<td style=\"text-align: center;\"><strong>HS<\/strong><\/td>\n<\/tr>\n<tr>\n<td rowspan=\"9\" width=\"43\">1er a\u00f1o\u00a0 (Ciclo de Formaci\u00f3n General)<\/td>\n<td width=\"72\">1<\/td>\n<td width=\"247\">Filosof\u00eda<\/td>\n<td width=\"52\">96<\/td>\n<td width=\"55\">&#8211;<\/td>\n<td width=\"64\">&#8211;<\/td>\n<td>MA<\/td>\n<td>M \/T\/ N<\/td>\n<\/tr>\n<tr>\n<td width=\"72\">1<\/td>\n<td width=\"247\">Filosof\u00eda<\/td>\n<td width=\"52\">96<\/td>\n<td width=\"55\">&#8211;<\/td>\n<td width=\"64\">&#8211;<\/td>\n<td>SA<\/td>\n<td>9 A 13hs<\/td>\n<\/tr>\n<tr>\n<td width=\"72\">2<\/td>\n<td width=\"247\">Historia Social General<\/td>\n<td width=\"52\">96<\/td>\n<td width=\"55\">&#8211;<\/td>\n<td width=\"64\">&#8211;<\/td>\n<td>JU<\/td>\n<td>M \/T\/ N<\/td>\n<\/tr>\n<tr>\n<td width=\"72\">3<\/td>\n<td width=\"247\">Introducci\u00f3n a la Sociolog\u00eda<\/td>\n<td width=\"52\">96<\/td>\n<td width=\"55\">&#8211;<\/td>\n<td width=\"64\">&#8211;<\/td>\n<td>LU<\/td>\n<td>M \/T\/ N<\/td>\n<\/tr>\n<tr>\n<td width=\"72\">4<\/td>\n<td width=\"247\">Psicolog\u00eda General<\/td>\n<td width=\"52\">96<\/td>\n<td width=\"55\">&#8211;<\/td>\n<td width=\"64\">\n<table>\n<tbody>\n<tr>\n<td width=\"64\">&#8211;<\/td>\n<\/tr>\n<\/tbody>\n<\/table>\n<\/td>\n<td>VI<\/td>\n<td>\n<table>\n<tbody>\n<tr>\n<td width=\"249\">M \/T\/ N<\/td>\n<\/tr>\n<\/tbody>\n<\/table>\n<\/td>\n<\/tr>\n<tr>\n<td width=\"72\">5<\/td>\n<td width=\"247\">Econom\u00eda General<\/td>\n<td width=\"52\">96<\/td>\n<td width=\"55\">&#8211;<\/td>\n<td width=\"64\">&#8211;<\/td>\n<td>MA<\/td>\n<td>M \/T\/ N<\/td>\n<\/tr>\n<tr>\n<td width=\"72\">6<\/td>\n<td width=\"247\">Introducci\u00f3n a la Comunicaci\u00f3n<\/td>\n<td width=\"52\">96<\/td>\n<td width=\"55\">&#8211;<\/td>\n<td width=\"64\">&#8211;<\/td>\n<td>VI<\/td>\n<td>M \/T\/ N<\/td>\n<\/tr>\n<tr>\n<td width=\"72\">6<\/td>\n<td width=\"247\">Introducci\u00f3n a la Comunicaci\u00f3n<\/td>\n<td width=\"52\">96<\/td>\n<td width=\"55\">&#8211;<\/td>\n<td width=\"64\">&#8211;<\/td>\n<td>SA<\/td>\n<td>9 A 13hs<\/td>\n<\/tr>\n<tr>\n<td width=\"72\">7<\/td>\n<td width=\"247\">Taller de Lectura y Escritura \u00a0(anual)<\/td>\n<td width=\"52\">64<\/td>\n<td width=\"55\">&#8211;<\/td>\n<td width=\"64\">&#8211;<\/td>\n<td>MI<\/td>\n<td>\n<table>\n<tbody>\n<tr>\n<td width=\"249\">M \/T \/ N<\/td>\n<\/tr>\n<\/tbody>\n<\/table>\n<\/td>\n<\/tr>\n<tr>\n<td rowspan=\"9\">2do a\u00f1o<\/td>\n<td width=\"72\">8<\/td>\n<td width=\"247\">Introducci\u00f3n a los Estudios Literarios<\/td>\n<td width=\"52\">128<\/td>\n<td width=\"55\">&#8211;<\/td>\n<td width=\"64\">1-6<\/td>\n<td>MA<\/td>\n<td>\u00a016 a 20 \u00f3 18 a 22hs<\/td>\n<\/tr>\n<tr>\n<td width=\"72\">9<\/td>\n<td width=\"247\">Gram\u00e1tica Espa\u00f1ola I<\/td>\n<td width=\"52\">96<\/td>\n<td width=\"55\">&#8211;<\/td>\n<td width=\"64\">1-6-7<\/td>\n<td>VI<\/td>\n<td>18 a 22hs<\/td>\n<\/tr>\n<tr>\n<td width=\"72\">10<\/td>\n<td width=\"247\">Literatura Argentina I<\/td>\n<td width=\"52\">128<\/td>\n<td width=\"55\">&#8211;<\/td>\n<td width=\"64\">2-3<\/td>\n<td>LU<\/td>\n<td>18 a 22hs<\/td>\n<\/tr>\n<tr>\n<td width=\"72\">11<\/td>\n<td width=\"247\">Lat\u00edn I o Griego I<\/td>\n<td width=\"52\">96<\/td>\n<td width=\"55\">&#8211;<\/td>\n<td width=\"64\">1-2<\/td>\n<td>MA<\/td>\n<td>18 a 22hs<\/td>\n<\/tr>\n<tr>\n<td width=\"72\">12<\/td>\n<td width=\"247\">Gram\u00e1tica Espa\u00f1ola II<\/td>\n<td width=\"52\">96<\/td>\n<td width=\"55\">9<\/td>\n<td width=\"64\">1-6<\/td>\n<td>VI<\/td>\n<td><\/td>\n<\/tr>\n<tr>\n<td width=\"72\">13<\/td>\n<td width=\"247\">Literatura Argentina II<\/td>\n<td width=\"52\">128<\/td>\n<td width=\"55\">10<\/td>\n<td width=\"64\">2-3<\/td>\n<td>LU<\/td>\n<td><\/td>\n<\/tr>\n<tr>\n<td width=\"72\">14<\/td>\n<td width=\"247\">Pedagog\u00eda<\/td>\n<td width=\"52\">128<\/td>\n<td width=\"55\">&#8211;<\/td>\n<td width=\"64\">2-3<\/td>\n<td>MI<\/td>\n<td>14 a 18hs \u00f3 18 a 22hs<\/td>\n<\/tr>\n<tr>\n<td width=\"72\"><\/td>\n<td width=\"247\">Pedagog\u00eda MODALIDAD VIRTUAL<\/td>\n<td width=\"52\"><\/td>\n<td width=\"55\"><\/td>\n<td width=\"64\"><\/td>\n<td><\/td>\n<td>Informaci\u00f3n blog c\u00e1tedra<\/td>\n<\/tr>\n<tr>\n<td width=\"72\">15<\/td>\n<td width=\"247\">Lat\u00edn II o Griego II<\/td>\n<td width=\"52\">96<\/td>\n<td width=\"55\">11<\/td>\n<td width=\"64\">1-2<\/td>\n<td>MA<\/td>\n<td><\/td>\n<\/tr>\n<tr>\n<td rowspan=\"8\">3er. A\u00f1o<\/td>\n<td width=\"72\">16<\/td>\n<td width=\"247\">Literatura Espa\u00f1ola I<\/td>\n<td width=\"52\">128<\/td>\n<td width=\"55\">&#8211;<\/td>\n<td width=\"64\">8<\/td>\n<td>MI<\/td>\n<td>18 a 22hs<\/td>\n<\/tr>\n<tr>\n<td width=\"72\">17<\/td>\n<td width=\"247\">Ling\u00fc\u00edstica\u00a0\u00a0\u00a0\u00a0 (LETRAS)<\/td>\n<td width=\"52\">97<\/td>\n<td width=\"55\">12<\/td>\n<td width=\"64\">9<\/td>\n<td>JU<\/td>\n<td>14 a 18hs<\/td>\n<\/tr>\n<tr>\n<td width=\"72\">18<\/td>\n<td width=\"247\">Literatura Latinoamericana I<\/td>\n<td width=\"52\">96<\/td>\n<td width=\"55\">13<\/td>\n<td width=\"64\">10<\/td>\n<td>MA<\/td>\n<td>18 a 22hs<\/td>\n<\/tr>\n<tr>\n<td width=\"72\">19<\/td>\n<td width=\"247\">Literatura Griega<\/td>\n<td width=\"52\">96<\/td>\n<td width=\"55\">15<\/td>\n<td width=\"64\">11<\/td>\n<td>LU<\/td>\n<td>18 a 22hs<\/td>\n<\/tr>\n<tr>\n<td width=\"72\">20<\/td>\n<td width=\"247\">Literatura Espa\u00f1ola II<\/td>\n<td width=\"52\">128<\/td>\n<td width=\"55\">16<\/td>\n<td width=\"64\">8<\/td>\n<td>MI<\/td>\n<td><\/td>\n<\/tr>\n<tr>\n<td width=\"72\">21<\/td>\n<td width=\"247\">Literatura Europea I<\/td>\n<td width=\"52\">128<\/td>\n<td width=\"55\">&#8211;<\/td>\n<td width=\"64\">8<\/td>\n<td>VI<\/td>\n<td><\/td>\n<\/tr>\n<tr>\n<td width=\"72\">22<\/td>\n<td width=\"247\">Did\u00e1ctica I<\/td>\n<td width=\"52\">128<\/td>\n<td width=\"55\">14<\/td>\n<td width=\"64\">4<\/td>\n<td>JU<\/td>\n<td>8 a 12hs<\/td>\n<\/tr>\n<tr>\n<td width=\"72\">23<\/td>\n<td width=\"247\">Teor\u00eda y Critica Literaria I<\/td>\n<td width=\"52\">96<\/td>\n<td width=\"55\">&#8211;<\/td>\n<td width=\"64\">8<\/td>\n<td>MI<\/td>\n<td>18 a 22hs<\/td>\n<\/tr>\n<tr>\n<td rowspan=\"8\">4to. A\u00f1o<\/td>\n<td width=\"72\">24<\/td>\n<td width=\"247\">Semiolog\u00eda y An\u00e1lisis del Discurso<\/td>\n<td width=\"52\">96<\/td>\n<td width=\"55\">17<\/td>\n<td width=\"64\">12<\/td>\n<td>LU<\/td>\n<td>16 a 20 \u00f3 18 a 22hs<\/td>\n<\/tr>\n<tr>\n<td width=\"72\">25<\/td>\n<td width=\"247\">Literatura Europea II<\/td>\n<td width=\"52\">128<\/td>\n<td width=\"55\">21<\/td>\n<td width=\"64\">16<\/td>\n<td>JU<\/td>\n<td>18 a 22hs<\/td>\n<\/tr>\n<tr>\n<td width=\"72\">26<\/td>\n<td width=\"247\">Teor\u00eda y Critica Literaria II<\/td>\n<td width=\"52\">96<\/td>\n<td width=\"55\">23<\/td>\n<td width=\"64\">8<\/td>\n<td>MI<\/td>\n<td><\/td>\n<\/tr>\n<tr>\n<td width=\"72\">27<\/td>\n<td width=\"247\">Metodolog\u00eda de la Investigaci\u00f3n Social<\/td>\n<td width=\"52\">128<\/td>\n<td width=\"55\">&#8211;<\/td>\n<td width=\"64\">1-3<\/td>\n<td>MI<\/td>\n<td>8 a 12hs \u00f3 14 a 18hs \u00f3 18 a 22hs<\/td>\n<\/tr>\n<tr>\n<td width=\"72\">\n<table>\n<tbody>\n<tr>\n<td width=\"72\">28<\/td>\n<\/tr>\n<\/tbody>\n<\/table>\n<\/td>\n<td width=\"247\">Literatura Latinoamericana II<\/td>\n<td width=\"52\">96<\/td>\n<td width=\"55\">18<\/td>\n<td width=\"64\">13<\/td>\n<td>MA<\/td>\n<td><\/td>\n<\/tr>\n<tr>\n<td width=\"72\">29<\/td>\n<td width=\"247\">Literatura Latina<\/td>\n<td width=\"52\">96<\/td>\n<td width=\"55\">19<\/td>\n<td width=\"64\">15<\/td>\n<td>LU<\/td>\n<td><\/td>\n<\/tr>\n<tr>\n<td width=\"72\">30<\/td>\n<td width=\"247\">Literatura Espa\u00f1ola III<\/td>\n<td width=\"52\">128<\/td>\n<td width=\"55\">20<\/td>\n<td width=\"64\">16<\/td>\n<td>LU<\/td>\n<td><\/td>\n<\/tr>\n<tr>\n<td width=\"72\">31<\/td>\n<td width=\"247\">Did\u00e1ctica III<\/td>\n<td width=\"52\">128<\/td>\n<td width=\"55\">22<\/td>\n<td width=\"64\">14<\/td>\n<td>VI<\/td>\n<td>18 a 22hs<\/td>\n<\/tr>\n<\/tbody>\n<\/table>\n<p><strong>Licenciatura<\/strong><\/p>\n<table width=\"860\">\n<tbody>\n<tr>\n<td rowspan=\"3\" width=\"46\"><\/td>\n<td style=\"text-align: center;\" rowspan=\"3\" width=\"42\"><strong>N\u00b0 de orden<\/strong><\/td>\n<td style=\"text-align: center;\" rowspan=\"3\" width=\"276\"><strong>ASIGNATURA<\/strong><\/td>\n<td style=\"text-align: center;\" rowspan=\"2\" width=\"56\"><strong>Carga Horaria<\/strong><\/td>\n<td style=\"text-align: center;\" colspan=\"2\" width=\"144\"><strong>Correlatividad<\/strong><\/td>\n<td style=\"text-align: center;\" colspan=\"2\" width=\"296\"><strong>Cursada<\/strong><\/td>\n<\/tr>\n<tr>\n<td style=\"text-align: center;\" rowspan=\"2\"><strong>Regularizar<\/strong><\/td>\n<td style=\"text-align: center;\" rowspan=\"2\" width=\"67\"><strong>Aprobar con final<\/strong><\/td>\n<td style=\"text-align: center;\" rowspan=\"2\"><strong>D\u00eda<\/strong><\/td>\n<td style=\"text-align: center;\" rowspan=\"2\" width=\"251\"><strong>Turno<\/strong><\/td>\n<\/tr>\n<tr>\n<td style=\"text-align: center;\"><strong>HS<\/strong><\/td>\n<\/tr>\n<tr>\n<td rowspan=\"9\">1er a\u00f1o\u00a0 (Ciclo de Formaci\u00f3n General)<\/td>\n<td width=\"42\">1<\/td>\n<td width=\"276\">Filosof\u00eda<\/td>\n<td width=\"56\">96<\/td>\n<td width=\"77\">&#8211;<\/td>\n<td width=\"67\">&#8211;<\/td>\n<td>MA<\/td>\n<td>M \/T\/ N<\/td>\n<\/tr>\n<tr>\n<td width=\"42\">1<\/td>\n<td width=\"276\">Filosof\u00eda<\/td>\n<td width=\"56\">96<\/td>\n<td width=\"77\">&#8211;<\/td>\n<td width=\"67\">&#8211;<\/td>\n<td>SA<\/td>\n<td>9 A 13hs<\/td>\n<\/tr>\n<tr>\n<td width=\"42\">2<\/td>\n<td width=\"276\">Historia Social General<\/td>\n<td width=\"56\">96<\/td>\n<td width=\"77\">&#8211;<\/td>\n<td width=\"67\">&#8211;<\/td>\n<td>JU<\/td>\n<td>M \/T\/ N<\/td>\n<\/tr>\n<tr>\n<td width=\"42\">3<\/td>\n<td width=\"276\">Introducci\u00f3n a la Sociolog\u00eda<\/td>\n<td width=\"56\">96<\/td>\n<td width=\"77\">&#8211;<\/td>\n<td width=\"67\">&#8211;<\/td>\n<td>LU<\/td>\n<td>M \/T\/ N<\/td>\n<\/tr>\n<tr>\n<td width=\"42\">4<\/td>\n<td width=\"276\">Psicolog\u00eda General<\/td>\n<td width=\"56\">96<\/td>\n<td width=\"77\">&#8211;<\/td>\n<td width=\"67\">\n<table>\n<tbody>\n<tr>\n<td width=\"67\">&#8211;<\/td>\n<\/tr>\n<\/tbody>\n<\/table>\n<\/td>\n<td>VI<\/td>\n<td>\n<table>\n<tbody>\n<tr>\n<td width=\"251\">M \/T\/ N<\/td>\n<\/tr>\n<\/tbody>\n<\/table>\n<\/td>\n<\/tr>\n<tr>\n<td width=\"42\">5<\/td>\n<td width=\"276\">Econom\u00eda General<\/td>\n<td width=\"56\">96<\/td>\n<td width=\"77\">&#8211;<\/td>\n<td width=\"67\">&#8211;<\/td>\n<td>MA<\/td>\n<td>M \/T\/ N<\/td>\n<\/tr>\n<tr>\n<td width=\"42\">6<\/td>\n<td width=\"276\">Introducci\u00f3n a la Comunicaci\u00f3n<\/td>\n<td width=\"56\">96<\/td>\n<td width=\"77\">&#8211;<\/td>\n<td width=\"67\">&#8211;<\/td>\n<td>VI<\/td>\n<td>M \/T\/ N<\/td>\n<\/tr>\n<tr>\n<td width=\"42\">6<\/td>\n<td width=\"276\">Introducci\u00f3n a la Comunicaci\u00f3n<\/td>\n<td width=\"56\">96<\/td>\n<td width=\"77\">&#8211;<\/td>\n<td width=\"67\">&#8211;<\/td>\n<td>SA<\/td>\n<td>9 A 13hs<\/td>\n<\/tr>\n<tr>\n<td width=\"42\">7<\/td>\n<td width=\"276\">Taller de Lectura y Escritura \u00a0(anual)<\/td>\n<td width=\"56\">64<\/td>\n<td width=\"77\">&#8211;<\/td>\n<td width=\"67\">&#8211;<\/td>\n<td>MI<\/td>\n<td>M \/T \/ N<\/td>\n<\/tr>\n<tr>\n<td rowspan=\"8\">2do a\u00f1o<\/td>\n<td width=\"42\">8<\/td>\n<td width=\"276\">Introducci\u00f3n a los Estudios Literarios<\/td>\n<td width=\"56\">128<\/td>\n<td width=\"77\">&#8211;<\/td>\n<td width=\"67\">1-6<\/td>\n<td>MA<\/td>\n<td>\u00a016 a 20 \u00f3 18 a 22hs<\/td>\n<\/tr>\n<tr>\n<td width=\"42\">9<\/td>\n<td width=\"276\">Gram\u00e1tica Espa\u00f1ola I<\/td>\n<td width=\"56\">96<\/td>\n<td width=\"77\">&#8211;<\/td>\n<td width=\"67\">1-6-7<\/td>\n<td>VI<\/td>\n<td>18 a 22hs<\/td>\n<\/tr>\n<tr>\n<td width=\"42\">10<\/td>\n<td width=\"276\">Literatura Argentina I<\/td>\n<td width=\"56\">128<\/td>\n<td width=\"77\">&#8211;<\/td>\n<td width=\"67\">2-3<\/td>\n<td>LU<\/td>\n<td>18 a 22hs<\/td>\n<\/tr>\n<tr>\n<td width=\"42\">11<\/td>\n<td width=\"276\">Lat\u00edn I o Griego I<\/td>\n<td width=\"56\">96<\/td>\n<td width=\"77\">&#8211;<\/td>\n<td width=\"67\">1-2<\/td>\n<td>MA<\/td>\n<td>18 a 22hs<\/td>\n<\/tr>\n<tr>\n<td width=\"42\">12<\/td>\n<td width=\"276\">Gram\u00e1tica Espa\u00f1ola II<\/td>\n<td width=\"56\">96<\/td>\n<td width=\"77\">9<\/td>\n<td width=\"67\">1-6<\/td>\n<td>VI<\/td>\n<td><\/td>\n<\/tr>\n<tr>\n<td width=\"42\">13<\/td>\n<td width=\"276\">Literatura Argentina II<\/td>\n<td width=\"56\">128<\/td>\n<td width=\"77\">10<\/td>\n<td width=\"67\">2-3<\/td>\n<td>LU<\/td>\n<td><\/td>\n<\/tr>\n<tr>\n<td width=\"42\">14<\/td>\n<td width=\"276\">Lat\u00edn II o Griego II<\/td>\n<td width=\"56\">96<\/td>\n<td width=\"77\">11<\/td>\n<td width=\"67\">1-2<\/td>\n<td>MA<\/td>\n<td><\/td>\n<\/tr>\n<tr>\n<td width=\"42\">15<\/td>\n<td width=\"276\">Metodolog\u00eda de la Investigaci\u00f3n Social<\/td>\n<td width=\"56\">128<\/td>\n<td width=\"77\">&#8211;<\/td>\n<td width=\"67\">1-3<\/td>\n<td>MI<\/td>\n<td>8 a 12hs \u00f3 14 a 18hs \u00f3 18 a 22hs<\/td>\n<\/tr>\n<tr>\n<td rowspan=\"8\">3er. A\u00f1o<\/td>\n<td width=\"42\">16<\/td>\n<td width=\"276\">Literatura Espa\u00f1ola I<\/td>\n<td width=\"56\">128<\/td>\n<td width=\"77\">&#8211;<\/td>\n<td width=\"67\">8<\/td>\n<td>MI<\/td>\n<td>18 a 22hs<\/td>\n<\/tr>\n<tr>\n<td width=\"42\">17<\/td>\n<td width=\"276\">Ling\u00fc\u00edstica\u00a0\u00a0\u00a0\u00a0 (LETRAS)<\/td>\n<td width=\"56\">97<\/td>\n<td width=\"77\">12<\/td>\n<td width=\"67\">9<\/td>\n<td>JU<\/td>\n<td>14 a 18hs<\/td>\n<\/tr>\n<tr>\n<td width=\"42\">18<\/td>\n<td width=\"276\">Literatura Latinoamericana I<\/td>\n<td width=\"56\">96<\/td>\n<td width=\"77\">13<\/td>\n<td width=\"67\">10<\/td>\n<td>MA<\/td>\n<td>18 a 22hs<\/td>\n<\/tr>\n<tr>\n<td width=\"42\">19<\/td>\n<td width=\"276\">Literatura Griega<\/td>\n<td width=\"56\">96<\/td>\n<td width=\"77\">14<\/td>\n<td width=\"67\">11<\/td>\n<td>LU<\/td>\n<td>18 a 22hs<\/td>\n<\/tr>\n<tr>\n<td width=\"42\">20<\/td>\n<td width=\"276\">Literatura Europea I<\/td>\n<td width=\"56\">128<\/td>\n<td width=\"77\">&#8211;<\/td>\n<td width=\"67\">8<\/td>\n<td>VI<\/td>\n<td><\/td>\n<\/tr>\n<tr>\n<td width=\"42\">21<\/td>\n<td width=\"276\">Literatura Espa\u00f1ola II<\/td>\n<td width=\"56\">128<\/td>\n<td width=\"77\">16<\/td>\n<td width=\"67\">8<\/td>\n<td>MI<\/td>\n<td><\/td>\n<\/tr>\n<tr>\n<td width=\"42\">22<\/td>\n<td width=\"276\">Literatura Latina<\/td>\n<td width=\"56\">96<\/td>\n<td width=\"77\">19<\/td>\n<td width=\"67\">14<\/td>\n<td>LU<\/td>\n<td><\/td>\n<\/tr>\n<tr>\n<td width=\"42\">23<\/td>\n<td width=\"276\">Teor\u00eda y Critica Literaria I<\/td>\n<td width=\"56\">96<\/td>\n<td width=\"77\">&#8211;<\/td>\n<td width=\"67\">8<\/td>\n<td>MI<\/td>\n<td>18 a 22hs<\/td>\n<\/tr>\n<tr>\n<td rowspan=\"8\">4to. A\u00f1o<\/td>\n<td width=\"42\">24<\/td>\n<td width=\"276\">Semiolog\u00eda y An\u00e1lisis del Discurso<\/td>\n<td width=\"56\">96<\/td>\n<td width=\"77\">17<\/td>\n<td width=\"67\">12<\/td>\n<td>LU<\/td>\n<td>16 a 20 \u00f3 18 a 22hs<\/td>\n<\/tr>\n<tr>\n<td width=\"42\">25<\/td>\n<td width=\"276\">Literatura Europea II<\/td>\n<td width=\"56\">128<\/td>\n<td width=\"77\">20<\/td>\n<td width=\"67\">16<\/td>\n<td>JU<\/td>\n<td>18 a 22hs<\/td>\n<\/tr>\n<tr>\n<td width=\"42\">26<\/td>\n<td width=\"276\">Teor\u00eda y Critica Literaria II<\/td>\n<td width=\"56\">96<\/td>\n<td width=\"77\">23<\/td>\n<td width=\"67\">8<\/td>\n<td>MI<\/td>\n<td><\/td>\n<\/tr>\n<tr>\n<td width=\"42\">27<\/td>\n<td width=\"276\">Seminario de Especializaci\u00f3n<\/td>\n<td width=\"56\">96<\/td>\n<td width=\"77\">&#8211;<\/td>\n<td width=\"67\">&#8211;<\/td>\n<td><\/td>\n<td><\/td>\n<\/tr>\n<tr>\n<td width=\"42\">\n<table>\n<tbody>\n<tr>\n<td width=\"42\">28<\/td>\n<\/tr>\n<\/tbody>\n<\/table>\n<\/td>\n<td width=\"276\">Literatura Latinoamericana II<\/td>\n<td width=\"56\">96<\/td>\n<td width=\"77\">18<\/td>\n<td width=\"67\">13<\/td>\n<td>MA<\/td>\n<td><\/td>\n<\/tr>\n<tr>\n<td width=\"42\">29<\/td>\n<td width=\"276\">Literatura Espa\u00f1ola III<\/td>\n<td width=\"56\">128<\/td>\n<td width=\"77\">21<\/td>\n<td width=\"67\">16<\/td>\n<td>LU<\/td>\n<td><\/td>\n<\/tr>\n<tr>\n<td width=\"42\">30<\/td>\n<td width=\"276\">Seminario o Materia Optativa<\/td>\n<td width=\"56\">96<\/td>\n<td width=\"77\">&#8211;<\/td>\n<td width=\"67\">&#8211;<\/td>\n<td><\/td>\n<td><\/td>\n<\/tr>\n<tr>\n<td width=\"42\">31<\/td>\n<td width=\"276\">Seminario o Materia Optativa<\/td>\n<td width=\"56\">96<\/td>\n<td width=\"77\">&#8211;<\/td>\n<td width=\"67\">&#8211;<\/td>\n<td><\/td>\n<td><\/td>\n<\/tr>\n<\/tbody>\n<\/table>\n<p>Turnos: Ma\u00f1ana 8 a 12 hs. \/ Tarde: 14 a 18 hs. \/ Noche: 18 a 22 hs.<\/p>\n<p>NOTAS:\u00a0Las correlatividades son de cumplimiento obligatorio<\/p>\n<p>Seminarios: ver oferta detallada<\/p>\n<h3><strong>IDIOMA EXTRANJERO<\/strong><\/h3>\n<h3><strong>ATENCI\u00d3N: S\u00f3lo quedar\u00e1n inscriptos los estudiantes que tengan 15 o m\u00e1s materias aprobadas<\/strong><\/h3>\n<p><strong>Ingl\u00e9s:<\/strong><\/p>\n<table width=\"265\">\n<tbody>\n<tr>\n<td width=\"265\"><strong>NIVEL INICIAL<\/strong><\/td>\n<\/tr>\n<tr>\n<td>Martes\u00a0 de 9 a 12 Hs.<\/td>\n<\/tr>\n<tr>\n<td>Miercoles de 15 a 18hs<\/td>\n<\/tr>\n<tr>\n<td>S\u00e1bados 9 a 13hs<\/td>\n<\/tr>\n<\/tbody>\n<\/table>\n<table width=\"265\">\n<tbody>\n<tr>\n<td width=\"265\"><strong>NIVEL AVANZADO<\/strong><\/td>\n<\/tr>\n<tr>\n<td>S\u00e1bados 9 a 13hs<\/td>\n<\/tr>\n<tr>\n<td>Martes\u00a0 de 15 a 18 Hs.<\/td>\n<\/tr>\n<tr>\n<td>Miercoles de 9.30 a 12.30 hs.<\/td>\n<\/tr>\n<\/tbody>\n<\/table>\n<p><strong>Portugu\u00e9s:\u00a0<\/strong><\/p>\n<table width=\"265\">\n<tbody>\n<tr>\n<td width=\"265\"><strong>NIVEL INICIAL<\/strong><\/td>\n<\/tr>\n<tr>\n<td>S\u00e1bados 9 a 13hs<\/td>\n<\/tr>\n<\/tbody>\n<\/table>\n<table width=\"265\">\n<tbody>\n<tr>\n<td width=\"265\"><strong>NIVEL AVANZADO<\/strong><\/td>\n<\/tr>\n<tr>\n<td>Viernes de 15 a 18 hs.<\/td>\n<\/tr>\n<\/tbody>\n<\/table>\n","protected":false},"excerpt":{"rendered":"<p>Profesorado N\u00b0 de orden ASIGNATURA Carga Horaria Correlatividad Cursada Regular Aprobar con final D\u00eda Turno HS&#8230;<\/p>\n","protected":false},"author":5,"featured_media":0,"parent":0,"menu_order":0,"comment_status":"closed","ping_status":"closed","template":"","meta":{"footnotes":""},"class_list":["post-10277","page","type-page","status-publish","hentry"],"_links":{"self":[{"href":"https:\/\/www.sociales.unlz.edu.ar\/index.php\/wp-json\/wp\/v2\/pages\/10277","targetHints":{"allow":["GET"]}}],"collection":[{"href":"https:\/\/www.sociales.unlz.edu.ar\/index.php\/wp-json\/wp\/v2\/pages"}],"about":[{"href":"https:\/\/www.sociales.unlz.edu.ar\/index.php\/wp-json\/wp\/v2\/types\/page"}],"author":[{"embeddable":true,"href":"https:\/\/www.sociales.unlz.edu.ar\/index.php\/wp-json\/wp\/v2\/users\/5"}],"replies":[{"embeddable":true,"href":"https:\/\/www.sociales.unlz.edu.ar\/index.php\/wp-json\/wp\/v2\/comments?post=10277"}],"version-history":[{"count":6,"href":"https:\/\/www.sociales.unlz.edu.ar\/index.php\/wp-json\/wp\/v2\/pages\/10277\/revisions"}],"predecessor-version":[{"id":10388,"href":"https:\/\/www.sociales.unlz.edu.ar\/index.php\/wp-json\/wp\/v2\/pages\/10277\/revisions\/10388"}],"wp:attachment":[{"href":"https:\/\/www.sociales.unlz.edu.ar\/index.php\/wp-json\/wp\/v2\/media?parent=10277"}],"curies":[{"name":"wp","href":"https:\/\/api.w.org\/{rel}","templated":true}]}}