{"id":10273,"date":"2020-03-09T13:26:03","date_gmt":"2020-03-09T16:26:03","guid":{"rendered":"https:\/\/www.sociales.unlz.edu.ar\/?page_id=10273"},"modified":"2020-03-09T18:16:47","modified_gmt":"2020-03-09T21:16:47","slug":"aulas-y-dias-de-cursada-psicopedagogia-primer-cuatrimestre-2020","status":"publish","type":"page","link":"https:\/\/www.sociales.unlz.edu.ar\/index.php\/aulas-y-dias-de-cursada-psicopedagogia-primer-cuatrimestre-2020\/","title":{"rendered":"Psicopedagog\u00eda: Horarios y d\u00edas de Cursada para el Primer Cuatrimestre 2020"},"content":{"rendered":"<table width=\"943\">\n<tbody>\n<tr>\n<td style=\"text-align: center;\" rowspan=\"3\" width=\"38\"><\/td>\n<td style=\"text-align: center;\" rowspan=\"3\" width=\"82\"><strong>N\u00b0 de orden<\/strong><\/td>\n<td style=\"text-align: center;\" rowspan=\"3\" width=\"265\"><strong>ASIGNATURA<\/strong><\/td>\n<td style=\"text-align: center;\" rowspan=\"2\" width=\"61\"><strong>Carga Horaria<\/strong><\/td>\n<td style=\"text-align: center;\" colspan=\"2\" width=\"180\"><strong>Correlatividad<\/strong><\/td>\n<td style=\"text-align: center;\" colspan=\"2\" width=\"317\"><strong>Cursada<\/strong><\/td>\n<\/tr>\n<tr>\n<td style=\"text-align: center;\" rowspan=\"2\"><strong>Regularizar<\/strong><\/td>\n<td style=\"text-align: center;\" rowspan=\"2\" width=\"94\"><strong>Aprobar con final<\/strong><\/td>\n<td style=\"text-align: center;\" rowspan=\"2\"><strong>\u00a0D\u00eda<\/strong><\/td>\n<td style=\"text-align: center;\" rowspan=\"2\" width=\"261\"><strong>Turno<\/strong><\/td>\n<\/tr>\n<tr>\n<td style=\"text-align: center;\"><strong>HS<\/strong><\/td>\n<\/tr>\n<tr>\n<td rowspan=\"10\" width=\"38\">1er a\u00f1o\u00a0 (Ciclo de Formaci\u00f3n B\u00e1sica)<\/td>\n<td width=\"82\">1<\/td>\n<td width=\"265\">Filosof\u00eda<\/td>\n<td width=\"61\">96<\/td>\n<td width=\"86\">&#8211;<\/td>\n<td width=\"94\">&#8211;<\/td>\n<td>MA<\/td>\n<td>\n<table>\n<tbody>\n<tr>\n<td width=\"261\">M \/T \/ N<\/td>\n<\/tr>\n<\/tbody>\n<\/table>\n<\/td>\n<\/tr>\n<tr>\n<td width=\"82\">1<\/td>\n<td width=\"265\">Filosof\u00eda<\/td>\n<td width=\"61\">96<\/td>\n<td width=\"86\">&#8211;<\/td>\n<td width=\"94\">&#8211;<\/td>\n<td>SA<\/td>\n<td>9 A 13hs<\/td>\n<\/tr>\n<tr>\n<td width=\"82\">2<\/td>\n<td width=\"265\">Historia Social General<\/td>\n<td width=\"61\">96<\/td>\n<td width=\"86\">&#8211;<\/td>\n<td width=\"94\">&#8211;<\/td>\n<td>JU<\/td>\n<td>M \/T \/ N<\/td>\n<\/tr>\n<tr>\n<td width=\"82\">3<\/td>\n<td width=\"265\">Introducci\u00f3n a la Sociolog\u00eda<\/td>\n<td width=\"61\">96<\/td>\n<td width=\"86\">&#8211;<\/td>\n<td width=\"94\">&#8211;<\/td>\n<td>LU<\/td>\n<td>M \/T \/ N<\/td>\n<\/tr>\n<tr>\n<td width=\"82\">4<\/td>\n<td width=\"265\">Psicolog\u00eda General<\/td>\n<td width=\"61\">96<\/td>\n<td width=\"86\">&#8211;<\/td>\n<td width=\"94\">&#8211;<\/td>\n<td>VI<\/td>\n<td>\n<table>\n<tbody>\n<tr>\n<td width=\"261\">M \/T \/ N<\/td>\n<\/tr>\n<\/tbody>\n<\/table>\n<\/td>\n<\/tr>\n<tr>\n<td width=\"82\">5<\/td>\n<td width=\"265\">Introducci\u00f3n a la Pr\u00e1ctica Psicopedag\u00f3gica<\/td>\n<td width=\"61\">96<\/td>\n<td width=\"86\">&#8211;<\/td>\n<td width=\"94\">&#8211;<\/td>\n<td>MA<\/td>\n<td>M \/T \/ N<\/td>\n<\/tr>\n<tr>\n<td width=\"82\">5<\/td>\n<td width=\"265\">Introducci\u00f3n a la Pr\u00e1ctica Psicopedag\u00f3gica<\/td>\n<td width=\"61\">96<\/td>\n<td width=\"86\">&#8211;<\/td>\n<td width=\"94\">&#8211;<\/td>\n<td>SA<\/td>\n<td>9 A 13hs<\/td>\n<\/tr>\n<tr>\n<td width=\"82\">6<\/td>\n<td width=\"265\">Introducci\u00f3n a la Educaci\u00f3n<\/td>\n<td width=\"61\">96<\/td>\n<td width=\"86\"><\/td>\n<td width=\"94\"><\/td>\n<td>LU<\/td>\n<td>M \/ T \/ N<\/td>\n<\/tr>\n<tr>\n<td width=\"82\">7<\/td>\n<td width=\"265\">Taller de lectura y Escritura (anual)<\/td>\n<td width=\"61\">64<\/td>\n<td width=\"86\">&#8211;<\/td>\n<td width=\"94\">&#8211;<\/td>\n<td>MI<\/td>\n<td>M \/T \/ N<\/td>\n<\/tr>\n<tr>\n<td width=\"82\">7<\/td>\n<td width=\"265\">Taller de Lectura y Escritura \u00a0(anual)<\/td>\n<td width=\"61\">64<\/td>\n<td width=\"86\">&#8211;<\/td>\n<td width=\"94\">&#8211;<\/td>\n<td>SA<\/td>\n<td>9 A 13hs<\/td>\n<\/tr>\n<tr>\n<td rowspan=\"10\">2do a\u00f1o<\/td>\n<td width=\"82\">8<\/td>\n<td width=\"265\">Pedagog\u00eda<\/td>\n<td width=\"61\">96<\/td>\n<td width=\"86\">&#8211;<\/td>\n<td width=\"94\">3- 6<\/td>\n<td>MI<\/td>\n<td>14 a 18hs \u00f3 18 a 22hs<\/td>\n<\/tr>\n<tr>\n<td width=\"82\"><\/td>\n<td width=\"265\">Pedagog\u00eda MODALIDAD VIRTUAL<\/td>\n<td width=\"61\"><\/td>\n<td width=\"86\"><\/td>\n<td width=\"94\"><\/td>\n<td><\/td>\n<td>Informaci\u00f3n blog c\u00e1tedra<\/td>\n<\/tr>\n<tr>\n<td width=\"82\">9<\/td>\n<td width=\"265\">Fundamentos Biol\u00f3gicos para la Educaci\u00f3n<\/td>\n<td width=\"61\">96<\/td>\n<td width=\"86\">&#8211;<\/td>\n<td width=\"94\">4-5<\/td>\n<td>VI<\/td>\n<td>P: 14 a 16\u00a0 &#8211;\u00a0 T: 16 a 18hs<\/td>\n<\/tr>\n<tr>\n<td width=\"82\">10<\/td>\n<td width=\"265\">Psicolog\u00eda del Desarrollo I<\/td>\n<td width=\"61\">96<\/td>\n<td width=\"86\">&#8211;<\/td>\n<td width=\"94\">1- 4<\/td>\n<td>LU<\/td>\n<td>\n<table>\n<tbody>\n<tr>\n<td width=\"261\">9 a 13hs\u00a0 o\u00a0 18 a 22hs<\/td>\n<\/tr>\n<\/tbody>\n<\/table>\n<\/td>\n<\/tr>\n<tr>\n<td width=\"82\">10<\/td>\n<td width=\"265\">Psicolog\u00eda del Desarrollo I<\/td>\n<td width=\"61\">96<\/td>\n<td width=\"86\">&#8211;<\/td>\n<td width=\"94\">1- 4<\/td>\n<td>SA<\/td>\n<td>9 a 13hs<\/td>\n<\/tr>\n<tr>\n<td width=\"82\">11<\/td>\n<td width=\"265\">Psicolog\u00eda Social<\/td>\n<td width=\"61\">64<\/td>\n<td width=\"86\">&#8211;<\/td>\n<td width=\"94\">3-4<\/td>\n<td>MA<\/td>\n<td>8 a 12 hs<\/td>\n<\/tr>\n<tr>\n<td width=\"82\">12<\/td>\n<td width=\"265\">Antropolog\u00eda Cultural<\/td>\n<td width=\"61\">64<\/td>\n<td width=\"86\">7<\/td>\n<td width=\"94\">1- 2<\/td>\n<td>JU<\/td>\n<td>M \/T \/ N<\/td>\n<\/tr>\n<tr>\n<td width=\"82\">13<\/td>\n<td width=\"265\">Psicolog\u00eda del Desarrollo II<\/td>\n<td>96<\/td>\n<td>10<\/td>\n<td width=\"94\">1- 4<\/td>\n<td>LU<\/td>\n<td><\/td>\n<\/tr>\n<tr>\n<td width=\"82\">14<\/td>\n<td width=\"265\">Teor\u00edas del Aprendizaje<\/td>\n<td width=\"61\">96<\/td>\n<td width=\"86\">10<\/td>\n<td width=\"94\">3<\/td>\n<td>MI<\/td>\n<td>8 a 12 o 14 a 18hs<\/td>\n<\/tr>\n<tr>\n<td width=\"82\">15<\/td>\n<td width=\"265\">Historia de la Educaci\u00f3n<\/td>\n<td width=\"61\">96<\/td>\n<td width=\"86\">8<\/td>\n<td width=\"94\">2<\/td>\n<td>MA<\/td>\n<td>14 a 18hs<\/td>\n<\/tr>\n<tr>\n<td rowspan=\"8\">3er. A\u00f1o<\/td>\n<td width=\"82\">16<\/td>\n<td width=\"265\">Metodolog\u00eda de la Investigaci\u00f3n Social<\/td>\n<td width=\"61\">96<\/td>\n<td width=\"86\">7<\/td>\n<td width=\"94\">1 -3<\/td>\n<td>MI<\/td>\n<td>8 a 12hs<\/td>\n<\/tr>\n<tr>\n<td width=\"82\">17<\/td>\n<td width=\"265\">Teor\u00edas Psicoanal\u00edticas contempor\u00e1neas<\/td>\n<td width=\"61\">96<\/td>\n<td width=\"86\">10<\/td>\n<td width=\"94\">4-5<\/td>\n<td>VI<\/td>\n<td>T: 14 a 16hs\u00a0 P: 16 a 18hs<\/td>\n<\/tr>\n<tr>\n<td width=\"82\">18<\/td>\n<td width=\"265\">Did\u00e1ctica I<\/td>\n<td width=\"61\">96<\/td>\n<td width=\"86\">14<\/td>\n<td width=\"94\">8<\/td>\n<td>JU<\/td>\n<td>8 a 12hs<\/td>\n<\/tr>\n<tr>\n<td width=\"82\">19<\/td>\n<td width=\"265\">Pedagog\u00eda Especial<\/td>\n<td width=\"61\">96<\/td>\n<td width=\"86\">9- 10<\/td>\n<td width=\"94\">8<\/td>\n<td>LU<\/td>\n<td>14 a 18hs<\/td>\n<\/tr>\n<tr>\n<td width=\"82\">20<\/td>\n<td width=\"265\">Elementos de Neuropsicolog\u00eda Infantil<\/td>\n<td width=\"61\">96<\/td>\n<td width=\"86\">&#8211;<\/td>\n<td width=\"94\">9- 10<\/td>\n<td>MA<\/td>\n<td>16 a 20 o 18 a 22hs<\/td>\n<\/tr>\n<tr>\n<td width=\"82\">21<\/td>\n<td width=\"265\">Psicopatolog\u00eda del Desarrollo I<\/td>\n<td width=\"61\">96<\/td>\n<td width=\"86\">17<\/td>\n<td width=\"94\">\u00a013<\/td>\n<td>MI<\/td>\n<td>16 a 20 o 18 a 22hs<\/td>\n<\/tr>\n<tr>\n<td width=\"82\">22<\/td>\n<td width=\"265\">Ling\u00fc\u00edstica y Semi\u00f3tica<\/td>\n<td width=\"61\">64<\/td>\n<td width=\"86\">12<\/td>\n<td width=\"94\">7<\/td>\n<td>JU<\/td>\n<td>14 a 18hs<\/td>\n<\/tr>\n<tr>\n<td width=\"82\">23<\/td>\n<td width=\"265\">Epistemolog\u00eda y Psicolog\u00eda Gen\u00e9tica<\/td>\n<td width=\"61\">96<\/td>\n<td width=\"86\">13<\/td>\n<td width=\"94\">10<\/td>\n<td>LU<\/td>\n<td>14 a 18hs<\/td>\n<\/tr>\n<tr>\n<td rowspan=\"8\">4to. A\u00f1o<\/td>\n<td width=\"82\">24<\/td>\n<td width=\"265\">T\u00e9cnicas de Exploraci\u00f3n Psicopedag\u00f3gicas<\/td>\n<td width=\"61\">96<\/td>\n<td width=\"86\">20 -23<\/td>\n<td width=\"94\">19<\/td>\n<td>MA<\/td>\n<td>18 a 22hs<\/td>\n<\/tr>\n<tr>\n<td width=\"82\">25<\/td>\n<td width=\"265\">Did\u00e1ctica II<\/td>\n<td width=\"61\">96<\/td>\n<td width=\"86\">23<\/td>\n<td width=\"94\">18<\/td>\n<td>LU<\/td>\n<td>16 a 20 o 18 a 22hs<\/td>\n<\/tr>\n<tr>\n<td width=\"82\">26<\/td>\n<td width=\"265\">Estudio del Lenguaje y sus Trastornos<\/td>\n<td width=\"61\">96<\/td>\n<td width=\"86\">22<\/td>\n<td width=\"94\">20<\/td>\n<td>LU<\/td>\n<td>18 a 22hs<\/td>\n<\/tr>\n<tr>\n<td width=\"82\">27<\/td>\n<td width=\"265\">Diagn\u00f3stico Psicopedag\u00f3gico<\/td>\n<td width=\"61\">96<\/td>\n<td width=\"86\">24<\/td>\n<td width=\"94\">20<\/td>\n<td>JU<\/td>\n<td>16 a 20 o 18 a 22hs<\/td>\n<\/tr>\n<tr>\n<td width=\"82\">28<\/td>\n<td width=\"265\">Estrategias para el Abordaje de las Dificultades del Aprendizaje<\/td>\n<td width=\"61\">96<\/td>\n<td width=\"86\">25<\/td>\n<td width=\"94\">19<\/td>\n<td>VI<\/td>\n<td>8 a 12hs<\/td>\n<\/tr>\n<tr>\n<td width=\"82\">29<\/td>\n<td width=\"265\">Pedagog\u00eda Institucional<\/td>\n<td width=\"61\">96<\/td>\n<td width=\"86\">17<\/td>\n<td width=\"94\">11<\/td>\n<td>MI<\/td>\n<td>18 a 22hs<\/td>\n<\/tr>\n<tr>\n<td width=\"82\"><\/td>\n<td colspan=\"6\" width=\"823\">\u00a0\u00a0\u00a0\u00a0\u00a0\u00a0\u00a0\u00a0 *\u00a0\u00a0 Pedagog\u00eda Institucional\u00a0 supervision obligatoria,\u00a0 informacion en blog de c\u00e0tedra<\/td>\n<\/tr>\n<tr>\n<td width=\"82\">30<\/td>\n<td width=\"265\">Cl\u00ednica Psicopedag\u00f3gica<\/td>\n<td width=\"61\">96<\/td>\n<td width=\"86\">27<\/td>\n<td width=\"94\">21 &#8211; 24<\/td>\n<td>JU<\/td>\n<td>18 a 22hs<\/td>\n<\/tr>\n<\/tbody>\n<\/table>\n<p><strong>Licenciatura<\/strong><\/p>\n<table width=\"943\">\n<tbody>\n<tr>\n<td rowspan=\"5\" width=\"38\">5to a\u00f1o<\/td>\n<td width=\"82\">31<\/td>\n<td width=\"265\">Abordaje Psicoanal\u00edtico en Ni\u00f1os y Adolescentes<\/td>\n<td width=\"61\">96<\/td>\n<td width=\"86\">&#8211;<\/td>\n<td width=\"94\">17<\/td>\n<td width=\"56\">SA<\/td>\n<td width=\"261\">9 a 13hs<\/td>\n<\/tr>\n<tr>\n<td width=\"82\">32<\/td>\n<td width=\"265\">Teor\u00eda de la Educaci\u00f3n<\/td>\n<td width=\"61\">96<\/td>\n<td width=\"86\">15<\/td>\n<td width=\"94\">8<\/td>\n<td>JU<\/td>\n<td><\/td>\n<\/tr>\n<tr>\n<td width=\"82\">33<\/td>\n<td width=\"265\">Psicopatolog\u00eda del Desarrollo II<\/td>\n<td width=\"61\">96<\/td>\n<td width=\"86\">&#8211;<\/td>\n<td width=\"94\">21<\/td>\n<td>MI<\/td>\n<td><\/td>\n<\/tr>\n<tr>\n<td width=\"82\">34<\/td>\n<td width=\"265\">Materia\u00a0 Optativa (1)<\/td>\n<td width=\"61\">64<\/td>\n<td width=\"86\"><\/td>\n<td width=\"94\"><\/td>\n<td><\/td>\n<td><\/td>\n<\/tr>\n<tr>\n<td><\/td>\n<td>Idioma Extranjero (Ingl\u00e9s o Portugu\u00e9s)<\/td>\n<td><\/td>\n<td><\/td>\n<td><\/td>\n<td><\/td>\n<td><\/td>\n<\/tr>\n<\/tbody>\n<\/table>\n<table width=\"823\">\n<tbody>\n<tr>\n<td colspan=\"6\" width=\"823\"><strong>Materias\u00a0 Optativas (1)<\/strong><\/td>\n<\/tr>\n<tr>\n<td>Orientaci\u00f3n Educacional y Laboral<\/td>\n<td width=\"61\">64<\/td>\n<td>24<\/td>\n<td>10<\/td>\n<td>MI<\/td>\n<td>18 a 22hs<\/td>\n<\/tr>\n<tr>\n<td width=\"265\">El Deseo y su Articulaci\u00f3n con el Aprendizaje<\/td>\n<td width=\"61\">64<\/td>\n<td><\/td>\n<td>17<\/td>\n<td>MA<\/td>\n<td>18 a 22hs<\/td>\n<\/tr>\n<tr>\n<td width=\"265\">Estimulaci\u00f3n Temprana<\/td>\n<td width=\"61\">64<\/td>\n<td width=\"86\">&#8211;<\/td>\n<td>23<\/td>\n<td>VI<\/td>\n<td>18 a 22hs<\/td>\n<\/tr>\n<tr>\n<td width=\"265\">Psicomotricidad<\/td>\n<td width=\"61\">64<\/td>\n<td>21<\/td>\n<td>13<\/td>\n<td>MI<\/td>\n<td>14 a 18hs<\/td>\n<\/tr>\n<\/tbody>\n<\/table>\n<p><strong>Profesorado<\/strong><\/p>\n<table width=\"943\">\n<tbody>\n<tr>\n<td rowspan=\"4\" width=\"38\">5to a\u00f1o<\/td>\n<td width=\"82\">31<\/td>\n<td width=\"265\">Pol\u00edtica y Legislaci\u00f3n Educativa<\/td>\n<td width=\"61\">96<\/td>\n<td width=\"86\">16<\/td>\n<td width=\"94\">11<\/td>\n<td width=\"56\">LU<\/td>\n<td width=\"261\">18 a 22hs<\/td>\n<\/tr>\n<tr>\n<td width=\"82\">32<\/td>\n<td width=\"265\">Did\u00e1ctica III<\/td>\n<td width=\"61\">96<\/td>\n<td>23<\/td>\n<td width=\"94\">18<\/td>\n<td>VI<\/td>\n<td>18 a 22hs<\/td>\n<\/tr>\n<tr>\n<td width=\"82\">33<\/td>\n<td width=\"265\">Did\u00e1ctica IV<\/td>\n<td width=\"61\">96<\/td>\n<td>23<\/td>\n<td width=\"94\">18<\/td>\n<td>LU<\/td>\n<td><\/td>\n<\/tr>\n<tr>\n<td width=\"82\">34<\/td>\n<td width=\"265\">Materia\u00a0 Optativa (2)<\/td>\n<td width=\"61\">64<\/td>\n<td width=\"86\"><\/td>\n<td width=\"94\"><\/td>\n<td><\/td>\n<td><\/td>\n<\/tr>\n<\/tbody>\n<\/table>\n<table width=\"823\">\n<tbody>\n<tr>\n<td colspan=\"6\" width=\"823\"><strong>Materias\u00a0 Optativas (2)<\/strong><\/td>\n<\/tr>\n<tr>\n<td>Taller de innovaciones educativas<\/td>\n<td>64<\/td>\n<td>&#8211;<\/td>\n<td>25<\/td>\n<td>MA<\/td>\n<td>14 a 18hs<\/td>\n<\/tr>\n<tr>\n<td width=\"265\">Integraci\u00f3n escolar y adaptaciones curriculares<\/td>\n<td>64<\/td>\n<td>29<\/td>\n<td>19<\/td>\n<td>MI<\/td>\n<td>14 a 18hs<\/td>\n<\/tr>\n<tr>\n<td>Teor\u00eda y dise\u00f1o curricular<\/td>\n<td>64<\/td>\n<td>30<\/td>\n<td>18<\/td>\n<td>MI<\/td>\n<td><\/td>\n<\/tr>\n<\/tbody>\n<\/table>\n<p><strong>Turnos:<\/strong> Ma\u00f1ana 8 a 12 hs. \/ Tarde: 14 a 18 hs. \/ Noche: 18 a 22 hs.<\/p>\n<p><strong>NOTAS:<\/strong>\u00a0Las correlatividades son de cumplimiento obligatorio<\/p>\n<p><strong>Seminarios:<\/strong> ver oferta detallada<\/p>\n<h3><strong>IDIOMA EXTRANJERO<\/strong><\/h3>\n<h3><strong>ATENCI\u00d3N: S\u00f3lo quedar\u00e1n inscriptos los estudiantes que tengan 15 o m\u00e1s materias aprobadas<\/strong><\/h3>\n<p><strong>Ingl\u00e9s:<\/strong><\/p>\n<table width=\"222\">\n<tbody>\n<tr>\n<td width=\"222\"><strong>NIVEL INICIAL<\/strong><\/td>\n<\/tr>\n<tr>\n<td>Martes\u00a0 de 9 a 12 hs.<\/td>\n<\/tr>\n<tr>\n<td>Mi\u00e9rcoles de 15 a 18 hs.<\/td>\n<\/tr>\n<tr>\n<td>S\u00e1bados 9 a 13 hs.<\/td>\n<\/tr>\n<\/tbody>\n<\/table>\n<table width=\"222\">\n<tbody>\n<tr>\n<td width=\"222\"><strong>NIVEL AVANZADO<\/strong><\/td>\n<\/tr>\n<tr>\n<td>S\u00e1bados 9 a 13 hs.<\/td>\n<\/tr>\n<tr>\n<td>Martes\u00a0 de 15 a 18 hs.<\/td>\n<\/tr>\n<tr>\n<td>Mi\u00e9rcoles de 9.30 a 12.30 hs.<\/td>\n<\/tr>\n<\/tbody>\n<\/table>\n<p><strong>Portugu\u00e9s:<\/strong><\/p>\n<table width=\"222\">\n<tbody>\n<tr>\n<td width=\"222\"><strong>NIVEL INICIAL<\/strong><\/td>\n<\/tr>\n<tr>\n<td>S\u00e1bados 9 a 13 hs.<\/td>\n<\/tr>\n<\/tbody>\n<\/table>\n<table width=\"222\">\n<tbody>\n<tr>\n<td width=\"222\"><strong>NIVEL AVANZADO<\/strong><\/td>\n<\/tr>\n<tr>\n<td>Viernes de 15 a 18 hs.<\/td>\n<\/tr>\n<\/tbody>\n<\/table>\n<p>TODOS LOS NIVELES PUEDEN RENDIRSE EN CAR\u00c1CTER DE LIBRE<\/p>\n","protected":false},"excerpt":{"rendered":"<p>N\u00b0 de orden ASIGNATURA Carga Horaria Correlatividad Cursada Regularizar Aprobar con final \u00a0D\u00eda Turno HS 1er&#8230;<\/p>\n","protected":false},"author":5,"featured_media":0,"parent":0,"menu_order":0,"comment_status":"closed","ping_status":"closed","template":"","meta":{"footnotes":""},"class_list":["post-10273","page","type-page","status-publish","hentry"],"_links":{"self":[{"href":"https:\/\/www.sociales.unlz.edu.ar\/index.php\/wp-json\/wp\/v2\/pages\/10273","targetHints":{"allow":["GET"]}}],"collection":[{"href":"https:\/\/www.sociales.unlz.edu.ar\/index.php\/wp-json\/wp\/v2\/pages"}],"about":[{"href":"https:\/\/www.sociales.unlz.edu.ar\/index.php\/wp-json\/wp\/v2\/types\/page"}],"author":[{"embeddable":true,"href":"https:\/\/www.sociales.unlz.edu.ar\/index.php\/wp-json\/wp\/v2\/users\/5"}],"replies":[{"embeddable":true,"href":"https:\/\/www.sociales.unlz.edu.ar\/index.php\/wp-json\/wp\/v2\/comments?post=10273"}],"version-history":[{"count":8,"href":"https:\/\/www.sociales.unlz.edu.ar\/index.php\/wp-json\/wp\/v2\/pages\/10273\/revisions"}],"predecessor-version":[{"id":10400,"href":"https:\/\/www.sociales.unlz.edu.ar\/index.php\/wp-json\/wp\/v2\/pages\/10273\/revisions\/10400"}],"wp:attachment":[{"href":"https:\/\/www.sociales.unlz.edu.ar\/index.php\/wp-json\/wp\/v2\/media?parent=10273"}],"curies":[{"name":"wp","href":"https:\/\/api.w.org\/{rel}","templated":true}]}}