{"id":10266,"date":"2020-03-09T13:25:25","date_gmt":"2020-03-09T16:25:25","guid":{"rendered":"https:\/\/www.sociales.unlz.edu.ar\/?page_id=10266"},"modified":"2020-03-09T18:08:14","modified_gmt":"2020-03-09T21:08:14","slug":"aulas-de-cursada-licenciatura-en-trabajo-social-primer-cuatrimestre-2020","status":"publish","type":"page","link":"https:\/\/www.sociales.unlz.edu.ar\/index.php\/aulas-de-cursada-licenciatura-en-trabajo-social-primer-cuatrimestre-2020\/","title":{"rendered":"Licenciatura en Trabajo Social: Horarios y d\u00edas de Cursada para el Primer Cuatrimestre 2020"},"content":{"rendered":"<table width=\"902\">\n<tbody>\n<tr>\n<td style=\"text-align: center;\" rowspan=\"3\" width=\"58\"><\/td>\n<td style=\"text-align: center;\" rowspan=\"3\" width=\"27\"><strong>N\u00ba\u00a0<\/strong><\/td>\n<td style=\"text-align: center;\" rowspan=\"3\" width=\"313\"><strong>ASIGNATURA<\/strong><\/td>\n<td style=\"text-align: center;\" width=\"65\"><strong>Carga Horaria<\/strong><\/td>\n<td style=\"text-align: center;\" colspan=\"2\" width=\"146\"><strong>Correlatividad<\/strong><\/td>\n<td style=\"text-align: center;\" colspan=\"2\" width=\"293\"><strong>Cursada<\/strong><\/td>\n<\/tr>\n<tr>\n<td style=\"text-align: center;\" rowspan=\"2\" width=\"65\"><strong>HS<\/strong><\/td>\n<td style=\"text-align: center;\" rowspan=\"2\" width=\"80\"><strong>Regularizar<\/strong><\/td>\n<td style=\"text-align: center;\" rowspan=\"2\" width=\"66\"><strong>Aprobar con final<\/strong><\/td>\n<td style=\"text-align: center;\" rowspan=\"2\" width=\"42\"><strong>D\u00cdA<\/strong><\/td>\n<td style=\"text-align: center;\" width=\"251\"><strong>Turno<\/strong><\/td>\n<\/tr>\n<tr>\n<td style=\"text-align: center;\" width=\"251\"><\/td>\n<\/tr>\n<tr>\n<td rowspan=\"8\">1er a\u00f1o\u00a0 (Ciclo de Formaci\u00f3n General)<\/td>\n<td width=\"27\">1<\/td>\n<td width=\"313\">FILOSOF\u00cdA<\/td>\n<td width=\"65\">96<\/td>\n<td width=\"80\">&#8211;<\/td>\n<td width=\"66\">&#8211;<\/td>\n<td width=\"42\">MA<\/td>\n<td>M \/T \/ N<\/td>\n<\/tr>\n<tr>\n<td width=\"27\">1<\/td>\n<td width=\"313\">Filosof\u00eda<\/td>\n<td width=\"65\">96<\/td>\n<td width=\"80\">&#8211;<\/td>\n<td width=\"66\">&#8211;<\/td>\n<td>SA<\/td>\n<td>9 A 13hs<\/td>\n<\/tr>\n<tr>\n<td width=\"27\">2<\/td>\n<td width=\"313\">Historia Social General<\/td>\n<td width=\"65\">96<\/td>\n<td width=\"80\">&#8211;<\/td>\n<td width=\"66\">&#8211;<\/td>\n<td>JU<\/td>\n<td>M \/T \/ N<\/td>\n<\/tr>\n<tr>\n<td width=\"27\">3<\/td>\n<td width=\"313\">INTRODUCCI\u00d3N A LA SOCIOLOG\u00cdA<\/td>\n<td width=\"65\">96<\/td>\n<td width=\"80\">&#8211;<\/td>\n<td width=\"66\">&#8211;<\/td>\n<td width=\"42\">LU<\/td>\n<td>M \/T \/ N<\/td>\n<\/tr>\n<tr>\n<td width=\"27\">4<\/td>\n<td width=\"313\">PSICOLOG\u00cdA GENERAL<\/td>\n<td width=\"65\">96<\/td>\n<td width=\"80\">&#8211;<\/td>\n<td width=\"66\">&#8211;<\/td>\n<td width=\"42\">VI<\/td>\n<td>M \/T \/ N<\/td>\n<\/tr>\n<tr>\n<td width=\"27\">5<\/td>\n<td width=\"313\">ECONOM\u00cdA GENERAL<\/td>\n<td width=\"65\">96<\/td>\n<td width=\"80\">&#8211;<\/td>\n<td width=\"66\">&#8211;<\/td>\n<td width=\"42\">MA<\/td>\n<td>M \/T \/ N<\/td>\n<\/tr>\n<tr>\n<td width=\"27\">6<\/td>\n<td width=\"313\">INTRODUCCI\u00d3N\u00a0 AL TRABAJO SOCIAL<\/td>\n<td width=\"65\">96<\/td>\n<td width=\"80\">&#8211;<\/td>\n<td width=\"66\">&#8211;<\/td>\n<td width=\"42\">JU<\/td>\n<td width=\"251\">N<\/td>\n<\/tr>\n<tr>\n<td width=\"27\">7<\/td>\n<td width=\"313\">Taller de Lectura y Escritura\u00a0 (anual)<\/td>\n<td width=\"65\">64<\/td>\n<td width=\"80\">&#8211;<\/td>\n<td width=\"66\">&#8211;<\/td>\n<td>MI<\/td>\n<td>M \/T \/ N<\/td>\n<\/tr>\n<tr>\n<td rowspan=\"8\" width=\"58\">2do a\u00f1o<\/td>\n<td width=\"27\">8<\/td>\n<td width=\"313\">PSICOLOG\u00cdA\u00a0\u00a0 SOCIAL<\/td>\n<td width=\"65\">96<\/td>\n<td width=\"80\">&#8211;<\/td>\n<td width=\"66\">3-4<\/td>\n<td width=\"42\">MA<\/td>\n<td>8 a 12 \u00f316 a 20 \u00f3 18 a 22hs<\/td>\n<\/tr>\n<tr>\n<td width=\"27\">9<\/td>\n<td width=\"313\">METODOLOG\u00cdA DE LA INVESTIGACI\u00d3N\u00a0 SOCIAL I<\/td>\n<td width=\"65\">96<\/td>\n<td width=\"80\">7<\/td>\n<td width=\"66\">1-3<\/td>\n<td width=\"42\">MI<\/td>\n<td>8 a 12hs \u00f3 14 a 18hs \u00f3 18 a 22hs<\/td>\n<\/tr>\n<tr>\n<td width=\"27\">10<\/td>\n<td width=\"313\">TEOR\u00cdA\u00a0 Y M\u00c9TODO\u00a0 DEL TRABAJO SOCIAL I<\/td>\n<td width=\"65\">96<\/td>\n<td width=\"80\">6<\/td>\n<td width=\"66\">2-3<\/td>\n<td width=\"42\">LU<\/td>\n<td>16 a 20 \u00f3 18 a 22hs<\/td>\n<\/tr>\n<tr>\n<td width=\"27\">11<\/td>\n<td width=\"313\">ESTADO Y POL\u00cdTICAS P\u00daBLICAS<\/td>\n<td width=\"65\">96<\/td>\n<td width=\"80\">6<\/td>\n<td width=\"66\">2-5<\/td>\n<td width=\"42\">VI<\/td>\n<td width=\"251\">18 a 22hs<\/td>\n<\/tr>\n<tr>\n<td width=\"27\">12<\/td>\n<td width=\"313\">METODOLOG\u00cdA\u00a0 DE LA INVESTIGACI\u00d3N\u00a0 SOCIAL II<\/td>\n<td width=\"65\">96<\/td>\n<td width=\"80\">9<\/td>\n<td width=\"66\">1-3 -7<\/td>\n<td>SA<\/td>\n<td>P: 9 a 11\u00a0\u00a0 &#8211;\u00a0 T: 11 a 13hs<\/td>\n<\/tr>\n<tr>\n<td width=\"27\">13<\/td>\n<td width=\"313\">CAMPO I\u00a0: Comunidad<\/td>\n<td width=\"65\">128<\/td>\n<td width=\"80\">10<\/td>\n<td width=\"66\">6<\/td>\n<td width=\"42\">JU<\/td>\n<td><\/td>\n<\/tr>\n<tr>\n<td width=\"27\">14<\/td>\n<td width=\"313\">TEOR\u00cdA Y PROCESOS\u00a0 GRUPALES<\/td>\n<td width=\"65\">96<\/td>\n<td width=\"80\">&#8211;<\/td>\n<td width=\"66\">8<\/td>\n<td width=\"42\">LU<\/td>\n<td><\/td>\n<\/tr>\n<tr>\n<td width=\"27\">15<\/td>\n<td width=\"313\">DERECHO CIVIL Y PENAL<\/td>\n<td width=\"65\">96<\/td>\n<td width=\"80\"><\/td>\n<td width=\"66\">11<\/td>\n<td width=\"42\">MA<\/td>\n<td><\/td>\n<\/tr>\n<tr>\n<td rowspan=\"8\" width=\"58\">3er. A\u00f1o<\/td>\n<td width=\"27\">16<\/td>\n<td width=\"313\">TEOR\u00cdA\u00a0 Y M\u00c9TODO\u00a0 DEL TRABAJO SOCIAL II<\/td>\n<td width=\"65\">96<\/td>\n<td width=\"80\">12\u00a0 &#8211;\u00a0 13<\/td>\n<td width=\"66\">9\u00a0 &#8211;\u00a0 10<\/td>\n<td width=\"42\">MA<\/td>\n<td width=\"251\">18 a 22hs<\/td>\n<\/tr>\n<tr>\n<td width=\"27\">17<\/td>\n<td width=\"313\">PSICOLOG\u00cdA DEL DESARROLLO (T.S.)<\/td>\n<td width=\"65\">96<\/td>\n<td width=\"80\"><\/td>\n<td width=\"66\">4<\/td>\n<td width=\"42\">LU<\/td>\n<td width=\"251\">18 a 22hs<\/td>\n<\/tr>\n<tr>\n<td width=\"27\">18<\/td>\n<td width=\"313\">ANTROPOLOG\u00cdA\u00a0 CULTURAL<\/td>\n<td width=\"65\">96<\/td>\n<td width=\"80\"><\/td>\n<td width=\"66\">1-3<\/td>\n<td width=\"42\">JU<\/td>\n<td>M \/T \/ N<\/td>\n<\/tr>\n<tr>\n<td width=\"27\">19<\/td>\n<td width=\"313\">FUNDAMENTOS DE LA EDUCACI\u00d3N<\/td>\n<td width=\"65\">96<\/td>\n<td width=\"80\"><\/td>\n<td width=\"66\">2-3<\/td>\n<td width=\"42\">MI<\/td>\n<td width=\"251\">18 a 22hs<\/td>\n<\/tr>\n<tr>\n<td width=\"27\">20<\/td>\n<td width=\"313\">PSICOLOG\u00cdA INSTITUCIONAL<\/td>\n<td width=\"65\">96<\/td>\n<td width=\"80\">8<\/td>\n<td width=\"66\">4<\/td>\n<td width=\"42\">LU<\/td>\n<td><\/td>\n<\/tr>\n<tr>\n<td width=\"27\">21<\/td>\n<td width=\"313\">CAMPO II: Instituci\u00f3n<\/td>\n<td width=\"65\">128<\/td>\n<td width=\"80\">16<\/td>\n<td width=\"66\">13<\/td>\n<td width=\"42\">MA<\/td>\n<td><\/td>\n<\/tr>\n<tr>\n<td width=\"27\">22<\/td>\n<td width=\"313\">PLANEAMIENTO SOCIAL<\/td>\n<td width=\"65\">96<\/td>\n<td width=\"80\">12\u00a0 &#8211;\u00a0 11<\/td>\n<td width=\"66\">9<\/td>\n<td width=\"42\">VI<\/td>\n<td><\/td>\n<\/tr>\n<tr>\n<td width=\"27\">23<\/td>\n<td width=\"313\">PSICOPATOLOGIA<\/td>\n<td width=\"65\">96<\/td>\n<td width=\"80\">17<\/td>\n<td width=\"66\">4<\/td>\n<td width=\"42\">LU<\/td>\n<td><\/td>\n<\/tr>\n<tr>\n<td rowspan=\"8\" width=\"58\">4to. A\u00f1o<\/td>\n<td width=\"27\">24<\/td>\n<td width=\"313\">TEOR\u00cdA\u00a0 Y M\u00c9TODO\u00a0 DEL TRABAJO SOCIAL III<\/td>\n<td width=\"65\">96<\/td>\n<td width=\"80\">21<\/td>\n<td width=\"66\">16<\/td>\n<td width=\"42\">MI<\/td>\n<td width=\"251\">18 a 22hs<\/td>\n<\/tr>\n<tr>\n<td width=\"27\">25<\/td>\n<td width=\"313\">DERECHO LABORAL<\/td>\n<td width=\"65\">96<\/td>\n<td width=\"80\">15<\/td>\n<td width=\"66\">11<\/td>\n<td width=\"42\">LU<\/td>\n<td>14 a 18 \u00f3 18 a 22hs<\/td>\n<\/tr>\n<tr>\n<td width=\"27\">26<\/td>\n<td width=\"313\">PROMOCI\u00d3N SOCIAL DE LA SALUD<\/td>\n<td width=\"65\">96<\/td>\n<td width=\"80\">&#8211;<\/td>\n<td width=\"66\">22<\/td>\n<td width=\"42\">MA<\/td>\n<td width=\"251\">18 a 22hs<\/td>\n<\/tr>\n<tr>\n<td width=\"27\">27<\/td>\n<td width=\"313\">SEMINARIO OPTATIVO<\/td>\n<td width=\"65\">96<\/td>\n<td width=\"80\">&#8211;<\/td>\n<td width=\"66\">&#8211;<\/td>\n<td width=\"42\"><\/td>\n<td width=\"251\"><\/td>\n<\/tr>\n<tr>\n<td width=\"27\">28<\/td>\n<td width=\"313\">CAMPO III: Grupo<\/td>\n<td width=\"65\">128<\/td>\n<td width=\"80\">24<\/td>\n<td width=\"66\">\n<table>\n<tbody>\n<tr>\n<td width=\"66\">21<\/td>\n<\/tr>\n<\/tbody>\n<\/table>\n<\/td>\n<td width=\"42\">MI<\/td>\n<td><\/td>\n<\/tr>\n<tr>\n<td width=\"27\">29<\/td>\n<td width=\"313\">PROBLEM\u00c1TICA DE LA COMUNICACI\u00d3N<\/td>\n<td width=\"65\">96<\/td>\n<td width=\"80\">19<\/td>\n<td width=\"66\">2-3<\/td>\n<td>VI<\/td>\n<td>18 a 22hs<\/td>\n<\/tr>\n<tr>\n<td width=\"27\">30<\/td>\n<td width=\"313\">SEMINARIO OPTATIVO<\/td>\n<td width=\"65\">96<\/td>\n<td width=\"80\">&#8211;<\/td>\n<td width=\"66\">&#8211;<\/td>\n<td width=\"42\"><\/td>\n<td width=\"251\"><\/td>\n<\/tr>\n<tr>\n<td width=\"27\">31<\/td>\n<td width=\"313\">SEMINARIO OPTATIVO<\/td>\n<td width=\"65\">96<\/td>\n<td width=\"80\">&#8211;<\/td>\n<td width=\"66\">&#8211;<\/td>\n<td width=\"42\"><\/td>\n<td width=\"251\"><\/td>\n<\/tr>\n<tr>\n<td rowspan=\"5\" width=\"58\">5to a\u00f1o<\/td>\n<td width=\"27\">32<\/td>\n<td width=\"313\">TEOR\u00cdA\u00a0 Y M\u00c9TODO DEL TRABAJO SOCIAL IV<\/td>\n<td width=\"65\">96<\/td>\n<td width=\"80\">28<\/td>\n<td width=\"66\">24<\/td>\n<td width=\"42\">MI<\/td>\n<td width=\"251\">18 a 22hs<\/td>\n<\/tr>\n<tr>\n<td width=\"27\">33<\/td>\n<td width=\"313\">TEOR\u00cdAS SOCIOL\u00d3GICAS\u00a0 CONTEMPORANEAS<\/td>\n<td width=\"65\">96<\/td>\n<td width=\"80\">18<\/td>\n<td width=\"66\">3<\/td>\n<td width=\"42\">LU<\/td>\n<td>14 a 18 \u00f3 18 a 22hs<\/td>\n<\/tr>\n<tr>\n<td width=\"27\">34<\/td>\n<td width=\"313\">SEMINARIO OPTATIVO<\/td>\n<td width=\"65\">96<\/td>\n<td width=\"80\">&#8211;<\/td>\n<td width=\"66\">&#8211;<\/td>\n<td width=\"42\"><\/td>\n<td width=\"251\"><\/td>\n<\/tr>\n<tr>\n<td width=\"27\">35<\/td>\n<td width=\"313\">CAMPO IV: Familia y Caso Social\u00a0 Individual<\/td>\n<td width=\"65\">128<\/td>\n<td width=\"80\">32<\/td>\n<td width=\"66\">28<\/td>\n<td width=\"42\">MI<\/td>\n<td><\/td>\n<\/tr>\n<tr>\n<td width=\"27\">36<\/td>\n<td width=\"313\">SEMINARIO &#8211; TALLER DISE\u00d1O Y GESTI\u00d3N DE PROYECTOS SOCIALES<\/td>\n<td width=\"65\">192<\/td>\n<td width=\"80\">&#8211;<\/td>\n<td width=\"66\">22 &#8211; 32<\/td>\n<td width=\"42\">LU<\/td>\n<td width=\"251\">18 a 22hs<\/td>\n<\/tr>\n<\/tbody>\n<\/table>\n<p><strong>Turnos:<\/strong> Ma\u00f1ana 8 a 12 hs. \/ Tarde: 14 a 18 hs. \/ Noche: 18 a 22 hs.<\/p>\n<p><strong>NOTAS:<\/strong>\u00a0Las correlatividades son de cumplimiento obligatorio<\/p>\n<p><strong>Seminarios<\/strong>: Ver oferta detallada<\/p>\n<h3><strong>IDIOMA EXTRANJERO<\/strong><\/h3>\n<h3><strong>ATENCI\u00d3N: S\u00f3lo quedar\u00e1n inscriptos los estudiantes que tengan 15 o m\u00e1s materias aprobadas<\/strong><\/h3>\n<p><strong>Ingl\u00e9s:<\/strong><\/p>\n<table width=\"265\">\n<tbody>\n<tr>\n<td width=\"265\"><strong>NIVEL INICIAL<\/strong><\/td>\n<\/tr>\n<tr>\n<td>Martes\u00a0 de 9 a 12 Hs.<\/td>\n<\/tr>\n<tr>\n<td>Miercoles de 15 a 18hs<\/td>\n<\/tr>\n<tr>\n<td>S\u00e1bados 9 a 13hs<\/td>\n<\/tr>\n<\/tbody>\n<\/table>\n<table width=\"265\">\n<tbody>\n<tr>\n<td width=\"265\"><strong>NIVEL AVANZADO<\/strong><\/td>\n<\/tr>\n<tr>\n<td>S\u00e1bados 9 a 13hs<\/td>\n<\/tr>\n<tr>\n<td>Martes\u00a0 de 15 a 18 Hs.<\/td>\n<\/tr>\n<tr>\n<td>Miercoles de 9.30 a 12.30 hs.<\/td>\n<\/tr>\n<\/tbody>\n<\/table>\n<p><strong>Portugu\u00e9s:\u00a0<\/strong><\/p>\n<table width=\"265\">\n<tbody>\n<tr>\n<td width=\"265\"><strong>NIVEL INICIAL<\/strong><\/td>\n<\/tr>\n<tr>\n<td>S\u00e1bados 9 a 13hs<\/td>\n<\/tr>\n<\/tbody>\n<\/table>\n<table width=\"265\">\n<tbody>\n<tr>\n<td width=\"265\"><strong>NIVEL AVANZADO<\/strong><\/td>\n<\/tr>\n<tr>\n<td>Viernes de 15 a 18 hs.<\/td>\n<\/tr>\n<\/tbody>\n<\/table>\n","protected":false},"excerpt":{"rendered":"<p>N\u00ba\u00a0 ASIGNATURA Carga Horaria Correlatividad Cursada HS Regularizar Aprobar con final D\u00cdA Turno 1er a\u00f1o\u00a0 (Ciclo&#8230;<\/p>\n","protected":false},"author":5,"featured_media":0,"parent":0,"menu_order":0,"comment_status":"closed","ping_status":"closed","template":"","meta":{"footnotes":""},"class_list":["post-10266","page","type-page","status-publish","hentry"],"_links":{"self":[{"href":"https:\/\/www.sociales.unlz.edu.ar\/index.php\/wp-json\/wp\/v2\/pages\/10266","targetHints":{"allow":["GET"]}}],"collection":[{"href":"https:\/\/www.sociales.unlz.edu.ar\/index.php\/wp-json\/wp\/v2\/pages"}],"about":[{"href":"https:\/\/www.sociales.unlz.edu.ar\/index.php\/wp-json\/wp\/v2\/types\/page"}],"author":[{"embeddable":true,"href":"https:\/\/www.sociales.unlz.edu.ar\/index.php\/wp-json\/wp\/v2\/users\/5"}],"replies":[{"embeddable":true,"href":"https:\/\/www.sociales.unlz.edu.ar\/index.php\/wp-json\/wp\/v2\/comments?post=10266"}],"version-history":[{"count":5,"href":"https:\/\/www.sociales.unlz.edu.ar\/index.php\/wp-json\/wp\/v2\/pages\/10266\/revisions"}],"predecessor-version":[{"id":10389,"href":"https:\/\/www.sociales.unlz.edu.ar\/index.php\/wp-json\/wp\/v2\/pages\/10266\/revisions\/10389"}],"wp:attachment":[{"href":"https:\/\/www.sociales.unlz.edu.ar\/index.php\/wp-json\/wp\/v2\/media?parent=10266"}],"curies":[{"name":"wp","href":"https:\/\/api.w.org\/{rel}","templated":true}]}}