{"id":10066,"date":"2020-02-12T15:43:22","date_gmt":"2020-02-12T18:43:22","guid":{"rendered":"https:\/\/www.sociales.unlz.edu.ar\/?page_id=10066"},"modified":"2026-02-25T15:22:00","modified_gmt":"2026-02-25T18:22:00","slug":"maestria-en-curriculum","status":"publish","type":"page","link":"https:\/\/www.sociales.unlz.edu.ar\/index.php\/maestria-en-curriculum\/","title":{"rendered":"Maestr\u00eda en Curriculum"},"content":{"rendered":"<p>[vc_row][vc_column width=&#8221;1\/3&#8243;][vc_single_image image=&#8221;15344&#8243; img_size=&#8221;medium&#8221; alignment=&#8221;center&#8221;][vc_column_text]<\/p>\n<h5 style=\"text-align: center;\">Virtual<\/h5>\n<p>[\/vc_column_text][\/vc_column][vc_column width=&#8221;1\/3&#8243;][vc_single_image image=&#8221;15342&#8243; img_size=&#8221;medium&#8221; alignment=&#8221;center&#8221;][vc_column_text]<\/p>\n<h5 style=\"text-align: center;\">Marzo 2026<\/h5>\n<p>[\/vc_column_text][\/vc_column][vc_column width=&#8221;1\/3&#8243;][vc_single_image image=&#8221;17677&#8243; img_size=&#8221;medium&#8221; alignment=&#8221;center&#8221;][vc_column_text]<\/p>\n<h5 style=\"text-align: center;\">Carrera acreditada por CONEAU<\/h5>\n<p>[\/vc_column_text][\/vc_column][\/vc_row][vc_row][vc_column][vc_column_text]<strong>Uno de los prop\u00f3sitos de creaci\u00f3n de la Especializaci\u00f3n en Did\u00e1ctica y Curriculum y la Maestr\u00eda en Curriculum fue promover la formaci\u00f3n de profesionales docentes y de otros campos en cuestiones\u00a0 curriculares, para atender los requerimientos que surgen de la incorporaci\u00f3n de oficinas de acreditaci\u00f3n en las instituciones, los siempre actuales desaf\u00edos de la calidad, los requerimientos t\u00e9cnicos necesarios para direccionar los nuevos desarrollos disciplinares, la concepci\u00f3n de lo curricular como un proceso permanente.<\/strong><\/p>\n<p>Estas carreras se implementaron con un plantel docente altamente calificado y con importantes antecedentes profesionales en sus respectivas disciplinas, as\u00ed como tambi\u00e9n con destacados desempe\u00f1os en la funci\u00f3n p\u00fablica vinculados a la definici\u00f3n de las pol\u00edticas curriculares, tanto a nivel nacional como provincial, lo que permiti\u00f3 conformar un equipo docente de posgrado de excelente nivel, aprovechando el capital humano disponible y acceder a la acreditaci\u00f3n de ambas carreras por parte de la CONEAU.<\/p>\n<p>La creaci\u00f3n de la Maestr\u00eda en Curr\u00edculum respondi\u00f3 al inter\u00e9s por continuar con la l\u00ednea el mandato fundacional de brindar propuestas acad\u00e9micas de calidad capaces de aportar diversos niveles de resoluci\u00f3n a las demandas de la comunidad y\u00a0 de sus propios graduados.<\/p>\n<p>Esta propuesta tiene en cuenta la demanda de profundizaci\u00f3n de la formaci\u00f3n en lo que se refiere al desarrollo te\u00f3rico, metodol\u00f3gico, tecnol\u00f3gico, y profesional para la investigaci\u00f3n y el estado de conocimiento respecto del campo disciplinar de la Educaci\u00f3n, particularmente el campo del curr\u00edculum, tanto en los problemas del dise\u00f1o como en los del desarrollo curricular, en un contexto de pa\u00eds en el que la expansi\u00f3n de la obligatoriedad en el sistema educativo ha promovido procesos de innovaci\u00f3n curricular y de incorporaci\u00f3n de diversas tecnolog\u00edas al espacio \u00e1ulico.<\/p>\n<p>Esta carrera articula con la <a href=\"https:\/\/www.sociales.unlz.edu.ar\/index.php\/especializacion-en-didactica-y-curriculum-2\/\">Especializaci\u00f3n en Did\u00e1ctica y Curriculum<\/a> y la <a href=\"https:\/\/www.sociales.unlz.edu.ar\/index.php\/especializacion-en-docencia-para-la-educacion-superior-2\/\">Especializaci\u00f3n en Docencia para la Educaci\u00f3n Superior<\/a><\/p>\n<p><strong>PERFIL DEL MAGISTER EN CURRICULUM<\/strong><\/p>\n<p>El egresado de la Maestr\u00eda en Curriculum deber\u00e1 contar con una profunda formaci\u00f3n te\u00f3rica, metodol\u00f3gica y t\u00e9cnica para la comprensi\u00f3n de los procesos pol\u00edtico pedag\u00f3gicos implicados en el campo del curr\u00edculum, as\u00ed como para el dise\u00f1o, la planificaci\u00f3n y la gesti\u00f3n estrat\u00e9gica de planes y proyectos donde se involucran herramientas y elementos constitutivos y relaciones vinculadas al dise\u00f1o, desarrollo y evaluaci\u00f3n del curr\u00edculum.<\/p>\n<p>En este marco, el egresado de esta Maestr\u00eda deber\u00e1 poseer:<\/p>\n<ul>\n<li>Conocimientos te\u00f3ricos, metodol\u00f3gicos y t\u00e9cnicos respecto del campo del curriculum con el objeto de comprender y participar de los debates acad\u00e9micos que acontecen en dicho campo.<\/li>\n<li>Destrezas en el manejo metodol\u00f3gico, t\u00e9cnico e instrumental de los procedimientos pertinentes a los procesos de dise\u00f1o, desarrollo y evaluaci\u00f3n curricular.<\/li>\n<li>Procedimientos y tecnolog\u00edas que le permitan apropiarse de los paradigmas y acceder en forma permanente al estado del arte en el campo curricular.<\/li>\n<li>Formaci\u00f3n te\u00f3rico-conceptual que le permita asumir la dimensi\u00f3n pol\u00edtica del rol t\u00e9cnico a desempe\u00f1ar en el campo curricular en la indagaci\u00f3n, la interpretaci\u00f3n y las propuestas de soluci\u00f3n a las problem\u00e1ticas del \u00e1rea.<\/li>\n<li>Comprensi\u00f3n de la pol\u00edtica curricular como pol\u00edtica p\u00fablica, atravesada por marcos regulatorios a nivel nacional, regional e internacional y por decisiones presupuestarias.<\/li>\n<li>Actitud cr\u00edtica y reflexiva para la elaboraci\u00f3n de propuestas orientadas a la definici\u00f3n de pol\u00edticas p\u00fablicas tendientes a la democratizaci\u00f3n del conocimiento, a la participaci\u00f3n ciudadana y que conduzcan a la transformaci\u00f3n social<\/li>\n<\/ul>\n<p><b>ALCANCES DEL T\u00cdTULO<\/b><\/p>\n<ul>\n<li>Participar en equipos para la definici\u00f3n y el desarrollo de pol\u00edticas curriculares entendidas como pol\u00edticas p\u00fablicas desde un posicionamiento que supere las escisiones entre teor\u00eda y pr\u00e1ctica, entre t\u00e9cnica y pol\u00edtica, y considere los aspectos presupuestarios.<\/li>\n<li>Gestionar las diferentes herramientas involucradas en los procesos de producci\u00f3n curricular, sus discursos, sus lenguajes, sus desarrollos te\u00f3ricos, metodol\u00f3gicos y tecnol\u00f3gicos atendiendo a los marcos regulatorios a nivel jurisdiccional, nacional, regional e internacional.<\/li>\n<li>Dise\u00f1ar estrategias de comunicaci\u00f3n que favorezcan procesos de democratizaci\u00f3n del curriculum permitiendo al conjunto de la ciudadan\u00eda el acceso a la informaci\u00f3n necesaria para asegurar el ejercicio del derecho a la educaci\u00f3n.<\/li>\n<li>Asesorar e integrar equipos interdisciplinarios de dise\u00f1o y gesti\u00f3n curricular de instituciones estatales y privadas.<\/li>\n<li>Formular diagn\u00f3sticos sobre las problem\u00e1ticas actuales de la educaci\u00f3n en general, y del campo curricular en particular.<\/li>\n<li>Dirigir equipos profesionales dentro del campo curricular en organizaciones sociales gubernamentales y no gubernamentales<\/li>\n<li>Participar en equipos de evaluaci\u00f3n de procesos de producci\u00f3n curricular desarrollados en diferentes instituciones y organismos a nivel local, jurisdiccional, nacional y regional.<\/li>\n<li>Los aspirantes a la carrera de Maestr\u00eda en Curriculum deber\u00e1n poseer t\u00edtulo de grado universitario de validez nacional de no menos de 4 (cuatro) a\u00f1os de duraci\u00f3n y deber\u00e1n acreditar desempe\u00f1o en docencia y\/o gesti\u00f3n, tanto en el sistema educativo como en otras instituciones que desarrollen procesos de formaci\u00f3n.<\/li>\n<\/ul>\n<p><strong>DESTINATARIOS<\/strong><\/p>\n<ul>\n<li>Profesionales de educaci\u00f3n y \u00e1reas afines con desempe\u00f1o efectivo en estos \u00e1mbitos, que deseen profundizar sus conocimientos y sus pr\u00e1cticas en el campo curricular.<\/li>\n<li>Profesionales con t\u00edtulo de grado de nivel superior de 4 a\u00f1os de duraci\u00f3n o m\u00e1s, con reconocimiento oficial y validez nacional, integrantes de partidos pol\u00edticos, organizaciones sociales, sindicatos que se encuentren trabajando en este campo.<\/li>\n<li>Docentes con t\u00edtulo de grado de nivel superior de 4 a\u00f1os de duraci\u00f3n o m\u00e1s, con reconocimiento oficial y validez nacional, que se est\u00e9n desempe\u00f1ando en instituciones estatales y privadas que deseen ampliar sus conocimientos en el campo curricular.<\/li>\n<\/ul>\n<h4><strong>Para informes e inscripci\u00f3n escribir a\u00a0<a href=\"mailto:posgrado@sociales.unlz.edu.ar\" target=\"_blank\" rel=\"noopener\">posgrado@sociales.unlz.edu.ar<\/a><\/strong><\/h4>\n<p>[\/vc_column_text][\/vc_column][\/vc_row][vc_row][vc_column width=&#8221;1\/3&#8243;]<div class=\"\"><a  id=\"btn-69dcee4a0402f\" class=\"btn btn-filled    btn-sm-sm\" href= \"https:\/\/www.sociales.unlz.edu.ar\/index.php\/2020\/02\/12\/plan-de-estudios-y-equipo-docente\/\" target=\"_self\" >Plan de Estudios y Equipo docente<\/a><\/div>[\/vc_column][vc_column width=&#8221;1\/3&#8243;]<div class=\"\"><a  id=\"btn-69dcee4a0405f\" class=\"btn btn-filled    btn-sm-sm\" href= \"https:\/\/www.sociales.unlz.edu.ar\/index.php\/2020\/02\/12\/modalidad-de-cursada-y-aranceles\/\" target=\"_self\" >Modalidad de cursada y aranceles<\/a><\/div>[\/vc_column][vc_column width=&#8221;1\/3&#8243;]<div class=\"\"><a  id=\"btn-69dcee4a04072\" class=\"btn btn-filled    btn-sm-sm\" href= \"https:\/\/www.sociales.unlz.edu.ar\/index.php\/2020\/02\/12\/proceso-de-admision\/\" target=\"_self\" >Proceso de admisi\u00f3n<\/a><\/div>[\/vc_column][\/vc_row]<\/p>\n","protected":false},"excerpt":{"rendered":"<p>[vc_row][vc_column width=&#8221;1\/3&#8243;][vc_single_image image=&#8221;15344&#8243; img_size=&#8221;medium&#8221; alignment=&#8221;center&#8221;][vc_column_text] Virtual [\/vc_column_text][\/vc_column][vc_column width=&#8221;1\/3&#8243;][vc_single_image image=&#8221;15342&#8243; img_size=&#8221;medium&#8221; alignment=&#8221;center&#8221;][vc_column_text] Marzo 2026 [\/vc_column_text][\/vc_column][vc_column width=&#8221;1\/3&#8243;][vc_single_image image=&#8221;17677&#8243;&#8230;<\/p>\n","protected":false},"author":8,"featured_media":15231,"parent":0,"menu_order":0,"comment_status":"closed","ping_status":"closed","template":"","meta":{"footnotes":""},"class_list":["post-10066","page","type-page","status-publish","has-post-thumbnail","hentry"],"_links":{"self":[{"href":"https:\/\/www.sociales.unlz.edu.ar\/index.php\/wp-json\/wp\/v2\/pages\/10066","targetHints":{"allow":["GET"]}}],"collection":[{"href":"https:\/\/www.sociales.unlz.edu.ar\/index.php\/wp-json\/wp\/v2\/pages"}],"about":[{"href":"https:\/\/www.sociales.unlz.edu.ar\/index.php\/wp-json\/wp\/v2\/types\/page"}],"author":[{"embeddable":true,"href":"https:\/\/www.sociales.unlz.edu.ar\/index.php\/wp-json\/wp\/v2\/users\/8"}],"replies":[{"embeddable":true,"href":"https:\/\/www.sociales.unlz.edu.ar\/index.php\/wp-json\/wp\/v2\/comments?post=10066"}],"version-history":[{"count":24,"href":"https:\/\/www.sociales.unlz.edu.ar\/index.php\/wp-json\/wp\/v2\/pages\/10066\/revisions"}],"predecessor-version":[{"id":25448,"href":"https:\/\/www.sociales.unlz.edu.ar\/index.php\/wp-json\/wp\/v2\/pages\/10066\/revisions\/25448"}],"wp:featuredmedia":[{"embeddable":true,"href":"https:\/\/www.sociales.unlz.edu.ar\/index.php\/wp-json\/wp\/v2\/media\/15231"}],"wp:attachment":[{"href":"https:\/\/www.sociales.unlz.edu.ar\/index.php\/wp-json\/wp\/v2\/media?parent=10066"}],"curies":[{"name":"wp","href":"https:\/\/api.w.org\/{rel}","templated":true}]}}